{"id":708105,"date":"2025-08-27T16:11:47","date_gmt":"2025-08-27T13:11:47","guid":{"rendered":"https:\/\/roveyayinevi.com.tr\/index.php\/urun\/gokyuzune-not\/"},"modified":"2026-02-03T02:28:10","modified_gmt":"2026-02-02T23:28:10","slug":"gokyuzune-not","status":"publish","type":"product","link":"https:\/\/roveyayinevi.com.tr\/index.php\/urun\/gokyuzune-not\/","title":{"rendered":"G\u00f6ky\u00fcz\u00fcne Not"},"content":{"rendered":"<p>Ne bal\u0131\u011f\u0131n yeri akvaryum ne ku\u015fun yeri kafes&#8230;Herkesin bir vatan\u0131 var benimki sensin&#8230;K\u00fc\u00e7\u00fck bir mucize istiyorum. Senin yan\u0131mda oldu\u011fun ve benim sadece sana ait oldu\u011fum bir mucize. \u0130kimiz i\u00e7in yaz\u0131lm\u0131\u015f ama ikimizin de okumad\u0131\u011f\u0131 bir kitap, bize birbirimizi anlatan ama dinlemeye korktu\u011fumuz bir \u015fark\u0131 ve hi\u00e7 bakmad\u0131\u011f\u0131m\u0131z ama i\u00e7inde sadece ikimizin oldu\u011fu bir foto\u011fraf olsun istiyorum.Senin hik\u00e2yende kendime bir yer ar\u0131yorum. Belki de ikimiz i\u00e7in yeni bir hik\u00e2ye yazmak istiyorum. Mutlu olsam da olmasam da bu benim hik\u00e2yem demek istiyorum. Bu d\u00fcnyada tek bir hayat ya\u015fayacaksak e\u011fer ve sonunda biten bizim hik\u00e2yemiz olacaksa ya\u015fad\u0131\u011f\u0131m\u0131z hik\u00e2ye de bize ait olmal\u0131&#8230;Bir sokak aras\u0131nda tuttun ellerimi, ki ben buna bile haz\u0131r de\u011fildim. G\u00f6zlerin g\u00f6zlerimdeydi. \u201c\u00d6mr\u00fcm\u00fc verece\u011fim kad\u0131n sen misin?\u201d der gibi bakt\u0131m. \u201cSen benim i\u00e7in yarat\u0131ld\u0131n\u201d dedin g\u00f6zlerinle. O sessizli\u011fin i\u00e7inde g\u00f6zlerimizle konu\u015ftu\u011fumuz ne varsa g\u00f6ky\u00fcz\u00fcne not olup u\u00e7tu ve biz bir mucizeye inan\u0131p sonsuz bir hik\u00e2ye olmak istedik. <\/p>\n","protected":false},"excerpt":{"rendered":"<p>Ne bal\u0131\u011f\u0131n yeri akvaryum ne ku\u015fun yeri kafes&#8230;Herkesin bir vatan\u0131 var benimki sensin&#8230;K\u00fc\u00e7\u00fck bir mucize istiyorum. Senin yan\u0131mda oldu\u011fun ve benim sadece sana ait oldu\u011fum bir<span class=\"excerpt-hellip\"> [\u2026]<\/span><\/p>\n","protected":false},"featured_media":0,"template":"","meta":{"_monsterinsights_skip_tracking":false,"_monsterinsights_sitenote_active":false,"_monsterinsights_sitenote_note":"","_monsterinsights_sitenote_category":0},"product_brand":[],"product_cat":[12291,12711],"product_tag":[],"class_list":{"0":"post-708105","1":"product","2":"type-product","3":"status-publish","5":"product_cat-edebiyat","6":"product_cat-roman-oyku","7":"pa_cilt-ciltsiz","8":"pa_tur-kitap","9":"pa_yayinevi-destek-yayinlari","10":"pa_yazar-ahmet-batman","12":"first","13":"instock","14":"sale","15":"shipping-taxable","16":"purchasable","17":"product-type-simple"},"_links":{"self":[{"href":"https:\/\/roveyayinevi.com.tr\/index.php\/wp-json\/wp\/v2\/product\/708105","targetHints":{"allow":["GET"]}}],"collection":[{"href":"https:\/\/roveyayinevi.com.tr\/index.php\/wp-json\/wp\/v2\/product"}],"about":[{"href":"https:\/\/roveyayinevi.com.tr\/index.php\/wp-json\/wp\/v2\/types\/product"}],"wp:attachment":[{"href":"https:\/\/roveyayinevi.com.tr\/index.php\/wp-json\/wp\/v2\/media?parent=708105"}],"wp:term":[{"taxonomy":"product_brand","embeddable":true,"href":"https:\/\/roveyayinevi.com.tr\/index.php\/wp-json\/wp\/v2\/product_brand?post=708105"},{"taxonomy":"product_cat","embeddable":true,"href":"https:\/\/roveyayinevi.com.tr\/index.php\/wp-json\/wp\/v2\/product_cat?post=708105"},{"taxonomy":"product_tag","embeddable":true,"href":"https:\/\/roveyayinevi.com.tr\/index.php\/wp-json\/wp\/v2\/product_tag?post=708105"}],"curies":[{"name":"wp","href":"https:\/\/api.w.org\/{rel}","templated":true}]}}