{"id":708104,"date":"2025-08-27T16:11:47","date_gmt":"2025-08-27T13:11:47","guid":{"rendered":"https:\/\/roveyayinevi.com.tr\/index.php\/urun\/oyunlar-ve-oyuncaklar\/"},"modified":"2025-11-22T04:03:15","modified_gmt":"2025-11-22T01:03:15","slug":"oyunlar-ve-oyuncaklar","status":"publish","type":"product","link":"https:\/\/roveyayinevi.com.tr\/index.php\/urun\/oyunlar-ve-oyuncaklar\/","title":{"rendered":"Oyunlar Ve Oyuncaklar"},"content":{"rendered":"<p>Oyun ve oyuncak bir\u00e7ok bilim dal\u0131n\u0131n ilgi alan\u0131na girer.Bunlar\u0131n ba\u015f\u0131nda antropoloji, sosyoloji, psikoloji,pedagoji, halkbilim gelir. Oyun ve oyuncak ayn\u0131 zamanda k\u00fclt\u00fcr tarihinin de \u00f6nemli bir \u00f6\u011fesidir. Oyunu ge\u00e7mi\u015fin ve bug\u00fcn\u00fcn ko\u015fullar\u0131nda kar\u015f\u0131la\u015ft\u0131rmal\u0131 olarak incelemek de g\u00fcncel bir e\u011filimdir. Prof. Dr. Bekir Onur&#8217;un bu \u00e7al\u0131\u015fmas\u0131 oyunu ve oyunca\u011f\u0131sosyal ve k\u00fclt\u00fcrel ba\u011flamda ve \u00f6zellikle tarihsel a\u00e7\u0131danincelemektedir.  Kitap, oyunu ve oyunca\u011f\u0131 sanat tarihi, bilim tarihi, e\u011fitim tarihi \u00e7er\u00e7evesinde de ele almaktad\u0131r. Bu ayr\u0131nt\u0131l\u0131 \u00e7al\u0131\u015fma, oyunca\u011f\u0131 m\u00fczelerba\u011flam\u0131nda da ele almas\u0131 ile m\u00fczecili\u011fe ve m\u00fcze e\u011fitiminede katk\u0131da bulunmaktad\u0131r. <\/p>\n","protected":false},"excerpt":{"rendered":"<p>Oyun ve oyuncak bir\u00e7ok bilim dal\u0131n\u0131n ilgi alan\u0131na girer.Bunlar\u0131n ba\u015f\u0131nda antropoloji, sosyoloji, psikoloji,pedagoji, halkbilim gelir. Oyun ve oyuncak ayn\u0131 zamanda k\u00fclt\u00fcr tarihinin de \u00f6nemli bir \u00f6\u011fesidir.<span class=\"excerpt-hellip\"> [\u2026]<\/span><\/p>\n","protected":false},"featured_media":0,"template":"","meta":{"_monsterinsights_skip_tracking":false,"_monsterinsights_sitenote_active":false,"_monsterinsights_sitenote_note":"","_monsterinsights_sitenote_category":0},"product_brand":[],"product_cat":[20039,13488],"product_tag":[],"class_list":{"0":"post-708104","1":"product","2":"type-product","3":"status-publish","5":"product_cat-kultur-tarihi","6":"product_cat-toplum-ve-insan","7":"pa_cilt-ciltsiz","8":"pa_tur-kitap","9":"pa_yayinevi-kalemkitap","10":"pa_yazar-bekir-onur","12":"first","13":"instock","14":"sale","15":"shipping-taxable","16":"purchasable","17":"product-type-simple"},"_links":{"self":[{"href":"https:\/\/roveyayinevi.com.tr\/index.php\/wp-json\/wp\/v2\/product\/708104","targetHints":{"allow":["GET"]}}],"collection":[{"href":"https:\/\/roveyayinevi.com.tr\/index.php\/wp-json\/wp\/v2\/product"}],"about":[{"href":"https:\/\/roveyayinevi.com.tr\/index.php\/wp-json\/wp\/v2\/types\/product"}],"wp:attachment":[{"href":"https:\/\/roveyayinevi.com.tr\/index.php\/wp-json\/wp\/v2\/media?parent=708104"}],"wp:term":[{"taxonomy":"product_brand","embeddable":true,"href":"https:\/\/roveyayinevi.com.tr\/index.php\/wp-json\/wp\/v2\/product_brand?post=708104"},{"taxonomy":"product_cat","embeddable":true,"href":"https:\/\/roveyayinevi.com.tr\/index.php\/wp-json\/wp\/v2\/product_cat?post=708104"},{"taxonomy":"product_tag","embeddable":true,"href":"https:\/\/roveyayinevi.com.tr\/index.php\/wp-json\/wp\/v2\/product_tag?post=708104"}],"curies":[{"name":"wp","href":"https:\/\/api.w.org\/{rel}","templated":true}]}}