{"id":708102,"date":"2025-08-27T16:11:46","date_gmt":"2025-08-27T13:11:46","guid":{"rendered":"https:\/\/roveyayinevi.com.tr\/index.php\/urun\/yuksekogretimde-egitim-programi-gelistirme\/"},"modified":"2026-04-07T02:23:28","modified_gmt":"2026-04-06T23:23:28","slug":"yuksekogretimde-egitim-programi-gelistirme","status":"publish","type":"product","link":"https:\/\/roveyayinevi.com.tr\/index.php\/urun\/yuksekogretimde-egitim-programi-gelistirme\/","title":{"rendered":"Y\u00fcksek\u00f6\u011fretimde E\u011fitim Program\u0131 Geli\u015ftirme"},"content":{"rendered":"<p>&#8221;\u00d6\u011fretim \u00dcyeleri taraf\u0131ndan y\u00fcr\u00fct\u00fclen s\u00fcre\u00e7ler ve uygulamalar&#8221; Serinin bu say\u0131s\u0131, Kanada Y\u00fcksek\u00f6\u011fretim sisteminde yer alan \u00fcniversite,fak\u00fclte,b\u00f6l\u00fcm ve \u00f6\u011frenme \u00f6\u011fretme merkezlerinde bir dizi e\u011fitim program\u0131 de\u011ferlendirme ve geli\u015ftirme s\u00fcre\u00e7lerindeki uygulamalara ve bu uygulamalardan \u00e7\u0131kar\u0131lan derslere odaklanmaktad\u0131r. &#8221;\u00d6\u011frenme-\u00f6\u011fretme merkezi&#8221;, &#8221;\u00f6\u011fretimi m\u00fckemmelle\u015ftirme merkezi&#8221; program geli\u015ftirme ve ve \u00f6\u011frenme merkezi \u015feklinde farkl\u0131 bi\u00e7imlerde adland\u0131r\u0131lan bu birimin en temel amac\u0131,\u00f6\u011fretimin etkilili\u011fini art\u0131rarak \u00f6\u011frenmeyi nitelikli hale getirmektir. <\/p>\n","protected":false},"excerpt":{"rendered":"<p>&#8221;\u00d6\u011fretim \u00dcyeleri taraf\u0131ndan y\u00fcr\u00fct\u00fclen s\u00fcre\u00e7ler ve uygulamalar&#8221; Serinin bu say\u0131s\u0131, Kanada Y\u00fcksek\u00f6\u011fretim sisteminde yer alan \u00fcniversite,fak\u00fclte,b\u00f6l\u00fcm ve \u00f6\u011frenme \u00f6\u011fretme merkezlerinde bir dizi e\u011fitim program\u0131 de\u011ferlendirme ve<span class=\"excerpt-hellip\"> [\u2026]<\/span><\/p>\n","protected":false},"featured_media":0,"template":"","meta":{"_monsterinsights_skip_tracking":false,"_monsterinsights_sitenote_active":false,"_monsterinsights_sitenote_note":"","_monsterinsights_sitenote_category":0},"product_brand":[],"product_cat":[12566],"product_tag":[],"class_list":{"0":"post-708102","1":"product","2":"type-product","3":"status-publish","5":"product_cat-egitim","6":"pa_cilt-ciltsiz","7":"pa_tur-kitap","8":"pa_yayinevi-edge-akademi","9":"pa_yazar-peter-wolf","11":"first","12":"instock","13":"sale","14":"shipping-taxable","15":"purchasable","16":"product-type-simple"},"_links":{"self":[{"href":"https:\/\/roveyayinevi.com.tr\/index.php\/wp-json\/wp\/v2\/product\/708102","targetHints":{"allow":["GET"]}}],"collection":[{"href":"https:\/\/roveyayinevi.com.tr\/index.php\/wp-json\/wp\/v2\/product"}],"about":[{"href":"https:\/\/roveyayinevi.com.tr\/index.php\/wp-json\/wp\/v2\/types\/product"}],"wp:attachment":[{"href":"https:\/\/roveyayinevi.com.tr\/index.php\/wp-json\/wp\/v2\/media?parent=708102"}],"wp:term":[{"taxonomy":"product_brand","embeddable":true,"href":"https:\/\/roveyayinevi.com.tr\/index.php\/wp-json\/wp\/v2\/product_brand?post=708102"},{"taxonomy":"product_cat","embeddable":true,"href":"https:\/\/roveyayinevi.com.tr\/index.php\/wp-json\/wp\/v2\/product_cat?post=708102"},{"taxonomy":"product_tag","embeddable":true,"href":"https:\/\/roveyayinevi.com.tr\/index.php\/wp-json\/wp\/v2\/product_tag?post=708102"}],"curies":[{"name":"wp","href":"https:\/\/api.w.org\/{rel}","templated":true}]}}