{"id":708099,"date":"2025-08-27T16:11:45","date_gmt":"2025-08-27T13:11:45","guid":{"rendered":"https:\/\/roveyayinevi.com.tr\/index.php\/urun\/kureysler-baraji-kurtarma-kazilari-2014\/"},"modified":"2026-04-16T02:16:46","modified_gmt":"2026-04-15T23:16:46","slug":"kureysler-baraji-kurtarma-kazilari-2014","status":"publish","type":"product","link":"https:\/\/roveyayinevi.com.tr\/index.php\/urun\/kureysler-baraji-kurtarma-kazilari-2014\/","title":{"rendered":"Kurey\u015fler Baraj\u0131 Kurtarma Kaz\u0131lar\u0131 2014"},"content":{"rendered":"<p>K\u00fctayha M\u00fczesi M\u00fcd\u00fcrl\u00fc\u011f\u00fcm\u00fczce ger\u00f6ekle\u015ftirilen ve Kurey\u015fler Baraj\u0131 Kurtarma Kaz\u0131lar\u0131&#8217;n\u0131n ba\u015flang\u0131c\u0131n\u0131 te\u015fkil eden 2014 y\u0131l\u0131 \u00e7al\u0131\u015fmalar\u0131nda ula\u015f\u0131lan bilimsel verilerin topland\u0131\u011f\u0131 bu kitap, \u00fcniversitelerimizin k\u0131ymetli ve \u00e7al\u0131\u015fkan akademisyenlerinin de katk\u0131lar\u0131yla, kaz\u0131 ekip \u00fcyelerimizin gayretleri sonucunda k\u0131sa s\u00fcrede ortaya koyduklar\u0131 bir neticedir. Kitapta, ele ge\u00e7en buluntulardan sadece kemik eserler yer almamaktad\u0131r. bu buluntu grubu da 2015 y\u0131l\u0131 kitab\u0131nda birle\u015ftirilerek yay\u0131nlanacakt\u0131r. Bunun d\u0131\u015f\u0131nda, ele ge\u00e7en buluntular\u0131n t\u00fcm\u00fc ncelenmi\u015f olup, 2015 ve 2016 y\u0131llar\u0131nda ger\u00e7ekle\u015ftirilecek kaz\u0131 \u00e7al\u0131\u015fmalar\u0131n\u0131n neticeleri de vakit kaybetmeksizin bilim d\u00fcnyas\u0131 ile payla\u015f\u0131lacakt\u0131r <\/p>\n","protected":false},"excerpt":{"rendered":"<p>K\u00fctayha M\u00fczesi M\u00fcd\u00fcrl\u00fc\u011f\u00fcm\u00fczce ger\u00f6ekle\u015ftirilen ve Kurey\u015fler Baraj\u0131 Kurtarma Kaz\u0131lar\u0131&#8217;n\u0131n ba\u015flang\u0131c\u0131n\u0131 te\u015fkil eden 2014 y\u0131l\u0131 \u00e7al\u0131\u015fmalar\u0131nda ula\u015f\u0131lan bilimsel verilerin topland\u0131\u011f\u0131 bu kitap, \u00fcniversitelerimizin k\u0131ymetli ve \u00e7al\u0131\u015fkan akademisyenlerinin<span class=\"excerpt-hellip\"> [\u2026]<\/span><\/p>\n","protected":false},"featured_media":0,"template":"","meta":{"_monsterinsights_skip_tracking":false,"_monsterinsights_sitenote_active":false,"_monsterinsights_sitenote_note":"","_monsterinsights_sitenote_category":0},"product_brand":[],"product_cat":[12408,14197],"product_tag":[],"class_list":{"0":"post-708099","1":"product","2":"type-product","3":"status-publish","5":"product_cat-sanat","6":"product_cat-sanat-tarihi","7":"pa_cilt-ciltsiz","8":"pa_tur-kitap","9":"pa_yayinevi-bilgin-kultur-sanat","10":"pa_yazar-tuzun-metin-turk","12":"first","13":"instock","14":"sale","15":"shipping-taxable","16":"purchasable","17":"product-type-simple"},"_links":{"self":[{"href":"https:\/\/roveyayinevi.com.tr\/index.php\/wp-json\/wp\/v2\/product\/708099","targetHints":{"allow":["GET"]}}],"collection":[{"href":"https:\/\/roveyayinevi.com.tr\/index.php\/wp-json\/wp\/v2\/product"}],"about":[{"href":"https:\/\/roveyayinevi.com.tr\/index.php\/wp-json\/wp\/v2\/types\/product"}],"wp:attachment":[{"href":"https:\/\/roveyayinevi.com.tr\/index.php\/wp-json\/wp\/v2\/media?parent=708099"}],"wp:term":[{"taxonomy":"product_brand","embeddable":true,"href":"https:\/\/roveyayinevi.com.tr\/index.php\/wp-json\/wp\/v2\/product_brand?post=708099"},{"taxonomy":"product_cat","embeddable":true,"href":"https:\/\/roveyayinevi.com.tr\/index.php\/wp-json\/wp\/v2\/product_cat?post=708099"},{"taxonomy":"product_tag","embeddable":true,"href":"https:\/\/roveyayinevi.com.tr\/index.php\/wp-json\/wp\/v2\/product_tag?post=708099"}],"curies":[{"name":"wp","href":"https:\/\/api.w.org\/{rel}","templated":true}]}}