{"id":708097,"date":"2025-08-27T16:11:44","date_gmt":"2025-08-27T13:11:44","guid":{"rendered":"https:\/\/roveyayinevi.com.tr\/index.php\/urun\/tasmasor\/"},"modified":"2025-08-31T14:55:33","modified_gmt":"2025-08-31T11:55:33","slug":"tasmasor","status":"publish","type":"product","link":"https:\/\/roveyayinevi.com.tr\/index.php\/urun\/tasmasor\/","title":{"rendered":"Tasmasor"},"content":{"rendered":"<p>Bu \u00e7al\u0131\u015fma, Bak\u00fc-Tiflis-Ceyhan Ham Petrol Boru Hatt\u0131 Arkeolojik Kurtarma Kaz\u0131lan Projesi \u00e7er\u00e7evesinde, Erzurum \u0130li, Merkez \u0130l\u00e7esi, \u00c7ay\u0131rtepe (M\u00fcd\u00fcrge) K\u00f6y\u00fc&#8217;n\u00fcn 1.5 km do\u011fusunda bulunan Tasmasor&#8217;da 3 Temmuz &#8211; 20 Kas\u0131m 2003 tarihleri aras\u0131nda Gazi \u00dcniversitesi Arkeolojik \u00c7evre De\u011ferleri Ara\u015ft\u0131rma Merkezi (G\u00dc-AR\u00c7ED) taraf\u0131ndan ger\u00e7ek\u00acle\u015ftirilen kurtarma kaz\u0131lar\u0131n\u0131n bilimsel sonu\u00e7lar\u0131n\u0131 i\u00e7ermektedir. Tasmasor&#8217;da, BTC Ham Petrol Boru Hatt\u0131 Projesi Temel ve Detay M\u00fchendislik A\u015famas\u0131 \u00e7al\u0131\u015fmalar\u0131 kapsam\u0131nda, 2001 ve 2002 y\u0131llar\u0131nda Orta Do\u011fu Teknik \u00dcniversitesi Tarihsel \u00c7evre De\u011ferlerini Ara\u015ft\u0131rma ve Uygulama Merkezi (ODT\u00dc-TA\u00c7DAM) ve Gazi \u00dcniversitesi Arkeolojik Miras Y\u00f6netim ve Y\u00fcr\u00fctme \u00dcnitesi taraf\u0131ndan y\u00fczey ara\u015fnrmalar\u0131 yap\u0131lm\u0131\u015ft\u0131r. Y\u00fczey ara\u015ft\u0131rmalarmdan sonra, teknik zorunluluklar nedeniyle g\u00fczergah de\u011fi\u015fikli\u011fi yap\u0131lamad\u0131\u011f\u0131ndan Tasmasor&#8217;da kurtarma kaz\u0131s\u0131 yap\u0131lmas\u0131 gere\u011fi ortaya \u00e7\u0131km\u0131\u015ft\u0131r. <\/p>\n","protected":false},"excerpt":{"rendered":"<p>Bu \u00e7al\u0131\u015fma, Bak\u00fc-Tiflis-Ceyhan Ham Petrol Boru Hatt\u0131 Arkeolojik Kurtarma Kaz\u0131lan Projesi \u00e7er\u00e7evesinde, Erzurum \u0130li, Merkez \u0130l\u00e7esi, \u00c7ay\u0131rtepe (M\u00fcd\u00fcrge) K\u00f6y\u00fc&#8217;n\u00fcn 1.5 km do\u011fusunda bulunan Tasmasor&#8217;da 3 Temmuz<span class=\"excerpt-hellip\"> [\u2026]<\/span><\/p>\n","protected":false},"featured_media":0,"template":"","meta":{"_monsterinsights_skip_tracking":false,"_monsterinsights_sitenote_active":false,"_monsterinsights_sitenote_note":"","_monsterinsights_sitenote_category":0},"product_brand":[],"product_cat":[12408],"product_tag":[],"class_list":{"0":"post-708097","1":"product","2":"type-product","3":"status-publish","5":"product_cat-sanat","6":"pa_cilt-ciltsiz","7":"pa_tur-kitap","8":"pa_yayinevi-bilgin-kultur-sanat","9":"pa_yazar-s-yucel-senyurt","11":"first","12":"instock","13":"sale","14":"shipping-taxable","15":"purchasable","16":"product-type-simple"},"_links":{"self":[{"href":"https:\/\/roveyayinevi.com.tr\/index.php\/wp-json\/wp\/v2\/product\/708097","targetHints":{"allow":["GET"]}}],"collection":[{"href":"https:\/\/roveyayinevi.com.tr\/index.php\/wp-json\/wp\/v2\/product"}],"about":[{"href":"https:\/\/roveyayinevi.com.tr\/index.php\/wp-json\/wp\/v2\/types\/product"}],"wp:attachment":[{"href":"https:\/\/roveyayinevi.com.tr\/index.php\/wp-json\/wp\/v2\/media?parent=708097"}],"wp:term":[{"taxonomy":"product_brand","embeddable":true,"href":"https:\/\/roveyayinevi.com.tr\/index.php\/wp-json\/wp\/v2\/product_brand?post=708097"},{"taxonomy":"product_cat","embeddable":true,"href":"https:\/\/roveyayinevi.com.tr\/index.php\/wp-json\/wp\/v2\/product_cat?post=708097"},{"taxonomy":"product_tag","embeddable":true,"href":"https:\/\/roveyayinevi.com.tr\/index.php\/wp-json\/wp\/v2\/product_tag?post=708097"}],"curies":[{"name":"wp","href":"https:\/\/api.w.org\/{rel}","templated":true}]}}