{"id":708094,"date":"2025-08-27T16:11:43","date_gmt":"2025-08-27T13:11:43","guid":{"rendered":"https:\/\/roveyayinevi.com.tr\/index.php\/urun\/lykia-da-gun-yuzune-yeni-cikartilan-rhodiapolis-ti\/"},"modified":"2026-04-16T02:16:46","modified_gmt":"2026-04-15T23:16:46","slug":"lykia-da-gun-yuzune-yeni-cikartilan-rhodiapolis-ti","status":"publish","type":"product","link":"https:\/\/roveyayinevi.com.tr\/index.php\/urun\/lykia-da-gun-yuzune-yeni-cikartilan-rhodiapolis-ti\/","title":{"rendered":"Lykia Da G\u00fcn Y\u00fcz\u00fcne Yeni \u00c7\u0131kart\u0131lan Rhodiapolis Ti"},"content":{"rendered":"<p>2006 y\u0131l\u0131nda Rhodiapolis kaz\u0131lar\u0131 kapsam\u0131nda ba\u015flayan \u00e7al\u0131\u015fmalar, tiyatronun 4 y\u0131l s\u00fcren kaz\u0131lar\u0131n\u0131n ard\u0131ndan tamamen toprak alt\u0131ndan g\u00fcn y\u00fcz\u00fcne \u00e7\u0131kart\u0131lmas\u0131yla sonu\u00e7lanm\u0131\u015ft\u0131r. Rhodiapolis kentinin tarihi ve d\u00f6nemsel yap\u0131la\u015fmas\u0131 incelenmi\u015ftir. <\/p>\n","protected":false},"excerpt":{"rendered":"<p>2006 y\u0131l\u0131nda Rhodiapolis kaz\u0131lar\u0131 kapsam\u0131nda ba\u015flayan \u00e7al\u0131\u015fmalar, tiyatronun 4 y\u0131l s\u00fcren kaz\u0131lar\u0131n\u0131n ard\u0131ndan tamamen toprak alt\u0131ndan g\u00fcn y\u00fcz\u00fcne \u00e7\u0131kart\u0131lmas\u0131yla sonu\u00e7lanm\u0131\u015ft\u0131r. Rhodiapolis kentinin tarihi ve d\u00f6nemsel yap\u0131la\u015fmas\u0131<span class=\"excerpt-hellip\"> [\u2026]<\/span><\/p>\n","protected":false},"featured_media":0,"template":"","meta":{"_monsterinsights_skip_tracking":false,"_monsterinsights_sitenote_active":false,"_monsterinsights_sitenote_note":"","_monsterinsights_sitenote_category":0},"product_brand":[],"product_cat":[13021,12408],"product_tag":[],"class_list":{"0":"post-708094","1":"product","2":"type-product","3":"status-publish","5":"product_cat-sahne-sanatlari","6":"product_cat-sanat","7":"pa_cilt-ciltsiz","8":"pa_tur-kitap","9":"pa_yayinevi-bilgin-kultur-sanat","10":"pa_yazar-banu-ozdulek","12":"first","13":"instock","14":"sale","15":"shipping-taxable","16":"purchasable","17":"product-type-simple"},"_links":{"self":[{"href":"https:\/\/roveyayinevi.com.tr\/index.php\/wp-json\/wp\/v2\/product\/708094","targetHints":{"allow":["GET"]}}],"collection":[{"href":"https:\/\/roveyayinevi.com.tr\/index.php\/wp-json\/wp\/v2\/product"}],"about":[{"href":"https:\/\/roveyayinevi.com.tr\/index.php\/wp-json\/wp\/v2\/types\/product"}],"wp:attachment":[{"href":"https:\/\/roveyayinevi.com.tr\/index.php\/wp-json\/wp\/v2\/media?parent=708094"}],"wp:term":[{"taxonomy":"product_brand","embeddable":true,"href":"https:\/\/roveyayinevi.com.tr\/index.php\/wp-json\/wp\/v2\/product_brand?post=708094"},{"taxonomy":"product_cat","embeddable":true,"href":"https:\/\/roveyayinevi.com.tr\/index.php\/wp-json\/wp\/v2\/product_cat?post=708094"},{"taxonomy":"product_tag","embeddable":true,"href":"https:\/\/roveyayinevi.com.tr\/index.php\/wp-json\/wp\/v2\/product_tag?post=708094"}],"curies":[{"name":"wp","href":"https:\/\/api.w.org\/{rel}","templated":true}]}}