{"id":708093,"date":"2025-08-27T16:11:42","date_gmt":"2025-08-27T13:11:42","guid":{"rendered":"https:\/\/roveyayinevi.com.tr\/index.php\/urun\/orhan-bingole-67-yas-armagani\/"},"modified":"2026-04-16T02:16:46","modified_gmt":"2026-04-15T23:16:46","slug":"orhan-bingole-67-yas-armagani","status":"publish","type":"product","link":"https:\/\/roveyayinevi.com.tr\/index.php\/urun\/orhan-bingole-67-yas-armagani\/","title":{"rendered":"Orhan Bing\u00f6le 67.Ya\u015f Arma\u011fan\u0131"},"content":{"rendered":"<p>Albustanl\u0131o\u011flu, Tulga \/ \u0130mparatorluk Mermer Ocaklar\u0131nda Kar\u015f\u0131la\u015f\u0131lan \u201cR\u201d, \u201cRma\u201d ve \u201cVfr\u201d K\u0131saltmalar\u0131n\u0131n Ocak Organizasyonundaki YeriAybek, Serdar &#8211; Ayg\u00fcn Ekin-Meri\u00e7 \/ The Recent Context and Revising for Dating Proposal of Metropolis StoaBaran, Abdulkadir \/ A New Aeolic Style Pilaster Capital from KariaBarbet, Alix \/ Un Tombeau Peint Pal\u00e9ochr\u00e9tien \u00c0 \u0130znik Permanence et Changements dans la Peinture Romaine en Turquie\u00c7etin, Cengiz \/ Arkeolojik Kaz\u0131 Alan\u0131nda \u00d6nleyici KorumaDelemen, \u0130nci \/ Perge\u2019den Pergamon Tipinde Harap bir Herme: Ta\u015f\u0131n \u00d6mr\u00fcDemirta\u015f, M. Baki \/ Magnesia Artemis Tap\u0131na\u011f\u0131 Di\u015f S\u0131ras\u0131 ve \u2018Alt\u0131n Oran\u2019Dreyer, Boris \/ Das Stadion, die Sitzinschriften und die Gesellschaft von Magnesia am M\u00e4anderEskici, Bekir \/ Arkeolojik ve Sanat Eserlerinin Korunmas\u0131nda Temizli\u011fin \u00d6nemi ve Lazer Teknolojisi \u00dczerineFavro, Diane \/ Off the Grid: Resisting, Adjusting and Reenvisioning the Roman Orthogonal Urban PlanFenn, Nina \/ Ein Festlich Dekoriertes Trinkgef\u00e4\u00df aus PrieneGen\u00e7ler-G\u00fcray, \u00c7i\u011fdem \/ Menderes Magnesias\u0131 Theatron Kaz\u0131s\u0131 Cam Buluntular\u0131Graeve, Volkmar Von \/ Zum Archaischen Giebelschmuck aus dem Aphroditeheiligtum in Milet. Eine Erg\u00e4nzungHueber, Friedmund \/ Anastylosis Is a Seriously Necessary Method of Research an Presentation at Sites Where Collapsed Buildings are ExcavatedI\u015f\u0131k, Fahri \/ Zur Anatolischen DemeterKad\u0131o\u011flu, Musa \/ Anazarbos Zafer Tak\u0131: Restit\u00fcsyon ve Tarihleme \u00d6nerisiKarlsson, Lars \/ The Building Techniques In the Fortification Towers of LabraundaVolker K\u00e4stner \/ Die Cellamauern des Artemistempels von Magnes\u0131a am M\u00e4anderK\u00f6kdemir, G\u00f6rkem \/ Some Egyptian Influences on the Temple of Artemis in Magnesia on the MeanderMarca, Antonio La \/ Kyme Hellenistik Sur Duvar\u0131Ladst\u00e4tter, Sabine \/ Thymiaterien der J\u00fcngeren R\u00f6mischen Kaiserzeit aus Ephesos <\/p>\n","protected":false},"excerpt":{"rendered":"<p>Albustanl\u0131o\u011flu, Tulga \/ \u0130mparatorluk Mermer Ocaklar\u0131nda Kar\u015f\u0131la\u015f\u0131lan \u201cR\u201d, \u201cRma\u201d ve \u201cVfr\u201d K\u0131saltmalar\u0131n\u0131n Ocak Organizasyonundaki YeriAybek, Serdar &#8211; Ayg\u00fcn Ekin-Meri\u00e7 \/ The Recent Context and Revising for<span class=\"excerpt-hellip\"> [\u2026]<\/span><\/p>\n","protected":false},"featured_media":0,"template":"","meta":{"_monsterinsights_skip_tracking":false,"_monsterinsights_sitenote_active":false,"_monsterinsights_sitenote_note":"","_monsterinsights_sitenote_category":0},"product_brand":[],"product_cat":[12408],"product_tag":[],"class_list":{"0":"post-708093","1":"product","2":"type-product","3":"status-publish","5":"product_cat-sanat","6":"pa_cilt-ciltsiz","7":"pa_tur-kitap","8":"pa_yayinevi-bilgin-kultur-sanat","9":"pa_yazar-gorkem-kokdemir","11":"first","12":"instock","13":"sale","14":"shipping-taxable","15":"purchasable","16":"product-type-simple"},"_links":{"self":[{"href":"https:\/\/roveyayinevi.com.tr\/index.php\/wp-json\/wp\/v2\/product\/708093","targetHints":{"allow":["GET"]}}],"collection":[{"href":"https:\/\/roveyayinevi.com.tr\/index.php\/wp-json\/wp\/v2\/product"}],"about":[{"href":"https:\/\/roveyayinevi.com.tr\/index.php\/wp-json\/wp\/v2\/types\/product"}],"wp:attachment":[{"href":"https:\/\/roveyayinevi.com.tr\/index.php\/wp-json\/wp\/v2\/media?parent=708093"}],"wp:term":[{"taxonomy":"product_brand","embeddable":true,"href":"https:\/\/roveyayinevi.com.tr\/index.php\/wp-json\/wp\/v2\/product_brand?post=708093"},{"taxonomy":"product_cat","embeddable":true,"href":"https:\/\/roveyayinevi.com.tr\/index.php\/wp-json\/wp\/v2\/product_cat?post=708093"},{"taxonomy":"product_tag","embeddable":true,"href":"https:\/\/roveyayinevi.com.tr\/index.php\/wp-json\/wp\/v2\/product_tag?post=708093"}],"curies":[{"name":"wp","href":"https:\/\/api.w.org\/{rel}","templated":true}]}}