{"id":708091,"date":"2025-08-27T16:11:42","date_gmt":"2025-08-27T13:11:42","guid":{"rendered":"https:\/\/roveyayinevi.com.tr\/index.php\/urun\/anadolunun-zirvesinde-turk-arkeolojisinin-40-yili\/"},"modified":"2026-04-16T02:16:46","modified_gmt":"2026-04-15T23:16:46","slug":"anadolunun-zirvesinde-turk-arkeolojisinin-40-yili","status":"publish","type":"product","link":"https:\/\/roveyayinevi.com.tr\/index.php\/urun\/anadolunun-zirvesinde-turk-arkeolojisinin-40-yili\/","title":{"rendered":"Anadolunun Zirvesinde T\u00fcrk Arkeolojisinin 40 Y\u0131l\u0131"},"content":{"rendered":"<p>\u0130\u00e7indekiler: \u00d6ns\u00f6zler Ko\u00e7ak, Hikmet (Atat\u00fcrk \u00dcniversitesi Rekt\u00f6r\u00fc) D\u00fczg\u00fcn, Dilaver (Edebiyat Fak\u00fcltesi Dekan\u0131)Karaosmano\u011flu, Mehmet (Arkeoloji B\u00f6l\u00fcm\u00fc Ba\u015fkan\u0131 Sunu\u015f: Kasapo\u011flu, Hasan &amp; Mehmet Ali Y\u0131lmaz Kaz\u0131 \u00c7al\u0131\u015fmalar\u0131: Bak\u0131r, Tomris \/ Kalek\u00f6y Kaz\u0131lar\u0131 1978-1981 Yaylal\u0131, Abdullah ? Vecihi \u00d6zkaya ? Nurettin \u00d6zt\u00fcrk \/ Kyzikos \u0130lk D\u00f6nem Kaz\u0131lar\u0131 Ko\u00e7han, Nurettin \/ Sos H\u00f6y\u00fck 1987 Y\u0131l\u0131 Kaz\u0131 \u00c7al\u0131\u015fmalar\u0131 G\u00fcndo\u011fdu, Hamza \/ Do\u011fubayaz\u0131t \u0130shak Pa\u015fa Saray\u0131 Kaz\u0131lar\u0131 1994-1996 Ba\u015faran, Cevat ? B\u00fc\u015fra Elif Kasapo\u011flu \/ 1995 Y\u0131l\u0131 Skepsis A\u015fa\u011f\u0131 Kent ve Nekropolisi Kurtarma Kaz\u0131s\u0131 \u00dczerine Yeni De\u011ferlendirmeler I\u015f\u0131kl\u0131, Mehmet ? Mustafa Erkmen ? G\u00fcl\u015fah Altunkaynak \/ 2002 Y\u0131l\u0131 Pulur Sondaj\u0131 Karaosmano\u011flu, Mehmet ? Halim Korucu ? Mehmet Ali Y\u0131lmaz \/ Alt\u0131ntepe Urartu Kalesi Kaz\u0131 ve Onar\u0131m \u00c7al\u0131\u015fmalar\u0131 2003-2013 Ba\u015faran, Cevat \/ ParionKaz\u0131 ve Sondaj \u00c7al\u0131\u015fmalar\u0131 2005-2013 Ba\u015faran, Cevat ? B\u00fc\u015fra Elif Kasapo\u011flu \/ Parion G\u00fcney Nekropolisi 2005-2013 Erg\u00fcrer, Ertu\u011f ? Mustafa Y\u0131ld\u0131zl\u0131 \/ Parion Roma Tiyatrosu 2006-2013 Kele\u015f, Vedat ? Alper Y\u0131lmaz \/ Parion Roma Hamam\u0131 2006-2013 Kele\u015f, Vedat ? Ersin \u00c7elikba\u015f \/ Parion Yama\u00e7 Yap\u0131s\u0131 2008-2013 Ba\u015faran, Cevat ? Hasan Kasapo\u011flu \/ Parion Odeionu 2010-2013 \u00d6zt\u00fcrk, Nurettin ? Berna Kavaz ? Gencay G\u00fclo\u011flu ? M. Kayhan Murat \/ Zeytinliada Meryemana Manast\u0131r\u0131 Ko\u00e7han, Nurettin ? Korkmaz Meral \/ \u0130kinci D\u00f6nem Kyzikos Kaz\u0131lar\u0131 2006-2013 Meral, Korkmaz ? Ahmet C\u00fcneydi Has \/ Kyzikos Kenti Sur Duvarlar\u0131 ve Limanlar\u0131 Kele\u015f, Vedat ? Ersin \u00c7elikba\u015f ? Alper Y\u0131lmaz \/ Paphlagonia Hadrianaupolis&#8217;i Yurtta\u015f, H\u00fcseyin ? Haldun \u00d6zkan ? Zerrin K\u00f6\u015fkl\u00fc-Muhammet L\u00fctf\u00fc K\u0131nd\u0131\u011f\u0131l\u0131 \/ Kemah Kalesi Kaz\u0131lar\u0131 2011-2012 \u00c7ilingiro\u011flu, Altan A. ? Mehmet I\u015f\u0131kl\u0131 \/ 25. Y\u0131l\u0131nda Ayanis Kalesi Kaz\u0131lar\u0131-D\u00fcn, Bug\u00fcn ve Gelecek D&#8217;alfonzo, Lorenzo ? Hatice Erg\u00fcrer \/ G\u00fcney Kapadokya&#8217;da Demir \u00c7a\u011f\u0131&#8217;na I\u015f\u0131k Tutacak Bir Arkeolojik Yerle\u015fimin Ke\u015ffi: K\u0131n\u0131k H\u00f6y\u00fck Czichon, Rainer M. ? Mehmet Ali Y\u0131lmaz \/ Vezirk\u00f6pr\u00fc\/Oymaa\u011fa\u00e7 (Nerik?) Projesi Can, Birol ? Nihat Erdo\u011fan \/ Dara, Bizans-Sasani S\u0131n\u0131r\u0131nda Bir Garnizon Kenti ve Kaz\u0131lar\u0131 Can, Birol ? Michael Hoff \/ Ant\u0131ochia Ad Cragum, Bat\u0131 Da\u011fl\u0131k Kilikya&#8217;da Bir Roma Kenti ve Kaz\u0131lar\u0131 Y\u00fczey Ara\u015ft\u0131rmalar\u0131 Ko\u00e7han, Nurettin \/ Kyzikos 1989-1996 Kaz\u0131 D\u00f6nemi Y\u00fczey Ara\u015ft\u0131rmalar\u0131 \u00d6zkaya, Vecihi \/ Erzurum\/Horasan Ali\u00e7eyrek K\u00f6y\u00fc Arkeolojik Kal\u0131nt\u0131lar\u0131 Ba\u015faran, Cevat \/ 1997, 1999 ve 2002 Y\u0131llar\u0131 Kuzey Troas B\u00f6lgesi Y\u00fczey Ara\u015ft\u0131rmalar\u0131 Karaosmano\u011flu, Mehmet ? Mehmet I\u015f\u0131kl\u0131 ? Rabia Akarsu \/ Erzurum ve Pasinler Ovalar\u0131 Y\u00fczey Ara\u015ft\u0131rmas\u0131 \u00c7al\u0131\u015fmalar\u0131 Tavuk\u00e7u, Ali Yal\u00e7\u0131n ? Zerrin Ayd\u0131n Tavuk\u00e7u \/ Bozcaada ? Tenedos Ara\u015ft\u0131rmalar\u0131: Sonu\u00e7 Bayhan, Ahmet Ali \/ Y\u00fczey Ara\u015ft\u0131rmalar\u0131 (2000-2004)I\u015f\u0131\u011f\u0131nda Orta\u00e7a\u011f ve Sonras\u0131nda Ad\u0131yaman&#8217;\u0131n Mimari Miras\u0131n\u0131n Genel Bir De\u011ferlendirmesi Karaosmano\u011flu, Mehmet ? Mehmet I\u015f\u0131kl\u0131 ? Ey\u00fcp Caner \/ Erzincan-Alt\u0131ntepe ve \u00c7evresi Y\u00fczey Ara\u015ft\u0131rmalar\u0131 \u00c7i\u011fdem, S\u00fcleyman ? H\u00fcseyin Yurtta\u015f ? Haldun \u00d6zkan \/ G\u00fcm\u00fc\u015fhane ? Bayburt illeri Y\u00fczey Ara\u015ft\u0131rmalar\u0131 Nurettin \u00d6zt\u00fcrk ? Ayhan Girgin ? Gencay G\u00fclo\u011flu ? Abdullah Leygara \/ Myrina ? Gryneion Antik Kentlerinin Y\u00fczey Ara\u015ft\u0131rmalar\u0131 Tavuk\u00e7u, Ali Yal\u00e7\u0131n &#8211; Zerrin Ayd\u0131n Tavuk\u00e7u \/ Ala\u015fehir ? Philedelphia Y\u00fczey Ara\u015ft\u0131rmalar\u0131: \u0130lk Sezon Yavuz, Mehmet ? Ali Yal\u00e7\u0131n Tavuk\u00e7u ? Tekin Do\u011fan &#8211; Do\u011fukap\u0131 ? Akyaka ? Kars ? Sar\u0131kam\u0131\u015f ? Erzurum &#8211; Tercan \/ Eski Rus Demir Yolu Hatt\u0131 ve Mimari Yap\u0131lanmas\u0131 Chataigner, Christine ? Ay\u015feg\u00fcl Ak\u0131n ? O\u011fuz Aras \/ Kuzey Do\u011fu Anadolu Obsidyen Kaynaklar\u0131n\u0131n Tespitine Y\u00f6nelik Y\u00fczey Ara\u015ft\u0131rmalarI <\/p>\n","protected":false},"excerpt":{"rendered":"<p>\u0130\u00e7indekiler: \u00d6ns\u00f6zler Ko\u00e7ak, Hikmet (Atat\u00fcrk \u00dcniversitesi Rekt\u00f6r\u00fc) D\u00fczg\u00fcn, Dilaver (Edebiyat Fak\u00fcltesi Dekan\u0131)Karaosmano\u011flu, Mehmet (Arkeoloji B\u00f6l\u00fcm\u00fc Ba\u015fkan\u0131 Sunu\u015f: Kasapo\u011flu, Hasan &amp; Mehmet Ali Y\u0131lmaz Kaz\u0131 \u00c7al\u0131\u015fmalar\u0131: Bak\u0131r,<span class=\"excerpt-hellip\"> [\u2026]<\/span><\/p>\n","protected":false},"featured_media":0,"template":"","meta":{"_monsterinsights_skip_tracking":false,"_monsterinsights_sitenote_active":false,"_monsterinsights_sitenote_note":"","_monsterinsights_sitenote_category":0},"product_brand":[],"product_cat":[12408,14197],"product_tag":[],"class_list":{"0":"post-708091","1":"product","2":"type-product","3":"status-publish","5":"product_cat-sanat","6":"product_cat-sanat-tarihi","7":"pa_cilt-ciltsiz","8":"pa_tur-kitap","9":"pa_yayinevi-bilgin-kultur-sanat","10":"pa_yazar-hasan-kasapoglu","12":"first","13":"instock","14":"sale","15":"shipping-taxable","16":"purchasable","17":"product-type-simple"},"_links":{"self":[{"href":"https:\/\/roveyayinevi.com.tr\/index.php\/wp-json\/wp\/v2\/product\/708091","targetHints":{"allow":["GET"]}}],"collection":[{"href":"https:\/\/roveyayinevi.com.tr\/index.php\/wp-json\/wp\/v2\/product"}],"about":[{"href":"https:\/\/roveyayinevi.com.tr\/index.php\/wp-json\/wp\/v2\/types\/product"}],"wp:attachment":[{"href":"https:\/\/roveyayinevi.com.tr\/index.php\/wp-json\/wp\/v2\/media?parent=708091"}],"wp:term":[{"taxonomy":"product_brand","embeddable":true,"href":"https:\/\/roveyayinevi.com.tr\/index.php\/wp-json\/wp\/v2\/product_brand?post=708091"},{"taxonomy":"product_cat","embeddable":true,"href":"https:\/\/roveyayinevi.com.tr\/index.php\/wp-json\/wp\/v2\/product_cat?post=708091"},{"taxonomy":"product_tag","embeddable":true,"href":"https:\/\/roveyayinevi.com.tr\/index.php\/wp-json\/wp\/v2\/product_tag?post=708091"}],"curies":[{"name":"wp","href":"https:\/\/api.w.org\/{rel}","templated":true}]}}