{"id":708090,"date":"2025-08-27T16:11:41","date_gmt":"2025-08-27T13:11:41","guid":{"rendered":"https:\/\/roveyayinevi.com.tr\/index.php\/urun\/xvii-xviii-ve-xix-yuzyillarda-fransiz-seyahatname\/"},"modified":"2026-04-16T02:16:46","modified_gmt":"2026-04-15T23:16:46","slug":"xvii-xviii-ve-xix-yuzyillarda-fransiz-seyahatname","status":"publish","type":"product","link":"https:\/\/roveyayinevi.com.tr\/index.php\/urun\/xvii-xviii-ve-xix-yuzyillarda-fransiz-seyahatname\/","title":{"rendered":"Xv\u0131\u0131-Xv\u0131\u0131\u0131 Ve X\u0131x. Y\u00fczy\u0131llarda Frans\u0131z Seyahatname"},"content":{"rendered":"<p>Dr. Serpil G\u00fcrer&#8217;in bu incelemesinde, Osmanl\u0131 imparatorlu\u011fu i\u00e7in \u00f6nemli bir d\u00f6nem olan XVIl-XVI11 ve XIX. y\u00fczy\u0131lda Osmanl\u0131 \u0130mparator\u00aclu\u011funa gelen \u00e7e\u015fitli meslek gruplar\u0131ndan Frans\u0131z gezginlerin seya\u00achatnameleri ele al\u0131narak, \u00e7e\u015fitli toplumsal kitleler \u00e7er\u00e7evesinde Os\u00acmanl\u0131 toplumunun nas\u0131l \u015fekillendi\u011fi ve imgelerin nas\u0131l olu\u015ftu\u011fu ele al\u0131n\u0131yor. S\u00f6z konusu d\u00f6nemlerde, toplumsal ve siyasal olaylar do\u011frultusun\u00acda imgelerde \u00e7e\u015fitli de\u011fi\u015fiklikler meydana gelmi\u015ftir. Gezginler bu y\u00fczy\u0131llarda, Osmanl\u0131 \u0130mparatorlu\u011funu ve toplumunu \u00f6zellikle de T\u00fcrkleri daha yak\u0131ndan tan\u0131maya \u00e7al\u0131\u015fm\u0131\u015flard\u0131r. Ancak, Ha\u00e7l\u0131 sefer\u00aclerinden ba\u015flayarak, Frans\u0131zlar\u0131n bak\u0131\u015f a\u00e7\u0131lar\u0131 ve \u00f6nyarg\u0131lar\u0131 do\u011frul\u00actusunda olu\u015fturduklar\u0131 imgeler, kolay kolay silinmeyecek bir \u015fekil\u00acde Frans\u0131z toplumunun zihnine yerle\u015fmi\u015f ve T\u00fcrkler onlar i\u00e7in hep &#8220;\u00f6teki&#8221; olarak kalm\u0131\u015flard\u0131r. T\u00fcrklerle bu kadar ilgilenen Frans\u0131z gezginler Osmanl\u0131 Topraklar\u0131n\u00acda ya\u015fayan Gayrim\u00fcslim halklarla pek fazla ilgilenmemi\u015flerdir. Gay\u00acrim\u00fcslimlere ili\u015fkin y\u00fczeysel bilgiler vermekle yetinmi\u015flerdir. D\u00f6ne\u00acmin toplumsal ve siyasal olaylar\u0131 do\u011frultusunda Frans\u0131z gezginler baz\u0131 d\u00f6nemlerde Ermenilere, baz\u0131 d\u00f6nemlerde ise Rumlara kar\u015f\u0131 kendilerini yak\u0131n hissetmi\u015flerdir. Yani, Frans\u0131z gezginlerin Osmanl\u0131 Topraklar\u0131nda \u00f6zellikle g\u00f6zlem\u00acledikleri &#8220;\u00f6teki&#8221; T\u00fcrklerdir. Bu nedenle de, s\u00f6z konusu gezginlerin seyahatnamelerinde kar\u015f\u0131m\u0131za \u00e7\u0131kan kal\u0131p imgeler ve kal\u0131p sahneler genel olarak T\u00fcrklere ili\u015fkindir. <\/p>\n","protected":false},"excerpt":{"rendered":"<p>Dr. Serpil G\u00fcrer&#8217;in bu incelemesinde, Osmanl\u0131 imparatorlu\u011fu i\u00e7in \u00f6nemli bir d\u00f6nem olan XVIl-XVI11 ve XIX. y\u00fczy\u0131lda Osmanl\u0131 \u0130mparator\u00aclu\u011funa gelen \u00e7e\u015fitli meslek gruplar\u0131ndan Frans\u0131z gezginlerin seya\u00achatnameleri ele<span class=\"excerpt-hellip\"> [\u2026]<\/span><\/p>\n","protected":false},"featured_media":0,"template":"","meta":{"_monsterinsights_skip_tracking":false,"_monsterinsights_sitenote_active":false,"_monsterinsights_sitenote_note":"","_monsterinsights_sitenote_category":0},"product_brand":[],"product_cat":[12408],"product_tag":[],"class_list":{"0":"post-708090","1":"product","2":"type-product","3":"status-publish","5":"product_cat-sanat","6":"pa_cilt-ciltsiz","7":"pa_tur-kitap","8":"pa_yayinevi-bilgin-kultur-sanat","9":"pa_yazar-serpil-gurer","11":"first","12":"instock","13":"sale","14":"shipping-taxable","15":"purchasable","16":"product-type-simple"},"_links":{"self":[{"href":"https:\/\/roveyayinevi.com.tr\/index.php\/wp-json\/wp\/v2\/product\/708090","targetHints":{"allow":["GET"]}}],"collection":[{"href":"https:\/\/roveyayinevi.com.tr\/index.php\/wp-json\/wp\/v2\/product"}],"about":[{"href":"https:\/\/roveyayinevi.com.tr\/index.php\/wp-json\/wp\/v2\/types\/product"}],"wp:attachment":[{"href":"https:\/\/roveyayinevi.com.tr\/index.php\/wp-json\/wp\/v2\/media?parent=708090"}],"wp:term":[{"taxonomy":"product_brand","embeddable":true,"href":"https:\/\/roveyayinevi.com.tr\/index.php\/wp-json\/wp\/v2\/product_brand?post=708090"},{"taxonomy":"product_cat","embeddable":true,"href":"https:\/\/roveyayinevi.com.tr\/index.php\/wp-json\/wp\/v2\/product_cat?post=708090"},{"taxonomy":"product_tag","embeddable":true,"href":"https:\/\/roveyayinevi.com.tr\/index.php\/wp-json\/wp\/v2\/product_tag?post=708090"}],"curies":[{"name":"wp","href":"https:\/\/api.w.org\/{rel}","templated":true}]}}