{"id":708089,"date":"2025-08-27T16:11:41","date_gmt":"2025-08-27T13:11:41","guid":{"rendered":"https:\/\/roveyayinevi.com.tr\/index.php\/urun\/asurlular\/"},"modified":"2026-04-16T02:16:46","modified_gmt":"2026-04-15T23:16:46","slug":"asurlular","status":"publish","type":"product","link":"https:\/\/roveyayinevi.com.tr\/index.php\/urun\/asurlular\/","title":{"rendered":"Asurlular"},"content":{"rendered":"<p>Asurlular,g\u00fcn\u00fcm\u00fczden yakla\u015f\u0131k 4000 y\u0131l \u00f6nce Kuzey Mezopotamya\u2019da tarih sahnesine \u00e7\u0131kt\u0131lar.K\u00fc\u00e7\u00fck bir \u015fehir devleti olarak kurulup, sonras\u0131nda e\u015fi benzeri olmayan bir imparatorluk haline geldiler.1400 y\u0131l kadar devam eden var olu\u015f m\u00fccadelelerinde zaman zaman hakimiyetlerini kaybettiler. Ancak hi\u00e7bir zaman y\u0131lmad\u0131lar ve her f\u0131rsatta yeniden do\u011fmay\u0131 ba\u015fard\u0131lar. Ac\u0131mas\u0131z krallar\u0131 ve zalim ordular\u0131 ile \u00d6n Asya d\u00fcnyas\u0131na korku sald\u0131lar. Etraf\u0131 surlarla \u00e7evrili \u015fehirler kurdular ve bunlar\u0131 devasa yap\u0131larla donatt\u0131lar. Tanr\u0131lar\u0131 ad\u0131na tap\u0131naklar, heykeller, kabartmalar yapt\u0131lar. \u00c7ok say\u0131da kitabe ve tablet b\u0131rakt\u0131lar. Kendilerinden kalan tarihi miras o kadar b\u00fcy\u00fck oldu ki, Mezopotamya arkeolojisi ve tarihinin mihenk ta\u015f\u0131n\u0131 olu\u015fturdu <\/p>\n","protected":false},"excerpt":{"rendered":"<p>Asurlular,g\u00fcn\u00fcm\u00fczden yakla\u015f\u0131k 4000 y\u0131l \u00f6nce Kuzey Mezopotamya\u2019da tarih sahnesine \u00e7\u0131kt\u0131lar.K\u00fc\u00e7\u00fck bir \u015fehir devleti olarak kurulup, sonras\u0131nda e\u015fi benzeri olmayan bir imparatorluk haline geldiler.1400 y\u0131l kadar devam<span class=\"excerpt-hellip\"> [\u2026]<\/span><\/p>\n","protected":false},"featured_media":0,"template":"","meta":{"_monsterinsights_skip_tracking":false,"_monsterinsights_sitenote_active":false,"_monsterinsights_sitenote_note":"","_monsterinsights_sitenote_category":0},"product_brand":[],"product_cat":[12304,13493],"product_tag":[],"class_list":{"0":"post-708089","1":"product","2":"type-product","3":"status-publish","5":"product_cat-tarih","6":"product_cat-turkiye-ve-cumhuriyet-tarihi","7":"pa_cilt-ciltsiz","8":"pa_tur-kitap","9":"pa_yayinevi-bilgin-kultur-sanat","10":"pa_yazar-gurkan-gokcek","12":"first","13":"instock","14":"sale","15":"shipping-taxable","16":"purchasable","17":"product-type-simple"},"_links":{"self":[{"href":"https:\/\/roveyayinevi.com.tr\/index.php\/wp-json\/wp\/v2\/product\/708089","targetHints":{"allow":["GET"]}}],"collection":[{"href":"https:\/\/roveyayinevi.com.tr\/index.php\/wp-json\/wp\/v2\/product"}],"about":[{"href":"https:\/\/roveyayinevi.com.tr\/index.php\/wp-json\/wp\/v2\/types\/product"}],"wp:attachment":[{"href":"https:\/\/roveyayinevi.com.tr\/index.php\/wp-json\/wp\/v2\/media?parent=708089"}],"wp:term":[{"taxonomy":"product_brand","embeddable":true,"href":"https:\/\/roveyayinevi.com.tr\/index.php\/wp-json\/wp\/v2\/product_brand?post=708089"},{"taxonomy":"product_cat","embeddable":true,"href":"https:\/\/roveyayinevi.com.tr\/index.php\/wp-json\/wp\/v2\/product_cat?post=708089"},{"taxonomy":"product_tag","embeddable":true,"href":"https:\/\/roveyayinevi.com.tr\/index.php\/wp-json\/wp\/v2\/product_tag?post=708089"}],"curies":[{"name":"wp","href":"https:\/\/api.w.org\/{rel}","templated":true}]}}