{"id":708086,"date":"2025-08-27T16:11:40","date_gmt":"2025-08-27T13:11:40","guid":{"rendered":"https:\/\/roveyayinevi.com.tr\/index.php\/urun\/milo-savunmasi\/"},"modified":"2026-04-16T02:16:46","modified_gmt":"2026-04-15T23:16:46","slug":"milo-savunmasi","status":"publish","type":"product","link":"https:\/\/roveyayinevi.com.tr\/index.php\/urun\/milo-savunmasi\/","title":{"rendered":"Milo Savunmas\u0131"},"content":{"rendered":"<p>Cesaretin insana kazand\u0131rd\u0131klar\u0131 aras\u0131nda bir derecelendirme yapmak gerekseydi,\u015fan,bunlar aras\u0131nda ilk s\u0131rada yer al\u0131rd\u0131.\u00c7\u00fcnk\u00fc hayat\u0131n k\u0131sa oldu\u011fu kayg\u0131s\u0131n\u0131,sonraki ku\u015faklar\u0131n bizi anaca\u011f\u0131 d\u00fc\u015f\u00fcncesiyle azaltan,bizi yokken var eden,\u00f6ld\u00fckten sonra bizi ya\u015fatan bir tek odur.K\u0131saca s\u00f6ylemek gerekirse,insano\u011flunu yava\u015f yava\u015f g\u00f6ky\u00fcz\u00fcne t\u0131rman\u0131yormu\u015f gibi g\u00f6steren yaln\u0131zca \u015fand\u0131r.Roma halk\u0131 ve t\u00fcm milletler hep benden bahsedecek,gelecek ku\u015faklar yapt\u0131klar\u0131m kar\u015f\u0131s\u0131nda asla sessiz kalmayacak.\u015eu anda bile d\u00fc\u015fmanlar\u0131m bana insanlar\u0131n bir araya geldi\u011fi her yerde,ad\u0131m hala sayg\u0131 ve minnetle an\u0131l\u0131yor. <\/p>\n","protected":false},"excerpt":{"rendered":"<p>Cesaretin insana kazand\u0131rd\u0131klar\u0131 aras\u0131nda bir derecelendirme yapmak gerekseydi,\u015fan,bunlar aras\u0131nda ilk s\u0131rada yer al\u0131rd\u0131.\u00c7\u00fcnk\u00fc hayat\u0131n k\u0131sa oldu\u011fu kayg\u0131s\u0131n\u0131,sonraki ku\u015faklar\u0131n bizi anaca\u011f\u0131 d\u00fc\u015f\u00fcncesiyle azaltan,bizi yokken var eden,\u00f6ld\u00fckten sonra<span class=\"excerpt-hellip\"> [\u2026]<\/span><\/p>\n","protected":false},"featured_media":0,"template":"","meta":{"_monsterinsights_skip_tracking":false,"_monsterinsights_sitenote_active":false,"_monsterinsights_sitenote_note":"","_monsterinsights_sitenote_category":0},"product_brand":[],"product_cat":[14591,14556],"product_tag":[],"class_list":{"0":"post-708086","1":"product","2":"type-product","3":"status-publish","5":"product_cat-genel-kavramlar-kuram-ve-tarihce","6":"product_cat-muzik","7":"pa_cilt-ciltsiz","8":"pa_tur-kitap","9":"pa_yayinevi-bilgin-kultur-sanat","10":"pa_yazar-marcus-tulliu-cicero","12":"first","13":"instock","14":"sale","15":"shipping-taxable","16":"purchasable","17":"product-type-simple"},"_links":{"self":[{"href":"https:\/\/roveyayinevi.com.tr\/index.php\/wp-json\/wp\/v2\/product\/708086","targetHints":{"allow":["GET"]}}],"collection":[{"href":"https:\/\/roveyayinevi.com.tr\/index.php\/wp-json\/wp\/v2\/product"}],"about":[{"href":"https:\/\/roveyayinevi.com.tr\/index.php\/wp-json\/wp\/v2\/types\/product"}],"wp:attachment":[{"href":"https:\/\/roveyayinevi.com.tr\/index.php\/wp-json\/wp\/v2\/media?parent=708086"}],"wp:term":[{"taxonomy":"product_brand","embeddable":true,"href":"https:\/\/roveyayinevi.com.tr\/index.php\/wp-json\/wp\/v2\/product_brand?post=708086"},{"taxonomy":"product_cat","embeddable":true,"href":"https:\/\/roveyayinevi.com.tr\/index.php\/wp-json\/wp\/v2\/product_cat?post=708086"},{"taxonomy":"product_tag","embeddable":true,"href":"https:\/\/roveyayinevi.com.tr\/index.php\/wp-json\/wp\/v2\/product_tag?post=708086"}],"curies":[{"name":"wp","href":"https:\/\/api.w.org\/{rel}","templated":true}]}}