{"id":708082,"date":"2025-08-27T16:11:38","date_gmt":"2025-08-27T13:11:38","guid":{"rendered":"https:\/\/roveyayinevi.com.tr\/index.php\/urun\/kapadokya-bolgesi-omurgali-fosil-yataklari\/"},"modified":"2026-04-16T02:16:46","modified_gmt":"2026-04-15T23:16:46","slug":"kapadokya-bolgesi-omurgali-fosil-yataklari","status":"publish","type":"product","link":"https:\/\/roveyayinevi.com.tr\/index.php\/urun\/kapadokya-bolgesi-omurgali-fosil-yataklari\/","title":{"rendered":"Kapadokya B\u00f6lgesi Omurgal\u0131 Fosil Yataklar\u0131"},"content":{"rendered":"<p>\u00dclkemizde devam eden bir\u00e7ok omurgal\u0131 fosil ara\u015ft\u0131rmalar\u0131,d\u00fcnya \u00fczerinde g\u00f6r\u00fclm\u00fc\u015f canl\u0131 \u00e7e\u015fitlili\u011fi a\u00e7\u0131s\u0131ndan \u00f6nemli buluntular vermektedir.Bu fosil fauna Anadolu&#8217;nun stratejik \u00f6nemini ortaya \u00e7\u0131karma konusunda belirleyici olacak ve Anadolu&#8217;nun paleoco\u011frafik evrimine \u0131\u015f\u0131k tutacakt\u0131r.Milyarlarca y\u0131ld\u0131r de\u011fi\u015fen co\u011frafya ve bu de\u011fi\u015fikli\u011fe uyum sa\u011flamaya \u00e7al\u0131\u015fan ya\u015fam\u0131n ve evrimin kan\u0131t\u0131 olan fosiller ge\u00e7mi\u015fi g\u00fcn\u00fcm\u00fcze ta\u015f\u0131maktad\u0131rlar.Fosillerle do\u011fan\u0131n tarihini yazabiliriz.\u00dczerinde ya\u015fad\u0131\u011f\u0131m\u0131z d\u00fcnyada her \u015fey de\u011fi\u015fim ve geli\u015fim i\u00e7indedir.Muazzam bir zaman s\u00fcreci i\u00e7inde ger\u00e7ekle\u015fen ve devam edecek olan bu d\u00f6ng\u00fcy\u00fc fosiller anlatabilir.Hikayelerine kulak verelim. <\/p>\n","protected":false},"excerpt":{"rendered":"<p>\u00dclkemizde devam eden bir\u00e7ok omurgal\u0131 fosil ara\u015ft\u0131rmalar\u0131,d\u00fcnya \u00fczerinde g\u00f6r\u00fclm\u00fc\u015f canl\u0131 \u00e7e\u015fitlili\u011fi a\u00e7\u0131s\u0131ndan \u00f6nemli buluntular vermektedir.Bu fosil fauna Anadolu&#8217;nun stratejik \u00f6nemini ortaya \u00e7\u0131karma konusunda belirleyici olacak ve<span class=\"excerpt-hellip\"> [\u2026]<\/span><\/p>\n","protected":false},"featured_media":0,"template":"","meta":{"_monsterinsights_skip_tracking":false,"_monsterinsights_sitenote_active":false,"_monsterinsights_sitenote_note":"","_monsterinsights_sitenote_category":0},"product_brand":[],"product_cat":[12408,14197],"product_tag":[],"class_list":{"0":"post-708082","1":"product","2":"type-product","3":"status-publish","5":"product_cat-sanat","6":"product_cat-sanat-tarihi","7":"pa_cilt-ciltsiz","8":"pa_tur-kitap","9":"pa_yayinevi-bilgin-kultur-sanat","10":"pa_yazar-oksan-basoglu","12":"first","13":"instock","14":"sale","15":"shipping-taxable","16":"purchasable","17":"product-type-simple"},"_links":{"self":[{"href":"https:\/\/roveyayinevi.com.tr\/index.php\/wp-json\/wp\/v2\/product\/708082","targetHints":{"allow":["GET"]}}],"collection":[{"href":"https:\/\/roveyayinevi.com.tr\/index.php\/wp-json\/wp\/v2\/product"}],"about":[{"href":"https:\/\/roveyayinevi.com.tr\/index.php\/wp-json\/wp\/v2\/types\/product"}],"wp:attachment":[{"href":"https:\/\/roveyayinevi.com.tr\/index.php\/wp-json\/wp\/v2\/media?parent=708082"}],"wp:term":[{"taxonomy":"product_brand","embeddable":true,"href":"https:\/\/roveyayinevi.com.tr\/index.php\/wp-json\/wp\/v2\/product_brand?post=708082"},{"taxonomy":"product_cat","embeddable":true,"href":"https:\/\/roveyayinevi.com.tr\/index.php\/wp-json\/wp\/v2\/product_cat?post=708082"},{"taxonomy":"product_tag","embeddable":true,"href":"https:\/\/roveyayinevi.com.tr\/index.php\/wp-json\/wp\/v2\/product_tag?post=708082"}],"curies":[{"name":"wp","href":"https:\/\/api.w.org\/{rel}","templated":true}]}}