{"id":708081,"date":"2025-08-27T16:11:38","date_gmt":"2025-08-27T13:11:38","guid":{"rendered":"https:\/\/roveyayinevi.com.tr\/index.php\/urun\/milo-savunmasinda-degismeceler-soz-ve-anlam-sanatl\/"},"modified":"2026-04-16T02:16:46","modified_gmt":"2026-04-15T23:16:46","slug":"milo-savunmasinda-degismeceler-soz-ve-anlam-sanatl","status":"publish","type":"product","link":"https:\/\/roveyayinevi.com.tr\/index.php\/urun\/milo-savunmasinda-degismeceler-soz-ve-anlam-sanatl\/","title":{"rendered":"Milo Savunmas\u0131nda De\u011fi\u015fmeceler S\u00f6z Ve Anlam Sanatl"},"content":{"rendered":"<p>\u0130\u00d6 52 y\u0131l\u0131 Nisan ay\u0131 ba\u015f\u0131nda,Marcus Tullius Cicero,Forum&#8217;da siyasi m\u00fcttefiki ve yak\u0131n dostu Titus Annius Milo&#8217;yu,rakibi ve d\u00fc\u015fman\u0131 P.Clodius&#8217;u \u00f6ld\u00fcrmekle yarg\u0131land\u0131\u011f\u0131 mahkemede savunur.Halk\u0131n da merakla sonucunu bekledi\u011fi duru\u015fmada ko\u015fullar savunman\u0131n aleyhinedir,dava kaybedilir ve Mio s\u00fcrg\u00fcne g\u00f6nderilir.Cicero&#8217;nun deyimiyle,\u00fcnl\u00fc Yunan hatipler Demosthenes ve Lysias&#8217;\u0131n bile o g\u00fcnk\u00fc ko\u015fullar alt\u0131nda Milo&#8217;yu kurtarmalar\u0131 m\u00fcmk\u00fcn de\u011fildir. S\u00f6ylevi,y\u00fczy\u0131llar boyu \u00f6rnek al\u0131nm\u0131\u015f,en g\u00fczel konu\u015fmalar\u0131ndan biri olarak de\u011ferlendirilmi\u015ftir. Cicero&#8217;nun yeniden d\u00fczenledi\u011fi s\u00f6ylevinde yer alan edebi sanatlar,konu\u015fmay\u0131 g\u00fczelle\u015ftirmenin \u00f6tesine ge\u00e7ip,birer kan\u0131tlama arac\u0131na d\u00f6n\u00fc\u015fm\u00fc\u015flerdir.S\u00f6ylevdeki,de\u011fi\u015fmeceleri,s\u00f6z ve anlam sanatlar\u0131n\u0131,yaln\u0131zca ge\u00e7tikleri b\u00f6l\u00fcmlerdeki de\u011fil,konu\u015fman\u0131n b\u00fct\u00fcn\u00fcndeki i\u015flevleri bak\u0131m\u0131ndan da inceleme \u00e7abas\u0131nda olan bu \u00e7al\u0131\u015fma,Aristoteles&#8217;ten Quintilianus&#8217;a Eski\u00e7a\u011fda edebi sanatlar \u00fczerine yap\u0131lan yorumlar\u0131 da okuyucularla bulu\u015fturmay\u0131 hedeflemi\u015ftir. <\/p>\n","protected":false},"excerpt":{"rendered":"<p>\u0130\u00d6 52 y\u0131l\u0131 Nisan ay\u0131 ba\u015f\u0131nda,Marcus Tullius Cicero,Forum&#8217;da siyasi m\u00fcttefiki ve yak\u0131n dostu Titus Annius Milo&#8217;yu,rakibi ve d\u00fc\u015fman\u0131 P.Clodius&#8217;u \u00f6ld\u00fcrmekle yarg\u0131land\u0131\u011f\u0131 mahkemede savunur.Halk\u0131n da merakla sonucunu<span class=\"excerpt-hellip\"> [\u2026]<\/span><\/p>\n","protected":false},"featured_media":0,"template":"","meta":{"_monsterinsights_skip_tracking":false,"_monsterinsights_sitenote_active":false,"_monsterinsights_sitenote_note":"","_monsterinsights_sitenote_category":0},"product_brand":[],"product_cat":[13072,12291],"product_tag":[],"class_list":{"0":"post-708081","1":"product","2":"type-product","3":"status-publish","5":"product_cat-arastirma-inceleme-referans","6":"product_cat-edebiyat","7":"pa_cilt-ciltsiz","8":"pa_tur-kitap","9":"pa_yayinevi-bilgin-kultur-sanat","10":"pa_yazar-cagatay-askir","12":"first","13":"instock","14":"sale","15":"shipping-taxable","16":"purchasable","17":"product-type-simple"},"_links":{"self":[{"href":"https:\/\/roveyayinevi.com.tr\/index.php\/wp-json\/wp\/v2\/product\/708081","targetHints":{"allow":["GET"]}}],"collection":[{"href":"https:\/\/roveyayinevi.com.tr\/index.php\/wp-json\/wp\/v2\/product"}],"about":[{"href":"https:\/\/roveyayinevi.com.tr\/index.php\/wp-json\/wp\/v2\/types\/product"}],"wp:attachment":[{"href":"https:\/\/roveyayinevi.com.tr\/index.php\/wp-json\/wp\/v2\/media?parent=708081"}],"wp:term":[{"taxonomy":"product_brand","embeddable":true,"href":"https:\/\/roveyayinevi.com.tr\/index.php\/wp-json\/wp\/v2\/product_brand?post=708081"},{"taxonomy":"product_cat","embeddable":true,"href":"https:\/\/roveyayinevi.com.tr\/index.php\/wp-json\/wp\/v2\/product_cat?post=708081"},{"taxonomy":"product_tag","embeddable":true,"href":"https:\/\/roveyayinevi.com.tr\/index.php\/wp-json\/wp\/v2\/product_tag?post=708081"}],"curies":[{"name":"wp","href":"https:\/\/api.w.org\/{rel}","templated":true}]}}