{"id":708079,"date":"2025-08-27T16:11:37","date_gmt":"2025-08-27T13:11:37","guid":{"rendered":"https:\/\/roveyayinevi.com.tr\/index.php\/urun\/kavsak\/"},"modified":"2026-04-16T02:16:46","modified_gmt":"2026-04-15T23:16:46","slug":"kavsak","status":"publish","type":"product","link":"https:\/\/roveyayinevi.com.tr\/index.php\/urun\/kavsak\/","title":{"rendered":"Kav\u015fak"},"content":{"rendered":"<p>Osmanl\u0131 Imparatorlu\u011fu&#8217;nun Ortado\u011fu&#8217;da \u00e7\u00f6kmesinin ard\u0131ndaki gizemli olu\u015fumlar yabanc\u0131 kaynaklardan aktar\u0131l\u0131yor. 20. y\u00fczy\u0131l\u0131n ba\u015f\u0131nda T\u00fcrkiye Cumhuriyeti&#8217;nin ba\u015fkent Ankara&#8217;da do\u011fu\u015fu ile 21. y\u00fczy\u0131l\u0131n ba\u015f\u0131ndaki siyasal de\u011fi\u015fim irdeleniyor. 1919&#8217;da Mustafa Kemal Pa\u015fa&#8217;n\u0131n Ankara&#8217;ya geli\u015finden sonra T\u00fcrkiye Cumhuriyeti&#8217;nin kurulu\u015funa yokluklar i\u00e7inde, ama co\u015fkuyla yol al\u0131n\u0131yor. Bir \u0130ngiliz diplomat\u0131 Ankara&#8217;da b\u00fcy\u00fckel\u00e7ilik konutu i\u00e7in aranan arazinin &#8220;\u00c7ankaya Bellrock&#8217;ta&#8221; bulundu\u011funu Londra&#8217;ya bildiriyor.Cumhuriyet&#8217;in, Osmanl\u0131&#8217;n\u0131n k\u00fcllerinden do\u011fu\u015fu, d\u00fcnya \u00fclkelerince hayranl\u0131kla izleniyor. D\u00f6neminin d\u00fcnya y\u00f6neticilerinin yan\u0131 s\u0131ra, Atat\u00fcrk&#8217;\u00fcn \u00f6l\u00fcm\u00fcn\u00fcn 25. y\u0131ld\u00f6n\u00fcm\u00fcnde ABD Ba\u015fkam John F. Kenndy ve SSCB Ba\u015fkan\u0131 Nikita Kuru\u015fcev&#8217;in Cumhuriyet gazetesi i\u00e7in yazara verdikleri deme\u00e7ler de kitapta yer al\u0131yor. Bir ba\u015fka \u0130ngiliz diplomat\u0131 &#8220;O g\u00fcnlerde genel inan\u00e7, Ankara&#8217;da a\u011fa\u00e7 bile yeti\u015fmezdi\u2026&#8221; diyor, &#8220;Bu nedenle g\u00fcnl\u00fc\u011f\u00fc 60 kuru\u015fa \u00e7al\u0131\u015ft\u0131r\u0131lan bir bah\u00e7\u0131van\u0131, el\u00e7ilik bah\u00e7esinde a\u011fa\u00e7 dikimine ba\u015flatm\u0131\u015ft\u0131k!&#8221; diye de ekliyor. \u0130\u015fte o g\u00fcnlerde, Ankara bozk\u0131r\u0131nda tar\u0131ma da \u00f6rnek olmas\u0131 i\u00e7in &#8220;Atat\u00fcrk Orman \u00c7iftli\u011fi&#8221; s\u0131f\u0131rdan yarat\u0131l\u0131yor. 1. derece sit alan\u0131 iken &#8220;Be\u015ftepe Five Hills&#8221; \u00fczerindeki, ye\u015fil doku 21. y\u00fczy\u0131l\u0131n ba\u015f\u0131nda yok edilerek, yerinde bir ka\u00e7ak saray yarat\u0131l\u0131yor! Okurlar\u0131n \u00f6nerileri \u00fczerine yazar\u0131n Cumhuriyet gazetesindeki &#8220;Kav\u015fak&#8221; k\u00f6\u015fesinde yay\u0131mlad\u0131\u011f\u0131, 18 yaz\u0131l\u0131k &#8220;Bell Rock (\u00c7ankaya)&#8221; &#8220;Five Hills (Be\u015ftepe)&#8221; dizisinin yan\u0131 s\u0131ra, d\u00f6rt dizi ve bir de tek yaz\u0131 bu belgesel kitapta bir araya geliyor. <\/p>\n","protected":false},"excerpt":{"rendered":"<p>Osmanl\u0131 Imparatorlu\u011fu&#8217;nun Ortado\u011fu&#8217;da \u00e7\u00f6kmesinin ard\u0131ndaki gizemli olu\u015fumlar yabanc\u0131 kaynaklardan aktar\u0131l\u0131yor. 20. y\u00fczy\u0131l\u0131n ba\u015f\u0131nda T\u00fcrkiye Cumhuriyeti&#8217;nin ba\u015fkent Ankara&#8217;da do\u011fu\u015fu ile 21. y\u00fczy\u0131l\u0131n ba\u015f\u0131ndaki siyasal de\u011fi\u015fim irdeleniyor. 1919&#8217;da<span class=\"excerpt-hellip\"> [\u2026]<\/span><\/p>\n","protected":false},"featured_media":0,"template":"","meta":{"_monsterinsights_skip_tracking":false,"_monsterinsights_sitenote_active":false,"_monsterinsights_sitenote_note":"","_monsterinsights_sitenote_category":0},"product_brand":[],"product_cat":[12408],"product_tag":[],"class_list":{"0":"post-708079","1":"product","2":"type-product","3":"status-publish","5":"product_cat-sanat","6":"pa_cilt-ciltsiz","7":"pa_tur-kitap","8":"pa_yayinevi-bilgin-kultur-sanat","9":"pa_yazar-ozgen-acar","11":"first","12":"instock","13":"sale","14":"shipping-taxable","15":"purchasable","16":"product-type-simple"},"_links":{"self":[{"href":"https:\/\/roveyayinevi.com.tr\/index.php\/wp-json\/wp\/v2\/product\/708079","targetHints":{"allow":["GET"]}}],"collection":[{"href":"https:\/\/roveyayinevi.com.tr\/index.php\/wp-json\/wp\/v2\/product"}],"about":[{"href":"https:\/\/roveyayinevi.com.tr\/index.php\/wp-json\/wp\/v2\/types\/product"}],"wp:attachment":[{"href":"https:\/\/roveyayinevi.com.tr\/index.php\/wp-json\/wp\/v2\/media?parent=708079"}],"wp:term":[{"taxonomy":"product_brand","embeddable":true,"href":"https:\/\/roveyayinevi.com.tr\/index.php\/wp-json\/wp\/v2\/product_brand?post=708079"},{"taxonomy":"product_cat","embeddable":true,"href":"https:\/\/roveyayinevi.com.tr\/index.php\/wp-json\/wp\/v2\/product_cat?post=708079"},{"taxonomy":"product_tag","embeddable":true,"href":"https:\/\/roveyayinevi.com.tr\/index.php\/wp-json\/wp\/v2\/product_tag?post=708079"}],"curies":[{"name":"wp","href":"https:\/\/api.w.org\/{rel}","templated":true}]}}