{"id":708076,"date":"2025-08-27T16:11:35","date_gmt":"2025-08-27T13:11:35","guid":{"rendered":"https:\/\/roveyayinevi.com.tr\/index.php\/urun\/mahremin-tesetturu\/"},"modified":"2026-04-16T02:16:46","modified_gmt":"2026-04-15T23:16:46","slug":"mahremin-tesetturu","status":"publish","type":"product","link":"https:\/\/roveyayinevi.com.tr\/index.php\/urun\/mahremin-tesetturu\/","title":{"rendered":"Mahremin Tesett\u00fcr\u00fc"},"content":{"rendered":"<p>&#8220;S\u0131rlan oldu\u011fu i\u00e7in hayat\u0131ndaki en \u00f6nemli adama g\u00fcvenini kaybetmi\u015fti. Buna ra\u011fmen ba\u015fkalar\u0131t\u0131m hayat\u0131nda s\u0131r olmay\u0131 se\u00e7mi\u015fti.&#8221;<\/p>\n","protected":false},"excerpt":{"rendered":"<p>&#8220;S\u0131rlan oldu\u011fu i\u00e7in hayat\u0131ndaki en \u00f6nemli adama g\u00fcvenini kaybetmi\u015fti. Buna ra\u011fmen ba\u015fkalar\u0131t\u0131m hayat\u0131nda s\u0131r olmay\u0131 se\u00e7mi\u015fti.&#8221;<\/p>\n","protected":false},"featured_media":0,"template":"","meta":{"_monsterinsights_skip_tracking":false,"_monsterinsights_sitenote_active":false,"_monsterinsights_sitenote_note":"","_monsterinsights_sitenote_category":0},"product_brand":[],"product_cat":[12291,12711],"product_tag":[],"class_list":{"0":"post-708076","1":"product","2":"type-product","3":"status-publish","5":"product_cat-edebiyat","6":"product_cat-roman-oyku","7":"pa_cilt-ciltsiz","8":"pa_tur-kitap","9":"pa_yayinevi-best-yayinlari","10":"pa_yazar-gizem-aras","12":"first","13":"instock","14":"sale","15":"shipping-taxable","16":"purchasable","17":"product-type-simple"},"_links":{"self":[{"href":"https:\/\/roveyayinevi.com.tr\/index.php\/wp-json\/wp\/v2\/product\/708076","targetHints":{"allow":["GET"]}}],"collection":[{"href":"https:\/\/roveyayinevi.com.tr\/index.php\/wp-json\/wp\/v2\/product"}],"about":[{"href":"https:\/\/roveyayinevi.com.tr\/index.php\/wp-json\/wp\/v2\/types\/product"}],"wp:attachment":[{"href":"https:\/\/roveyayinevi.com.tr\/index.php\/wp-json\/wp\/v2\/media?parent=708076"}],"wp:term":[{"taxonomy":"product_brand","embeddable":true,"href":"https:\/\/roveyayinevi.com.tr\/index.php\/wp-json\/wp\/v2\/product_brand?post=708076"},{"taxonomy":"product_cat","embeddable":true,"href":"https:\/\/roveyayinevi.com.tr\/index.php\/wp-json\/wp\/v2\/product_cat?post=708076"},{"taxonomy":"product_tag","embeddable":true,"href":"https:\/\/roveyayinevi.com.tr\/index.php\/wp-json\/wp\/v2\/product_tag?post=708076"}],"curies":[{"name":"wp","href":"https:\/\/api.w.org\/{rel}","templated":true}]}}