{"id":708075,"date":"2025-08-27T16:11:35","date_gmt":"2025-08-27T13:11:35","guid":{"rendered":"https:\/\/roveyayinevi.com.tr\/index.php\/urun\/ermeni-gercekleri-adli-kitabin-macerasi\/"},"modified":"2026-04-16T02:16:46","modified_gmt":"2026-04-15T23:16:46","slug":"ermeni-gercekleri-adli-kitabin-macerasi","status":"publish","type":"product","link":"https:\/\/roveyayinevi.com.tr\/index.php\/urun\/ermeni-gercekleri-adli-kitabin-macerasi\/","title":{"rendered":"Ermeni Ger\u00e7ekleri Adl\u0131 Kitab\u0131n Maceras\u0131"},"content":{"rendered":"<p>Tarihi olaylar\u0131, \u00f6zellikle alt\u0131 as\u0131r boyunca Osmanl\u0131 \u0130mparatorlu\u011fu d\u00f6neminde bar\u0131\u015f i\u00e7inde, dost\u00e7a birlikte ya\u015fam\u0131\u015f Ermenilerin tarihini, bug\u00fcn halen kimsenin reddedemeyece\u011fi stratejik \u00f6nemde bir sekt\u00f6r i\u00e7inde askeri ve politik mevkilerini muhafaza endi\u015fesinde olan Rusya, B\u00fcy\u00fck Britanya ve Fransa gibi yabanc\u0131 g\u00fc\u00e7lerin entrikalar\u0131n\u0131 hat\u0131rlayaca\u011f\u0131z. Tamamen tarafs\u0131zl\u0131k kayg\u0131s\u0131yla ter\u00f6r ve cinayet rejimini alt etmek \u00f6zellikle evrenin k\u00fcreselle\u015fmesinin yerel kavgalar\u0131 faydal\u0131 k\u0131ld\u0131\u011f\u0131 bir devirde etnisitenin kendi k\u00fclt\u00fcrel kimliklerini imparatorluklar ve cumhuriyetler sinesinde nas\u0131l ya\u015fatabildiklerini g\u00f6stermek i\u00e7in. \ufffcTan\u0131t\u0131m Metni<\/p>\n","protected":false},"excerpt":{"rendered":"<p>Tarihi olaylar\u0131, \u00f6zellikle alt\u0131 as\u0131r boyunca Osmanl\u0131 \u0130mparatorlu\u011fu d\u00f6neminde bar\u0131\u015f i\u00e7inde, dost\u00e7a birlikte ya\u015fam\u0131\u015f Ermenilerin tarihini, bug\u00fcn halen kimsenin reddedemeyece\u011fi stratejik \u00f6nemde bir sekt\u00f6r i\u00e7inde askeri<span class=\"excerpt-hellip\"> [\u2026]<\/span><\/p>\n","protected":false},"featured_media":0,"template":"","meta":{"_monsterinsights_skip_tracking":false,"_monsterinsights_sitenote_active":false,"_monsterinsights_sitenote_note":"","_monsterinsights_sitenote_category":0},"product_brand":[],"product_cat":[12370,12304],"product_tag":[],"class_list":{"0":"post-708075","1":"product","2":"type-product","3":"status-publish","5":"product_cat-arastirma-inceleme","6":"product_cat-tarih","7":"pa_cilt-ciltsiz","8":"pa_tur-kitap","9":"pa_yayinevi-astana-yayinlari","10":"pa_yazar-refet-yinanc","12":"first","13":"instock","14":"sale","15":"shipping-taxable","16":"purchasable","17":"product-type-simple"},"_links":{"self":[{"href":"https:\/\/roveyayinevi.com.tr\/index.php\/wp-json\/wp\/v2\/product\/708075","targetHints":{"allow":["GET"]}}],"collection":[{"href":"https:\/\/roveyayinevi.com.tr\/index.php\/wp-json\/wp\/v2\/product"}],"about":[{"href":"https:\/\/roveyayinevi.com.tr\/index.php\/wp-json\/wp\/v2\/types\/product"}],"wp:attachment":[{"href":"https:\/\/roveyayinevi.com.tr\/index.php\/wp-json\/wp\/v2\/media?parent=708075"}],"wp:term":[{"taxonomy":"product_brand","embeddable":true,"href":"https:\/\/roveyayinevi.com.tr\/index.php\/wp-json\/wp\/v2\/product_brand?post=708075"},{"taxonomy":"product_cat","embeddable":true,"href":"https:\/\/roveyayinevi.com.tr\/index.php\/wp-json\/wp\/v2\/product_cat?post=708075"},{"taxonomy":"product_tag","embeddable":true,"href":"https:\/\/roveyayinevi.com.tr\/index.php\/wp-json\/wp\/v2\/product_tag?post=708075"}],"curies":[{"name":"wp","href":"https:\/\/api.w.org\/{rel}","templated":true}]}}