{"id":708073,"date":"2025-08-27T16:11:34","date_gmt":"2025-08-27T13:11:34","guid":{"rendered":"https:\/\/roveyayinevi.com.tr\/index.php\/urun\/islam-tibbiyla-saglikli-mutlu-ve-huzurlu-bir-yasam\/"},"modified":"2026-04-16T02:16:46","modified_gmt":"2026-04-15T23:16:46","slug":"islam-tibbiyla-saglikli-mutlu-ve-huzurlu-bir-yasam","status":"publish","type":"product","link":"https:\/\/roveyayinevi.com.tr\/index.php\/urun\/islam-tibbiyla-saglikli-mutlu-ve-huzurlu-bir-yasam\/","title":{"rendered":"\u0130slam T\u0131bb\u0131yla Sa\u011fl\u0131kl\u0131 Mutlu Ve Huzurlu Bir Ya\u015fam"},"content":{"rendered":"<p>Bazen kafam\u0131z kar\u0131\u015ft\u0131\u011f\u0131nda ve sorunlar\u0131m\u0131z\u0131 \u00e7\u00f6zmekte zorland\u0131\u011f\u0131m\u0131zda ge\u00e7mi\u015fi unutup hayat\u0131m\u0131zda beyaz bir sayfa a\u00e7ma ihtiyac\u0131 hissederiz ya. \u0130\u015fte! G\u00fcn\u00fcm\u00fczde ya\u015fad\u0131\u011f\u0131m\u0131z bu karma\u015fa, sa\u011fl\u0131kl\u0131 ve huzurlu bir ya\u015fam\u0131n form\u00fcl\u00fcn\u00fc bulmak i\u00e7in f\u0131trat \u00e7er\u00e7evesinde hayat\u0131m\u0131z\u0131 sadele\u015ftirmemiz gerekti\u011fine i\u015faret ediyor. Asl\u0131nda b\u00fct\u00fcn bu sorunlara \u00e7\u00f6z\u00fcm olabilecek bir form\u00fcl zaten elimizde var. Peki! 21. Y\u00fczy\u0131lda ya\u015fayan insanlar\u0131n sorunlar\u0131n\u0131 \u00e7\u00f6zebilecek \u00f6zelliklere sahip bu form\u00fcl nedir? Bu form\u00fcl Kur&#8217;an ve hadislerle ba\u015flayan y\u00fczy\u0131llar boyunca \u0130bni Sina, Razi, Zahravi, Ruhavi, Ebu Nuaym, \u0130bni Kayyim vb. gibi binlerce M\u00fcsl\u00fcman bilge ve hekimler taraf\u0131ndan geli\u015ftirilen \u0130slam t\u0131bb\u0131d\u0131r. \u0130slam t\u0131bb\u0131, geleneksel olarak t\u0131bb-\u0131 nebevi olarak adland\u0131r\u0131lmaktad\u0131r. T\u0131bb-\u0131 nebevi, modern d\u00fcnyan\u0131n bu karma\u015f\u0131k yap\u0131s\u0131n\u0131 sadele\u015ftirmenin ba\u015flang\u0131\u00e7 yolu ve manevi iklimi olabilir. <\/p>\n","protected":false},"excerpt":{"rendered":"<p>Bazen kafam\u0131z kar\u0131\u015ft\u0131\u011f\u0131nda ve sorunlar\u0131m\u0131z\u0131 \u00e7\u00f6zmekte zorland\u0131\u011f\u0131m\u0131zda ge\u00e7mi\u015fi unutup hayat\u0131m\u0131zda beyaz bir sayfa a\u00e7ma ihtiyac\u0131 hissederiz ya. \u0130\u015fte! G\u00fcn\u00fcm\u00fczde ya\u015fad\u0131\u011f\u0131m\u0131z bu karma\u015fa, sa\u011fl\u0131kl\u0131 ve huzurlu bir<span class=\"excerpt-hellip\"> [\u2026]<\/span><\/p>\n","protected":false},"featured_media":0,"template":"","meta":{"_monsterinsights_skip_tracking":false,"_monsterinsights_sitenote_active":false,"_monsterinsights_sitenote_note":"","_monsterinsights_sitenote_category":0},"product_brand":[],"product_cat":[19998,12388],"product_tag":[],"class_list":{"0":"post-708073","1":"product","2":"type-product","3":"status-publish","5":"product_cat-din-felsefesi","6":"product_cat-felsefe","7":"pa_cilt-ciltsiz","8":"pa_tur-kitap","9":"pa_yayinevi-astana-yayinlari","10":"pa_yazar-ilhan-yildiz","12":"first","13":"instock","14":"sale","15":"shipping-taxable","16":"purchasable","17":"product-type-simple"},"_links":{"self":[{"href":"https:\/\/roveyayinevi.com.tr\/index.php\/wp-json\/wp\/v2\/product\/708073","targetHints":{"allow":["GET"]}}],"collection":[{"href":"https:\/\/roveyayinevi.com.tr\/index.php\/wp-json\/wp\/v2\/product"}],"about":[{"href":"https:\/\/roveyayinevi.com.tr\/index.php\/wp-json\/wp\/v2\/types\/product"}],"wp:attachment":[{"href":"https:\/\/roveyayinevi.com.tr\/index.php\/wp-json\/wp\/v2\/media?parent=708073"}],"wp:term":[{"taxonomy":"product_brand","embeddable":true,"href":"https:\/\/roveyayinevi.com.tr\/index.php\/wp-json\/wp\/v2\/product_brand?post=708073"},{"taxonomy":"product_cat","embeddable":true,"href":"https:\/\/roveyayinevi.com.tr\/index.php\/wp-json\/wp\/v2\/product_cat?post=708073"},{"taxonomy":"product_tag","embeddable":true,"href":"https:\/\/roveyayinevi.com.tr\/index.php\/wp-json\/wp\/v2\/product_tag?post=708073"}],"curies":[{"name":"wp","href":"https:\/\/api.w.org\/{rel}","templated":true}]}}