{"id":708070,"date":"2025-08-27T16:11:33","date_gmt":"2025-08-27T13:11:33","guid":{"rendered":"https:\/\/roveyayinevi.com.tr\/index.php\/urun\/ermeni-soykirim-iddialari-ve-uluslararasi-hukuk\/"},"modified":"2026-04-16T02:16:46","modified_gmt":"2026-04-15T23:16:46","slug":"ermeni-soykirim-iddialari-ve-uluslararasi-hukuk","status":"publish","type":"product","link":"https:\/\/roveyayinevi.com.tr\/index.php\/urun\/ermeni-soykirim-iddialari-ve-uluslararasi-hukuk\/","title":{"rendered":"Ermeni Soyk\u0131r\u0131m \u0130ddialar\u0131 Ve Uluslararas\u0131 Hukuk"},"content":{"rendered":"<p>Ermeni Soyk\u0131r\u0131m \u0130ddialar\u0131 ve Uluslararas\u0131 Hukuk <\/p>\n","protected":false},"excerpt":{"rendered":"<p>Ermeni Soyk\u0131r\u0131m \u0130ddialar\u0131 ve Uluslararas\u0131 Hukuk<\/p>\n","protected":false},"featured_media":0,"template":"","meta":{"_monsterinsights_skip_tracking":false,"_monsterinsights_sitenote_active":false,"_monsterinsights_sitenote_note":"","_monsterinsights_sitenote_category":0},"product_brand":[],"product_cat":[15350,17602],"product_tag":[],"class_list":{"0":"post-708070","1":"product","2":"type-product","3":"status-publish","5":"product_cat-hukuk","6":"product_cat-hukuk-uzerine","7":"pa_cilt-ciltsiz","8":"pa_tur-kitap","9":"pa_yayinevi-astana-yayinlari","10":"pa_yazar-alaeddin-yalcinkaya","12":"first","13":"instock","14":"sale","15":"shipping-taxable","16":"purchasable","17":"product-type-simple"},"_links":{"self":[{"href":"https:\/\/roveyayinevi.com.tr\/index.php\/wp-json\/wp\/v2\/product\/708070","targetHints":{"allow":["GET"]}}],"collection":[{"href":"https:\/\/roveyayinevi.com.tr\/index.php\/wp-json\/wp\/v2\/product"}],"about":[{"href":"https:\/\/roveyayinevi.com.tr\/index.php\/wp-json\/wp\/v2\/types\/product"}],"wp:attachment":[{"href":"https:\/\/roveyayinevi.com.tr\/index.php\/wp-json\/wp\/v2\/media?parent=708070"}],"wp:term":[{"taxonomy":"product_brand","embeddable":true,"href":"https:\/\/roveyayinevi.com.tr\/index.php\/wp-json\/wp\/v2\/product_brand?post=708070"},{"taxonomy":"product_cat","embeddable":true,"href":"https:\/\/roveyayinevi.com.tr\/index.php\/wp-json\/wp\/v2\/product_cat?post=708070"},{"taxonomy":"product_tag","embeddable":true,"href":"https:\/\/roveyayinevi.com.tr\/index.php\/wp-json\/wp\/v2\/product_tag?post=708070"}],"curies":[{"name":"wp","href":"https:\/\/api.w.org\/{rel}","templated":true}]}}