{"id":708069,"date":"2025-08-27T16:11:33","date_gmt":"2025-08-27T13:11:33","guid":{"rendered":"https:\/\/roveyayinevi.com.tr\/index.php\/urun\/hukuk-kuramini-anlamak\/"},"modified":"2026-04-16T02:16:46","modified_gmt":"2026-04-15T23:16:46","slug":"hukuk-kuramini-anlamak","status":"publish","type":"product","link":"https:\/\/roveyayinevi.com.tr\/index.php\/urun\/hukuk-kuramini-anlamak\/","title":{"rendered":"Hukuk Kuram\u0131n\u0131 Anlamak"},"content":{"rendered":"<p>Kitap, hukuk teorisinin sadece esasl\u0131 k\u0131y\u0131lar\u0131 ile ilgilense de, sorunun kalbine gitme yetinizi geli\u015ftirmeyi hedeflemekte ve belirli derslerde \u00e7ok daha ilgin\u00e7 konular\u0131 g\u00f6z \u00f6n\u00fcnde tutarak benzer teknikleri uygulaman\u0131z i\u00e7in sizi donan\u0131ml\u0131 k\u0131lmay\u0131 ama\u00e7lamaktad\u0131r.<\/p>\n","protected":false},"excerpt":{"rendered":"<p>Kitap, hukuk teorisinin sadece esasl\u0131 k\u0131y\u0131lar\u0131 ile ilgilense de, sorunun kalbine gitme yetinizi geli\u015ftirmeyi hedeflemekte ve belirli derslerde \u00e7ok daha ilgin\u00e7 konular\u0131 g\u00f6z \u00f6n\u00fcnde tutarak benzer<span class=\"excerpt-hellip\"> [\u2026]<\/span><\/p>\n","protected":false},"featured_media":0,"template":"","meta":{"_monsterinsights_skip_tracking":false,"_monsterinsights_sitenote_active":false,"_monsterinsights_sitenote_note":"","_monsterinsights_sitenote_category":0},"product_brand":[],"product_cat":[15350,17602],"product_tag":[],"class_list":{"0":"post-708069","1":"product","2":"type-product","3":"status-publish","5":"product_cat-hukuk","6":"product_cat-hukuk-uzerine","7":"pa_cilt-ciltsiz","8":"pa_tur-kitap","9":"pa_yayinevi-astana-yayinlari","10":"pa_yazar-raymond-wacks","12":"first","13":"instock","14":"sale","15":"shipping-taxable","16":"purchasable","17":"product-type-simple"},"_links":{"self":[{"href":"https:\/\/roveyayinevi.com.tr\/index.php\/wp-json\/wp\/v2\/product\/708069","targetHints":{"allow":["GET"]}}],"collection":[{"href":"https:\/\/roveyayinevi.com.tr\/index.php\/wp-json\/wp\/v2\/product"}],"about":[{"href":"https:\/\/roveyayinevi.com.tr\/index.php\/wp-json\/wp\/v2\/types\/product"}],"wp:attachment":[{"href":"https:\/\/roveyayinevi.com.tr\/index.php\/wp-json\/wp\/v2\/media?parent=708069"}],"wp:term":[{"taxonomy":"product_brand","embeddable":true,"href":"https:\/\/roveyayinevi.com.tr\/index.php\/wp-json\/wp\/v2\/product_brand?post=708069"},{"taxonomy":"product_cat","embeddable":true,"href":"https:\/\/roveyayinevi.com.tr\/index.php\/wp-json\/wp\/v2\/product_cat?post=708069"},{"taxonomy":"product_tag","embeddable":true,"href":"https:\/\/roveyayinevi.com.tr\/index.php\/wp-json\/wp\/v2\/product_tag?post=708069"}],"curies":[{"name":"wp","href":"https:\/\/api.w.org\/{rel}","templated":true}]}}