{"id":708066,"date":"2025-08-27T16:11:31","date_gmt":"2025-08-27T13:11:31","guid":{"rendered":"https:\/\/roveyayinevi.com.tr\/index.php\/urun\/kamu-denetciligi-ombudsmanlik-ve-uygulama-ornekleri\/"},"modified":"2026-04-16T02:16:46","modified_gmt":"2026-04-15T23:16:46","slug":"kamu-denetciligi-ombudsmanlik-ve-uygulama-ornekleri","status":"publish","type":"product","link":"https:\/\/roveyayinevi.com.tr\/index.php\/urun\/kamu-denetciligi-ombudsmanlik-ve-uygulama-ornekleri\/","title":{"rendered":"Kamu Denet\u00e7ili\u011fi Ombudsmanl\u0131k Ve Uygulama \u00d6rnekleri"},"content":{"rendered":"<p>G\u00fcn\u00fcm\u00fczde devletin g\u00f6rev ve fonksiyonlar\u0131n\u0131n artmas\u0131, buna ba\u011fl\u0131 olarak giderek b\u00fcy\u00fck bir g\u00fc\u00e7 ve karma\u015f\u0131k bir yap\u0131ya d\u00f6n\u00fc\u015fmesi idari sistemin mevcut denetim yollar\u0131 ile denetlenmesinde \u00e7e\u015fitli aksakl\u0131klara neden olmaktad\u0131r.Bu durum yetkilileri ve akademisyenleri yeni aray\u0131\u015flara y\u00f6neltirken, bu aray\u0131\u015flar, g\u00f6zlerin ilk olarak \u0130sve\u00e7&#8217;te ba\u015far\u0131yla uygulanan Kamu Denet\u00e7ili\u011fi Kurumuna \u00e7evrilmesine neden olmu\u015ftur.G\u00fcncellenmi\u015f ikinci bask\u0131m\u0131zda, ba\u015fta Avrupa Birli\u011fi \u00fclkeleri olmak \u00fczere, y\u00fcz\u00fcn \u00fczerinde \u00fclkede uygulanan Kamu Denet\u00e7ili\u011fi Kurumunun \u00fclkemizde de olu\u015fturulmas\u0131 amac\u0131yla \u00f6zellikle 1980&#8217;den sonra ger\u00e7ekle\u015ftirilen \u00e7e\u015fitli \u00e7al\u0131\u015fmalara yer verilmi\u015ftir. Bu kapsamda Kamu Denet\u00e7ili\u011fi Kurumunun, Avrupa Birli\u011fi ve dokuz farkl\u0131 \u00fclkedeki uygulamalar\u0131 incelenmi\u015f, \u00fclkemizdeki Kamu Denet\u00e7ili\u011fi Kurumu\u2019na y\u00f6nelik geli\u015fmeler ile uluslararas\u0131 kamu denet\u00e7ili\u011fi birlikleri de\u011ferlendirilmi\u015f ve konuyla ilgili g\u00fcncel geli\u015fmelere yer verilmi\u015ftir.<\/p>\n","protected":false},"excerpt":{"rendered":"<p>G\u00fcn\u00fcm\u00fczde devletin g\u00f6rev ve fonksiyonlar\u0131n\u0131n artmas\u0131, buna ba\u011fl\u0131 olarak giderek b\u00fcy\u00fck bir g\u00fc\u00e7 ve karma\u015f\u0131k bir yap\u0131ya d\u00f6n\u00fc\u015fmesi idari sistemin mevcut denetim yollar\u0131 ile denetlenmesinde \u00e7e\u015fitli<span class=\"excerpt-hellip\"> [\u2026]<\/span><\/p>\n","protected":false},"featured_media":0,"template":"","meta":{"_monsterinsights_skip_tracking":false,"_monsterinsights_sitenote_active":false,"_monsterinsights_sitenote_note":"","_monsterinsights_sitenote_category":0},"product_brand":[],"product_cat":[13590,12337],"product_tag":[],"class_list":{"0":"post-708066","1":"product","2":"type-product","3":"status-publish","5":"product_cat-arastirma-inceleme-politika-siyaset","6":"product_cat-politika-siyaset","7":"pa_cilt-ciltsiz","8":"pa_tur-kitap","9":"pa_yayinevi-astana-yayinlari","10":"pa_yazar-muhammed-serkan-sahin","12":"first","13":"instock","14":"sale","15":"shipping-taxable","16":"purchasable","17":"product-type-simple"},"_links":{"self":[{"href":"https:\/\/roveyayinevi.com.tr\/index.php\/wp-json\/wp\/v2\/product\/708066","targetHints":{"allow":["GET"]}}],"collection":[{"href":"https:\/\/roveyayinevi.com.tr\/index.php\/wp-json\/wp\/v2\/product"}],"about":[{"href":"https:\/\/roveyayinevi.com.tr\/index.php\/wp-json\/wp\/v2\/types\/product"}],"wp:attachment":[{"href":"https:\/\/roveyayinevi.com.tr\/index.php\/wp-json\/wp\/v2\/media?parent=708066"}],"wp:term":[{"taxonomy":"product_brand","embeddable":true,"href":"https:\/\/roveyayinevi.com.tr\/index.php\/wp-json\/wp\/v2\/product_brand?post=708066"},{"taxonomy":"product_cat","embeddable":true,"href":"https:\/\/roveyayinevi.com.tr\/index.php\/wp-json\/wp\/v2\/product_cat?post=708066"},{"taxonomy":"product_tag","embeddable":true,"href":"https:\/\/roveyayinevi.com.tr\/index.php\/wp-json\/wp\/v2\/product_tag?post=708066"}],"curies":[{"name":"wp","href":"https:\/\/api.w.org\/{rel}","templated":true}]}}