{"id":708065,"date":"2025-08-27T16:11:31","date_gmt":"2025-08-27T13:11:31","guid":{"rendered":"https:\/\/roveyayinevi.com.tr\/index.php\/urun\/birey-toplum-ve-devlet\/"},"modified":"2026-04-16T02:16:46","modified_gmt":"2026-04-15T23:16:46","slug":"birey-toplum-ve-devlet","status":"publish","type":"product","link":"https:\/\/roveyayinevi.com.tr\/index.php\/urun\/birey-toplum-ve-devlet\/","title":{"rendered":"Birey Toplum ve Devlet"},"content":{"rendered":"<p>\u00c7al\u0131\u015fman\u0131n konusu, ekonomi ile devlet aras\u0131ndaki ili\u015fkinin kamu hukukuna ne \u015fekilde yans\u0131d\u0131\u011f\u0131n\u0131n incelenmesidir. Literat\u00fcrde, genellikle, konunun ekonomi ve devlet ili\u015fkisine ili\u015fkin b\u00f6l\u00fcm\u00fc, ekonomi yahut siyaset bilimi kapsam\u0131nda ele al\u0131nmakta ve genellikle kamu hukukuna etkilerine de\u011finilmemektedir. Konunun kamu hukukuna ili\u015fkin k\u0131sm\u0131 ise hukuk alan\u0131nda ele al\u0131nmakta, ancak, bu \u00e7al\u0131\u015fmalarda da genellikle, hukuk alan\u0131nda ortaya \u00e7\u0131kan de\u011fi\u015fikliklerin arkas\u0131ndaki ekonomik ve siyasi nedenlere de\u011finilmemektedir. B\u00f6ylece hukuk alan\u0131, yava\u015f yava\u015f, hukuki kavramlar ve kurumlar\u0131n soyut incelemeleri ile s\u0131n\u0131rland\u0131r\u0131lmakta, hukuk\u00e7u da bu kavram ve kurumlar\u0131n ortaya \u00e7\u0131k\u0131\u015f sebeplerinden ba\u011f\u0131ms\u0131z olarak, mevcut yap\u0131lar\u0131na ili\u015fkin betimsel bilgiyi aktaran teknik ki\u015fi konumuna kaymaktad\u0131r. B\u00f6ylece, hukuk alan\u0131, ekonomik, siyasal ve toplumsal alanlarda ya\u015fanan sorunlara \u00e7\u00f6z\u00fcm \u00fcretici d\u00fc\u015f\u00fcnsel faaliyetlerin yap\u0131labildi\u011fi bir alan olmaktan uzakla\u015fmakta, gerek k\u00fcresel gerek ulusal seviyede ya\u015fanan sorunlara \u00e7\u00f6z\u00fcm \u00f6nerileri getirilmesi, ekonomi ve siyaset bilimi gibi alanlar\u0131n tekeline girmektedir. <\/p>\n","protected":false},"excerpt":{"rendered":"<p>\u00c7al\u0131\u015fman\u0131n konusu, ekonomi ile devlet aras\u0131ndaki ili\u015fkinin kamu hukukuna ne \u015fekilde yans\u0131d\u0131\u011f\u0131n\u0131n incelenmesidir. Literat\u00fcrde, genellikle, konunun ekonomi ve devlet ili\u015fkisine ili\u015fkin b\u00f6l\u00fcm\u00fc, ekonomi yahut siyaset bilimi<span class=\"excerpt-hellip\"> [\u2026]<\/span><\/p>\n","protected":false},"featured_media":0,"template":"","meta":{"_monsterinsights_skip_tracking":false,"_monsterinsights_sitenote_active":false,"_monsterinsights_sitenote_note":"","_monsterinsights_sitenote_category":0},"product_brand":[],"product_cat":[13488],"product_tag":[],"class_list":{"0":"post-708065","1":"product","2":"type-product","3":"status-publish","5":"product_cat-toplum-ve-insan","6":"pa_cilt-ciltsiz","7":"pa_tur-kitap","8":"pa_yayinevi-astana-yayinlari","9":"pa_yazar-onder-percin","11":"first","12":"instock","13":"sale","14":"shipping-taxable","15":"purchasable","16":"product-type-simple"},"_links":{"self":[{"href":"https:\/\/roveyayinevi.com.tr\/index.php\/wp-json\/wp\/v2\/product\/708065","targetHints":{"allow":["GET"]}}],"collection":[{"href":"https:\/\/roveyayinevi.com.tr\/index.php\/wp-json\/wp\/v2\/product"}],"about":[{"href":"https:\/\/roveyayinevi.com.tr\/index.php\/wp-json\/wp\/v2\/types\/product"}],"wp:attachment":[{"href":"https:\/\/roveyayinevi.com.tr\/index.php\/wp-json\/wp\/v2\/media?parent=708065"}],"wp:term":[{"taxonomy":"product_brand","embeddable":true,"href":"https:\/\/roveyayinevi.com.tr\/index.php\/wp-json\/wp\/v2\/product_brand?post=708065"},{"taxonomy":"product_cat","embeddable":true,"href":"https:\/\/roveyayinevi.com.tr\/index.php\/wp-json\/wp\/v2\/product_cat?post=708065"},{"taxonomy":"product_tag","embeddable":true,"href":"https:\/\/roveyayinevi.com.tr\/index.php\/wp-json\/wp\/v2\/product_tag?post=708065"}],"curies":[{"name":"wp","href":"https:\/\/api.w.org\/{rel}","templated":true}]}}