{"id":708063,"date":"2025-08-27T16:11:30","date_gmt":"2025-08-27T13:11:30","guid":{"rendered":"https:\/\/roveyayinevi.com.tr\/index.php\/urun\/sosyal-bilimlerde-yontem\/"},"modified":"2026-04-16T02:16:46","modified_gmt":"2026-04-15T23:16:46","slug":"sosyal-bilimlerde-yontem","status":"publish","type":"product","link":"https:\/\/roveyayinevi.com.tr\/index.php\/urun\/sosyal-bilimlerde-yontem\/","title":{"rendered":"Sosyal Bilimlerde Y\u00f6ntem"},"content":{"rendered":"<p>\u0130\u00e7indekiler; \u00d6ns\u00f6z Giri\u015f &#8211; Neden Bilgi Elde Etmek \u0130stiyoruz? A- Ya\u015fam\u0131 S\u00fcrd\u00fcrmek B- Merak Birinci B\u00f6l\u00fcm Mant\u0131k- Hakikati Bulma Y\u00f6ntemi-Bilim Felsefesi A- Hakikat ve Ger\u00e7ek (Truth and Reality, V\u00e9rit\u00e9 et R\u00e9alit\u00e9) B- Bilgi Sorunsal\u0131 C- Do\u011fruya Ula\u015fmak, Asl\u0131na Uygun Bilgi Elde Etmek Ne Oranda Olanakl\u0131d\u0131r? D- Nas\u0131l Bir Alg\u0131lama G\u00fcc\u00fc veya Olu\u015fumuyla Bilgi Elde Edilmektedir? Ana Bilgi Elde Etme Y\u00f6ntemleri 1- Ak\u0131l, Ak\u0131lc\u0131l\u0131k, Rasyonalizm 2- Deney, Deneycilik, Ampirizm 3- Sezgi, Sezgicilik, Ent\u00fcisyonizm E- Ana Y\u00f6ntemlere Ba\u011fl\u0131 Uygulamadaki Y\u00f6ntemler 1-Ak\u0131l Y\u00fcr\u00fctme Y\u00f6ntemi Olarak T\u00fcmdengelim-Ded\u00fcksiyon 2-Ak\u0131l Y\u00fcr\u00fctme Y\u00f6ntemi Olarak T\u00fcmevar\u0131m-End\u00fcksiyon 3-Ak\u0131l Y\u00fcr\u00fctme Y\u00f6ntemi Olarak Analoji-K\u0131yas <\/p>\n","protected":false},"excerpt":{"rendered":"<p>\u0130\u00e7indekiler; \u00d6ns\u00f6z Giri\u015f &#8211; Neden Bilgi Elde Etmek \u0130stiyoruz? A- Ya\u015fam\u0131 S\u00fcrd\u00fcrmek B- Merak Birinci B\u00f6l\u00fcm Mant\u0131k- Hakikati Bulma Y\u00f6ntemi-Bilim Felsefesi A- Hakikat ve Ger\u00e7ek (Truth<span class=\"excerpt-hellip\"> [\u2026]<\/span><\/p>\n","protected":false},"featured_media":0,"template":"","meta":{"_monsterinsights_skip_tracking":false,"_monsterinsights_sitenote_active":false,"_monsterinsights_sitenote_note":"","_monsterinsights_sitenote_category":0},"product_brand":[],"product_cat":[13005,40995],"product_tag":[],"class_list":{"0":"post-708063","1":"product","2":"type-product","3":"status-publish","5":"product_cat-bilim-muhendislik","6":"product_cat-sosyal-bilimler","7":"pa_cilt-ciltsiz","8":"pa_tur-kitap","9":"pa_yayinevi-astana-yayinlari","10":"pa_yazar-niyazi-oktem","12":"first","13":"instock","14":"sale","15":"shipping-taxable","16":"purchasable","17":"product-type-simple"},"_links":{"self":[{"href":"https:\/\/roveyayinevi.com.tr\/index.php\/wp-json\/wp\/v2\/product\/708063","targetHints":{"allow":["GET"]}}],"collection":[{"href":"https:\/\/roveyayinevi.com.tr\/index.php\/wp-json\/wp\/v2\/product"}],"about":[{"href":"https:\/\/roveyayinevi.com.tr\/index.php\/wp-json\/wp\/v2\/types\/product"}],"wp:attachment":[{"href":"https:\/\/roveyayinevi.com.tr\/index.php\/wp-json\/wp\/v2\/media?parent=708063"}],"wp:term":[{"taxonomy":"product_brand","embeddable":true,"href":"https:\/\/roveyayinevi.com.tr\/index.php\/wp-json\/wp\/v2\/product_brand?post=708063"},{"taxonomy":"product_cat","embeddable":true,"href":"https:\/\/roveyayinevi.com.tr\/index.php\/wp-json\/wp\/v2\/product_cat?post=708063"},{"taxonomy":"product_tag","embeddable":true,"href":"https:\/\/roveyayinevi.com.tr\/index.php\/wp-json\/wp\/v2\/product_tag?post=708063"}],"curies":[{"name":"wp","href":"https:\/\/api.w.org\/{rel}","templated":true}]}}