{"id":708058,"date":"2025-08-27T16:11:28","date_gmt":"2025-08-27T13:11:28","guid":{"rendered":"https:\/\/roveyayinevi.com.tr\/index.php\/urun\/ermenilerin-emvali-metrukesi\/"},"modified":"2026-04-16T02:16:46","modified_gmt":"2026-04-15T23:16:46","slug":"ermenilerin-emvali-metrukesi","status":"publish","type":"product","link":"https:\/\/roveyayinevi.com.tr\/index.php\/urun\/ermenilerin-emvali-metrukesi\/","title":{"rendered":"Ermenilerin Emvali Metrukesi"},"content":{"rendered":"<p>Konu Ba\u015fl\u0131klar\u0131 &#8211; Zorunlu G\u00f6\u00e7 Uygulamas\u0131na Kadar T\u00fcrk\u2013Ermeni \u0130li\u015fkileri &#8211; 27 May\u0131s 1915 Tarihli Sevk ve \u0130sk\u00e2n Kanunu ve Zorunlu G\u00f6\u00e7 Uygulamalar\u0131 &#8211; Emval\u2013i Metruke Kavram\u0131 ve Kapsam\u0131 &#8211; \u0130ttihat ve Terakki D\u00f6neminde Ermeni Mallar\u0131 &#8211; M\u00fctareke D\u00f6neminde Ermeni Mallar\u0131 &#8211; Milli M\u00fccadeleden 1928&#8217;e Ermeni Mallar\u0131 &#8211; Emval\u2013i Metruke Uygulamalar\u0131 <\/p>\n","protected":false},"excerpt":{"rendered":"<p>Konu Ba\u015fl\u0131klar\u0131 &#8211; Zorunlu G\u00f6\u00e7 Uygulamas\u0131na Kadar T\u00fcrk\u2013Ermeni \u0130li\u015fkileri &#8211; 27 May\u0131s 1915 Tarihli Sevk ve \u0130sk\u00e2n Kanunu ve Zorunlu G\u00f6\u00e7 Uygulamalar\u0131 &#8211; Emval\u2013i Metruke Kavram\u0131<span class=\"excerpt-hellip\"> [\u2026]<\/span><\/p>\n","protected":false},"featured_media":0,"template":"","meta":{"_monsterinsights_skip_tracking":false,"_monsterinsights_sitenote_active":false,"_monsterinsights_sitenote_note":"","_monsterinsights_sitenote_category":0},"product_brand":[],"product_cat":[12337,14528],"product_tag":[],"class_list":{"0":"post-708058","1":"product","2":"type-product","3":"status-publish","5":"product_cat-politika-siyaset","6":"product_cat-siyaset-tarihi","7":"pa_cilt-ciltsiz","8":"pa_tur-kitap","9":"pa_yayinevi-astana-yayinlari","10":"pa_yazar-hasan-guner","12":"first","13":"instock","14":"sale","15":"shipping-taxable","16":"purchasable","17":"product-type-simple"},"_links":{"self":[{"href":"https:\/\/roveyayinevi.com.tr\/index.php\/wp-json\/wp\/v2\/product\/708058","targetHints":{"allow":["GET"]}}],"collection":[{"href":"https:\/\/roveyayinevi.com.tr\/index.php\/wp-json\/wp\/v2\/product"}],"about":[{"href":"https:\/\/roveyayinevi.com.tr\/index.php\/wp-json\/wp\/v2\/types\/product"}],"wp:attachment":[{"href":"https:\/\/roveyayinevi.com.tr\/index.php\/wp-json\/wp\/v2\/media?parent=708058"}],"wp:term":[{"taxonomy":"product_brand","embeddable":true,"href":"https:\/\/roveyayinevi.com.tr\/index.php\/wp-json\/wp\/v2\/product_brand?post=708058"},{"taxonomy":"product_cat","embeddable":true,"href":"https:\/\/roveyayinevi.com.tr\/index.php\/wp-json\/wp\/v2\/product_cat?post=708058"},{"taxonomy":"product_tag","embeddable":true,"href":"https:\/\/roveyayinevi.com.tr\/index.php\/wp-json\/wp\/v2\/product_tag?post=708058"}],"curies":[{"name":"wp","href":"https:\/\/api.w.org\/{rel}","templated":true}]}}