{"id":708049,"date":"2025-08-27T16:11:24","date_gmt":"2025-08-27T13:11:24","guid":{"rendered":"https:\/\/roveyayinevi.com.tr\/index.php\/urun\/1921-anayasasi-ve-egemenligin-gelisimi\/"},"modified":"2026-04-16T02:16:45","modified_gmt":"2026-04-15T23:16:45","slug":"1921-anayasasi-ve-egemenligin-gelisimi","status":"publish","type":"product","link":"https:\/\/roveyayinevi.com.tr\/index.php\/urun\/1921-anayasasi-ve-egemenligin-gelisimi\/","title":{"rendered":"1921 Anayasas\u0131 Ve Egemenli\u011fin Geli\u015fimi"},"content":{"rendered":"<p>Konu Ba\u015fl\u0131klar\u0131 Osmanl\u0131 Devleti&#8217;nin Son Y\u0131llar\u0131nda Siyasal Y\u00f6netim ve Egemenlik Alg\u0131s\u0131Milli Egemenlik Anlay\u0131\u015f\u0131n\u0131n Kurumsal Referanslar\u01311921 Anayasas\u0131n\u0131n Egemenlik Anlay\u0131\u015f\u0131 ve \u00d6ng\u00f6rd\u00fc\u011f\u00fc Siyasal Y\u00f6netim Modeli <\/p>\n","protected":false},"excerpt":{"rendered":"<p>Konu Ba\u015fl\u0131klar\u0131 Osmanl\u0131 Devleti&#8217;nin Son Y\u0131llar\u0131nda Siyasal Y\u00f6netim ve Egemenlik Alg\u0131s\u0131Milli Egemenlik Anlay\u0131\u015f\u0131n\u0131n Kurumsal Referanslar\u01311921 Anayasas\u0131n\u0131n Egemenlik Anlay\u0131\u015f\u0131 ve \u00d6ng\u00f6rd\u00fc\u011f\u00fc Siyasal Y\u00f6netim Modeli<\/p>\n","protected":false},"featured_media":0,"template":"","meta":{"_monsterinsights_skip_tracking":false,"_monsterinsights_sitenote_active":false,"_monsterinsights_sitenote_note":"","_monsterinsights_sitenote_category":0},"product_brand":[],"product_cat":[12304,13493],"product_tag":[],"class_list":{"0":"post-708049","1":"product","2":"type-product","3":"status-publish","5":"product_cat-tarih","6":"product_cat-turkiye-ve-cumhuriyet-tarihi","7":"pa_cilt-ciltsiz","8":"pa_tur-kitap","9":"pa_yayinevi-astana-yayinlari","10":"pa_yazar-gulden-camuroglu","12":"first","13":"instock","14":"sale","15":"shipping-taxable","16":"purchasable","17":"product-type-simple"},"_links":{"self":[{"href":"https:\/\/roveyayinevi.com.tr\/index.php\/wp-json\/wp\/v2\/product\/708049","targetHints":{"allow":["GET"]}}],"collection":[{"href":"https:\/\/roveyayinevi.com.tr\/index.php\/wp-json\/wp\/v2\/product"}],"about":[{"href":"https:\/\/roveyayinevi.com.tr\/index.php\/wp-json\/wp\/v2\/types\/product"}],"wp:attachment":[{"href":"https:\/\/roveyayinevi.com.tr\/index.php\/wp-json\/wp\/v2\/media?parent=708049"}],"wp:term":[{"taxonomy":"product_brand","embeddable":true,"href":"https:\/\/roveyayinevi.com.tr\/index.php\/wp-json\/wp\/v2\/product_brand?post=708049"},{"taxonomy":"product_cat","embeddable":true,"href":"https:\/\/roveyayinevi.com.tr\/index.php\/wp-json\/wp\/v2\/product_cat?post=708049"},{"taxonomy":"product_tag","embeddable":true,"href":"https:\/\/roveyayinevi.com.tr\/index.php\/wp-json\/wp\/v2\/product_tag?post=708049"}],"curies":[{"name":"wp","href":"https:\/\/api.w.org\/{rel}","templated":true}]}}