{"id":708042,"date":"2025-08-27T16:11:21","date_gmt":"2025-08-27T13:11:21","guid":{"rendered":"https:\/\/roveyayinevi.com.tr\/index.php\/urun\/4-sinif-tek-defterim\/"},"modified":"2026-04-16T02:16:45","modified_gmt":"2026-04-15T23:16:45","slug":"4-sinif-tek-defterim","status":"publish","type":"product","link":"https:\/\/roveyayinevi.com.tr\/index.php\/urun\/4-sinif-tek-defterim\/","title":{"rendered":"4. S\u0131n\u0131f Tek Defterim"},"content":{"rendered":"<p>4. S\u0131n\u0131f Tek Defterim<\/p>\n","protected":false},"excerpt":{"rendered":"<p>4. S\u0131n\u0131f Tek Defterim<\/p>\n","protected":false},"featured_media":0,"template":"","meta":{"_monsterinsights_skip_tracking":false,"_monsterinsights_sitenote_active":false,"_monsterinsights_sitenote_note":"","_monsterinsights_sitenote_category":0},"product_brand":[],"product_cat":[45577,12566,45576,42911,13473],"product_tag":[],"class_list":{"0":"post-708042","1":"product","2":"type-product","3":"status-publish","5":"product_cat-4-sinif-tum-dersler-konu","6":"product_cat-egitim","7":"product_cat-ilkogretim-4-sinif","8":"product_cat-ilkogretim-yardimci-kitaplar","9":"product_cat-sinavlara-hazirlik-okula-yardimci-kaynaklar","10":"pa_cilt-ciltsiz","11":"pa_tur-kitap","12":"pa_yayinevi-palme-yayincilik-hazirlik-kitaplari-bayilik-urunleri","13":"pa_yazar-palme-kolektif","15":"first","16":"instock","17":"sale","18":"shipping-taxable","19":"purchasable","20":"product-type-simple"},"_links":{"self":[{"href":"https:\/\/roveyayinevi.com.tr\/index.php\/wp-json\/wp\/v2\/product\/708042","targetHints":{"allow":["GET"]}}],"collection":[{"href":"https:\/\/roveyayinevi.com.tr\/index.php\/wp-json\/wp\/v2\/product"}],"about":[{"href":"https:\/\/roveyayinevi.com.tr\/index.php\/wp-json\/wp\/v2\/types\/product"}],"wp:attachment":[{"href":"https:\/\/roveyayinevi.com.tr\/index.php\/wp-json\/wp\/v2\/media?parent=708042"}],"wp:term":[{"taxonomy":"product_brand","embeddable":true,"href":"https:\/\/roveyayinevi.com.tr\/index.php\/wp-json\/wp\/v2\/product_brand?post=708042"},{"taxonomy":"product_cat","embeddable":true,"href":"https:\/\/roveyayinevi.com.tr\/index.php\/wp-json\/wp\/v2\/product_cat?post=708042"},{"taxonomy":"product_tag","embeddable":true,"href":"https:\/\/roveyayinevi.com.tr\/index.php\/wp-json\/wp\/v2\/product_tag?post=708042"}],"curies":[{"name":"wp","href":"https:\/\/api.w.org\/{rel}","templated":true}]}}