{"id":708033,"date":"2025-08-27T16:11:09","date_gmt":"2025-08-27T13:11:09","guid":{"rendered":"https:\/\/roveyayinevi.com.tr\/index.php\/urun\/turk-musikisi-solfej-metodu\/"},"modified":"2026-04-16T02:16:45","modified_gmt":"2026-04-15T23:16:45","slug":"turk-musikisi-solfej-metodu","status":"publish","type":"product","link":"https:\/\/roveyayinevi.com.tr\/index.php\/urun\/turk-musikisi-solfej-metodu\/","title":{"rendered":"T\u00fcrk Musikisi Solfej Metodu"},"content":{"rendered":"<p>T\u00fcrk m\u016bsik\u00eesi ses sisteminin bat\u0131 m\u016bsik\u00eesi sisteminden farkl\u0131 olu\u015fu, e\u011fitimin de farkl\u0131l\u0131\u011f\u0131n\u0131 gerektirmektedir. Her m\u016bsik\u00ee kendi sistemi i\u00e7inde kendi ilkeleriyle incelendi\u011fi zam\u0101n do\u011fru hareket edilmi\u015f olaca\u011f\u0131ndan, bat\u0131 m\u016bsik\u00eesinin T\u00fcrk m\u016bsik\u00eesi esaslar\u0131na g\u00f6re e\u011fitimi nas\u0131l m\u00fcmk\u00fcn de\u011filse, T\u00fcrk m\u016bsik\u00eesinin de bat\u0131 m\u016bsik\u00eesi sistemiyle e\u011fitimi o derece m\u00fcmk\u00fcn de\u011fildir. Elbette iki ayr\u0131 m\u016bsik\u00ee sisteminin daha iyi anla\u015f\u0131lmas\u0131 farkl\u0131l\u0131klar\u0131 \u00fczerinde olumlu ya da olumsuz de\u011fer yarg\u0131lar\u0131na saplanmadan ilm\u00ee bir tarafs\u0131zl\u0131kla ele al\u0131n\u0131p \u00f6zelliklerinin bilinmesi ve muk\u0101yesesi e\u011fitim i\u00e7in yararl\u0131d\u0131r ve hatta gereklidir de. T\u00fcrk m\u016bsik\u00eesi sisteminin bat\u0131 m\u016bsik\u00eesi sisteminden ayr\u0131 olmas\u0131ndan do\u011fan e\u011fitim farkl\u0131l\u0131\u011f\u0131 \u201cSolfej\u201d alan\u0131nda bir eksikli\u011fin varl\u0131\u011f\u0131n\u0131 b\u00fct\u00fcn \u015fiddetiyle ortaya koymu\u015ftur. Bu ihtiyac\u0131n giderilmesi yolunda ne yaz\u0131k ki bu g\u00fcne kadar k\u00f6kl\u00fc bir \u00e7al\u0131\u015fma da yap\u0131lmam\u0131\u015ft\u0131r. Bu bo\u015fluk i\u00e7erisinde bat\u0131 m\u016bsik\u00eesi sistemiyle yaz\u0131lm\u0131\u015f, kendi alan\u0131nda \u00e7ok de\u011ferli solfej kitaplar\u0131ndan meded umulmu\u015f fakat T\u00fcrk m\u016bsik\u00eesi aral\u0131klar\u0131n\u0131n \u00f6zelli\u011fini aksettirmekten uzak bu t\u00fcr metotlardan beklenilen yarar sa\u011flanamam\u0131\u015ft\u0131r. \ufffc<\/p>\n","protected":false},"excerpt":{"rendered":"<p>T\u00fcrk m\u016bsik\u00eesi ses sisteminin bat\u0131 m\u016bsik\u00eesi sisteminden farkl\u0131 olu\u015fu, e\u011fitimin de farkl\u0131l\u0131\u011f\u0131n\u0131 gerektirmektedir. Her m\u016bsik\u00ee kendi sistemi i\u00e7inde kendi ilkeleriyle incelendi\u011fi zam\u0101n do\u011fru hareket edilmi\u015f olaca\u011f\u0131ndan,<span class=\"excerpt-hellip\"> [\u2026]<\/span><\/p>\n","protected":false},"featured_media":0,"template":"","meta":{"_monsterinsights_skip_tracking":false,"_monsterinsights_sitenote_active":false,"_monsterinsights_sitenote_note":"","_monsterinsights_sitenote_category":0},"product_brand":[],"product_cat":[14591,14556],"product_tag":[],"class_list":{"0":"post-708033","1":"product","2":"type-product","3":"status-publish","5":"product_cat-genel-kavramlar-kuram-ve-tarihce","6":"product_cat-muzik","7":"pa_cilt-ciltsiz","8":"pa_tur-kitap","9":"pa_yayinevi-otto-yayinlari","10":"pa_yazar-ahmet-hatiboglu","12":"first","13":"instock","14":"sale","15":"shipping-taxable","16":"purchasable","17":"product-type-simple"},"_links":{"self":[{"href":"https:\/\/roveyayinevi.com.tr\/index.php\/wp-json\/wp\/v2\/product\/708033","targetHints":{"allow":["GET"]}}],"collection":[{"href":"https:\/\/roveyayinevi.com.tr\/index.php\/wp-json\/wp\/v2\/product"}],"about":[{"href":"https:\/\/roveyayinevi.com.tr\/index.php\/wp-json\/wp\/v2\/types\/product"}],"wp:attachment":[{"href":"https:\/\/roveyayinevi.com.tr\/index.php\/wp-json\/wp\/v2\/media?parent=708033"}],"wp:term":[{"taxonomy":"product_brand","embeddable":true,"href":"https:\/\/roveyayinevi.com.tr\/index.php\/wp-json\/wp\/v2\/product_brand?post=708033"},{"taxonomy":"product_cat","embeddable":true,"href":"https:\/\/roveyayinevi.com.tr\/index.php\/wp-json\/wp\/v2\/product_cat?post=708033"},{"taxonomy":"product_tag","embeddable":true,"href":"https:\/\/roveyayinevi.com.tr\/index.php\/wp-json\/wp\/v2\/product_tag?post=708033"}],"curies":[{"name":"wp","href":"https:\/\/api.w.org\/{rel}","templated":true}]}}