{"id":708032,"date":"2025-08-27T16:11:08","date_gmt":"2025-08-27T13:11:08","guid":{"rendered":"https:\/\/roveyayinevi.com.tr\/index.php\/urun\/selefiligin-fikri-arkaplani\/"},"modified":"2026-04-16T02:16:45","modified_gmt":"2026-04-15T23:16:45","slug":"selefiligin-fikri-arkaplani","status":"publish","type":"product","link":"https:\/\/roveyayinevi.com.tr\/index.php\/urun\/selefiligin-fikri-arkaplani\/","title":{"rendered":"Selefili\u011fin Fikri Arkaplan\u0131"},"content":{"rendered":"<p>Selefilik, g\u00fcn\u00fcm\u00fczde \u0130slam d\u00fcnyas\u0131nda siyas\u00ee ideolojiye d\u00f6n\u00fc\u015fm\u00fc\u015f ve \u00f6ncekinden farkl\u0131 bir h\u00fcviyet kazanm\u0131\u015ft\u0131r. Selefi ideoloji, asl\u0131nda ge\u00e7mi\u015fte gelece\u011fi kurma projesidir. Toplumu tarihin belli bir d\u00f6nemine g\u00f6t\u00fcr\u00fcp oraya hapsetmeyi hedeflemektedir. Ama toplumsal de\u011fi\u015fimin kar\u015f\u0131s\u0131nda ne kadar direnebilece\u011fini tarih g\u00f6sterecektir.Bu kitap, Selefili\u011fin g\u00fcndemde oldu\u011fu bir d\u00f6nemde, sa\u011flam verilere dayal\u0131 tart\u0131\u015fmalar\u0131n yap\u0131lmas\u0131na zemin haz\u0131rlayacak fikr\u00ee altyap\u0131y\u0131 sunmak amac\u0131yla haz\u0131rlanm\u0131\u015ft\u0131r.<\/p>\n","protected":false},"excerpt":{"rendered":"<p>Selefilik, g\u00fcn\u00fcm\u00fczde \u0130slam d\u00fcnyas\u0131nda siyas\u00ee ideolojiye d\u00f6n\u00fc\u015fm\u00fc\u015f ve \u00f6ncekinden farkl\u0131 bir h\u00fcviyet kazanm\u0131\u015ft\u0131r. Selefi ideoloji, asl\u0131nda ge\u00e7mi\u015fte gelece\u011fi kurma projesidir. Toplumu tarihin belli bir d\u00f6nemine g\u00f6t\u00fcr\u00fcp<span class=\"excerpt-hellip\"> [\u2026]<\/span><\/p>\n","protected":false},"featured_media":0,"template":"","meta":{"_monsterinsights_skip_tracking":false,"_monsterinsights_sitenote_active":false,"_monsterinsights_sitenote_note":"","_monsterinsights_sitenote_category":0},"product_brand":[],"product_cat":[13036,12718,12719],"product_tag":[],"class_list":{"0":"post-708032","1":"product","2":"type-product","3":"status-publish","5":"product_cat-arastirma-inceleme-islam","6":"product_cat-din","7":"product_cat-islam","8":"pa_cilt-ciltli","9":"pa_tur-kitap","10":"pa_yayinevi-otto-yayinlari","11":"pa_yazar-sonmez-kutlu","13":"first","14":"instock","15":"sale","16":"shipping-taxable","17":"purchasable","18":"product-type-simple"},"_links":{"self":[{"href":"https:\/\/roveyayinevi.com.tr\/index.php\/wp-json\/wp\/v2\/product\/708032","targetHints":{"allow":["GET"]}}],"collection":[{"href":"https:\/\/roveyayinevi.com.tr\/index.php\/wp-json\/wp\/v2\/product"}],"about":[{"href":"https:\/\/roveyayinevi.com.tr\/index.php\/wp-json\/wp\/v2\/types\/product"}],"wp:attachment":[{"href":"https:\/\/roveyayinevi.com.tr\/index.php\/wp-json\/wp\/v2\/media?parent=708032"}],"wp:term":[{"taxonomy":"product_brand","embeddable":true,"href":"https:\/\/roveyayinevi.com.tr\/index.php\/wp-json\/wp\/v2\/product_brand?post=708032"},{"taxonomy":"product_cat","embeddable":true,"href":"https:\/\/roveyayinevi.com.tr\/index.php\/wp-json\/wp\/v2\/product_cat?post=708032"},{"taxonomy":"product_tag","embeddable":true,"href":"https:\/\/roveyayinevi.com.tr\/index.php\/wp-json\/wp\/v2\/product_tag?post=708032"}],"curies":[{"name":"wp","href":"https:\/\/api.w.org\/{rel}","templated":true}]}}