{"id":708031,"date":"2025-08-27T16:11:08","date_gmt":"2025-08-27T13:11:08","guid":{"rendered":"https:\/\/roveyayinevi.com.tr\/index.php\/urun\/muhtasar-hadis-ilimleri-ve-usulu\/"},"modified":"2026-04-16T02:16:45","modified_gmt":"2026-04-15T23:16:45","slug":"muhtasar-hadis-ilimleri-ve-usulu","status":"publish","type":"product","link":"https:\/\/roveyayinevi.com.tr\/index.php\/urun\/muhtasar-hadis-ilimleri-ve-usulu\/","title":{"rendered":"Muhtasar Hadis \u0130limleri ve Usul\u00fc"},"content":{"rendered":"<p>Temel kaynaklar ve usul kitaplar\u0131 ba\u015fta olmak \u00fczere, hadis ilmi alan\u0131nda yaz\u0131lm\u0131\u015f her kitab\u0131n bir olu\u015fum s\u00fcreci vard\u0131r. Kaynak olarak T\u00fcrk\u00e7e yaz\u0131lm\u0131\u015f \u00e7ok say\u0131da hadis us\u00fbl\u00fc ve hadis tarihi kitab\u0131 bulunmas\u0131na ra\u011fmen bak\u0131\u015f a\u00e7\u0131s\u0131ndaki farkl\u0131l\u0131klardan dolay\u0131 bu kitaplarda baz\u0131 noktalar\u0131n gere\u011finden k\u0131sa, baz\u0131 noktalar\u0131n uzun tutuldu\u011funu, baz\u0131 konulara yer verilip baz\u0131s\u0131na yer verilmedi\u011fini fark ettik. Muhtasar bir hadis us\u00fbl\u00fc ve hadis tarihine duyulan kitap ihtiyac\u0131, Bu kitab\u0131n haz\u0131rlanmas\u0131na sebep oldu. Bu kitapta yer alan bilgiler, farkl\u0131 de\u011ferlendirmelerle zenginle\u015ftirilmi\u015ftir. Yeri geldik\u00e7e konuyla ilgili ihtilaflar ve farkl\u0131 yakla\u015f\u0131mlar da hat\u0131rlat\u0131lm\u0131\u015ft\u0131r.<\/p>\n","protected":false},"excerpt":{"rendered":"<p>Temel kaynaklar ve usul kitaplar\u0131 ba\u015fta olmak \u00fczere, hadis ilmi alan\u0131nda yaz\u0131lm\u0131\u015f her kitab\u0131n bir olu\u015fum s\u00fcreci vard\u0131r. Kaynak olarak T\u00fcrk\u00e7e yaz\u0131lm\u0131\u015f \u00e7ok say\u0131da hadis us\u00fbl\u00fc<span class=\"excerpt-hellip\"> [\u2026]<\/span><\/p>\n","protected":false},"featured_media":0,"template":"","meta":{"_monsterinsights_skip_tracking":false,"_monsterinsights_sitenote_active":false,"_monsterinsights_sitenote_note":"","_monsterinsights_sitenote_category":0},"product_brand":[],"product_cat":[12718,12719,45552],"product_tag":[],"class_list":{"0":"post-708031","1":"product","2":"type-product","3":"status-publish","5":"product_cat-din","6":"product_cat-islam","7":"product_cat-meal-tefsir-hadis","8":"pa_cilt-ciltsiz","9":"pa_tur-kitap","10":"pa_yayinevi-otto-yayinlari","11":"pa_yazar-nevzat-tarti","13":"first","14":"instock","15":"sale","16":"shipping-taxable","17":"purchasable","18":"product-type-simple"},"_links":{"self":[{"href":"https:\/\/roveyayinevi.com.tr\/index.php\/wp-json\/wp\/v2\/product\/708031","targetHints":{"allow":["GET"]}}],"collection":[{"href":"https:\/\/roveyayinevi.com.tr\/index.php\/wp-json\/wp\/v2\/product"}],"about":[{"href":"https:\/\/roveyayinevi.com.tr\/index.php\/wp-json\/wp\/v2\/types\/product"}],"wp:attachment":[{"href":"https:\/\/roveyayinevi.com.tr\/index.php\/wp-json\/wp\/v2\/media?parent=708031"}],"wp:term":[{"taxonomy":"product_brand","embeddable":true,"href":"https:\/\/roveyayinevi.com.tr\/index.php\/wp-json\/wp\/v2\/product_brand?post=708031"},{"taxonomy":"product_cat","embeddable":true,"href":"https:\/\/roveyayinevi.com.tr\/index.php\/wp-json\/wp\/v2\/product_cat?post=708031"},{"taxonomy":"product_tag","embeddable":true,"href":"https:\/\/roveyayinevi.com.tr\/index.php\/wp-json\/wp\/v2\/product_tag?post=708031"}],"curies":[{"name":"wp","href":"https:\/\/api.w.org\/{rel}","templated":true}]}}