{"id":708030,"date":"2025-08-27T16:11:08","date_gmt":"2025-08-27T13:11:08","guid":{"rendered":"https:\/\/roveyayinevi.com.tr\/index.php\/urun\/kurana-giris\/"},"modified":"2026-04-16T02:16:45","modified_gmt":"2026-04-15T23:16:45","slug":"kurana-giris","status":"publish","type":"product","link":"https:\/\/roveyayinevi.com.tr\/index.php\/urun\/kurana-giris\/","title":{"rendered":"Kur&#8217;an&#8217;a Giri\u015f"},"content":{"rendered":"<p>Bir M\u00fcsl\u00fcman\u0131n hakikati bulmas\u0131, Allah\u2019\u0131n ilk emri olan \u201cOku!\u201d eylemiyle ili\u015fkisine ba\u011fl\u0131d\u0131r. Bu ba\u011flamdaKur\u2019an\u2019\u0131 do\u011fru okumak ve anlamak her anlam\u0131yla \u00f6nemlidir. Bu kitap, Kur\u2019an\u2019\u0131n anla\u015f\u0131lmas\u0131 i\u00e7in bir giri\u015fniteli\u011findedir. Bu kitapta Kur\u2019an\u2019a ait temel meseleler ele al\u0131nm\u0131\u015f ve sarih bir ifadeyle okuyucunun ilgisinesunulmu\u015ftur. Eserin yaz\u0131lmas\u0131ndan bu yana uzun bir s\u00fcre ge\u00e7mesine ra\u011fmen h\u00e2l\u00e2 a\u015f\u0131lamamas\u0131n\u0131n sebebi bueserin g\u00fc\u00e7l\u00fc bir d\u00fc\u015f\u00fcn\u00fcr taraf\u0131ndan kaleme al\u0131nmas\u0131nda yatmaktad\u0131r. Draz, bu eserde, Kur\u2019an-\u0131 Kerim hakk\u0131ndaancak binlerce sayfada anlat\u0131labilecek konular\u0131n \u00f6z\u00fcn\u00fc doyurucu bir bi\u00e7imde ele almaktad\u0131r.\ufffcTan\u0131t\u0131m Metni<\/p>\n","protected":false},"excerpt":{"rendered":"<p>Bir M\u00fcsl\u00fcman\u0131n hakikati bulmas\u0131, Allah\u2019\u0131n ilk emri olan \u201cOku!\u201d eylemiyle ili\u015fkisine ba\u011fl\u0131d\u0131r. Bu ba\u011flamdaKur\u2019an\u2019\u0131 do\u011fru okumak ve anlamak her anlam\u0131yla \u00f6nemlidir. Bu kitap, Kur\u2019an\u2019\u0131n anla\u015f\u0131lmas\u0131 i\u00e7in<span class=\"excerpt-hellip\"> [\u2026]<\/span><\/p>\n","protected":false},"featured_media":0,"template":"","meta":{"_monsterinsights_skip_tracking":false,"_monsterinsights_sitenote_active":false,"_monsterinsights_sitenote_note":"","_monsterinsights_sitenote_category":0},"product_brand":[],"product_cat":[12718,12719],"product_tag":[],"class_list":{"0":"post-708030","1":"product","2":"type-product","3":"status-publish","5":"product_cat-din","6":"product_cat-islam","7":"pa_cilt-ciltsiz","8":"pa_tur-kitap","9":"pa_yayinevi-otto-yayinlari","10":"pa_yazar-abdullah-draz","12":"first","13":"instock","14":"sale","15":"shipping-taxable","16":"purchasable","17":"product-type-simple"},"_links":{"self":[{"href":"https:\/\/roveyayinevi.com.tr\/index.php\/wp-json\/wp\/v2\/product\/708030","targetHints":{"allow":["GET"]}}],"collection":[{"href":"https:\/\/roveyayinevi.com.tr\/index.php\/wp-json\/wp\/v2\/product"}],"about":[{"href":"https:\/\/roveyayinevi.com.tr\/index.php\/wp-json\/wp\/v2\/types\/product"}],"wp:attachment":[{"href":"https:\/\/roveyayinevi.com.tr\/index.php\/wp-json\/wp\/v2\/media?parent=708030"}],"wp:term":[{"taxonomy":"product_brand","embeddable":true,"href":"https:\/\/roveyayinevi.com.tr\/index.php\/wp-json\/wp\/v2\/product_brand?post=708030"},{"taxonomy":"product_cat","embeddable":true,"href":"https:\/\/roveyayinevi.com.tr\/index.php\/wp-json\/wp\/v2\/product_cat?post=708030"},{"taxonomy":"product_tag","embeddable":true,"href":"https:\/\/roveyayinevi.com.tr\/index.php\/wp-json\/wp\/v2\/product_tag?post=708030"}],"curies":[{"name":"wp","href":"https:\/\/api.w.org\/{rel}","templated":true}]}}