{"id":708029,"date":"2025-08-27T16:11:07","date_gmt":"2025-08-27T13:11:07","guid":{"rendered":"https:\/\/roveyayinevi.com.tr\/index.php\/urun\/hz-peygamber-ve-kuran-disi-vahiy-ciltli\/"},"modified":"2026-04-16T02:16:45","modified_gmt":"2026-04-15T23:16:45","slug":"hz-peygamber-ve-kuran-disi-vahiy-ciltli","status":"publish","type":"product","link":"https:\/\/roveyayinevi.com.tr\/index.php\/urun\/hz-peygamber-ve-kuran-disi-vahiy-ciltli\/","title":{"rendered":"Hz. Peygamber ve Kur&#8217;an D\u0131\u015f\u0131 Vahiy  ( Ciltli )"},"content":{"rendered":"<p>\u0130slam literat\u00fcr\u00fcnde, \u00f6zellikle \u0130slam \u00fcmmetinin gelece\u011fine dair Hz. Peygamberden nakledilen pek \u00e7ok rivayet vard\u0131r. Bunlar\u0131n m\u00fc\u015ftereken sahip olduklar\u0131 vas\u0131f, gaybdan haber veriyor olmalar\u0131d\u0131r. Bu rivayetlerin \u00e7o\u011funlukla Hz. Peygambere isnad ediliyor olmalar\u0131, bunlar\u0131 \u00e7e\u015fitli \u015fekillerde yorumlayan m\u00fcsl\u00fcmanlar aras\u0131nda, as\u0131rlar\u0131 kucaklayan ihtilaflar do\u011furmu\u015f ve h\u00e2len de do\u011furmaktad\u0131r. Bu rivayetleri \u0130slami a\u00e7\u0131dan de\u011ferlendirebilmek, Kitap ve S\u00fcnnetin bu husustaki \u00f6l\u00e7\u00fcs\u00fcn\u00fc ortaya koymay\u0131 gerekli k\u0131lmaktad\u0131r.Bu eser, Mehmed Said Hatibo\u011flu Kitapl\u0131\u011f\u0131ndan yay\u0131mlanan kitaplar\u0131n us\u00fbl\u00fc mahiyetinde olup say\u0131s\u0131z denecek istismar mahsullerinin ni\u00e7in Resulullaha isnad edilemeyece\u011finin gerek\u00e7elerini ele almaktad\u0131r.<\/p>\n","protected":false},"excerpt":{"rendered":"<p>\u0130slam literat\u00fcr\u00fcnde, \u00f6zellikle \u0130slam \u00fcmmetinin gelece\u011fine dair Hz. Peygamberden nakledilen pek \u00e7ok rivayet vard\u0131r. Bunlar\u0131n m\u00fc\u015ftereken sahip olduklar\u0131 vas\u0131f, gaybdan haber veriyor olmalar\u0131d\u0131r. Bu rivayetlerin \u00e7o\u011funlukla<span class=\"excerpt-hellip\"> [\u2026]<\/span><\/p>\n","protected":false},"featured_media":0,"template":"","meta":{"_monsterinsights_skip_tracking":false,"_monsterinsights_sitenote_active":false,"_monsterinsights_sitenote_note":"","_monsterinsights_sitenote_category":0},"product_brand":[],"product_cat":[12718,12719,45552],"product_tag":[],"class_list":{"0":"post-708029","1":"product","2":"type-product","3":"status-publish","5":"product_cat-din","6":"product_cat-islam","7":"product_cat-meal-tefsir-hadis","8":"pa_cilt-ciltli","9":"pa_tur-kitap","10":"pa_yayinevi-otto-yayinlari","11":"pa_yazar-mehmed-said-hatiboglu","13":"first","14":"instock","15":"sale","16":"shipping-taxable","17":"purchasable","18":"product-type-simple"},"_links":{"self":[{"href":"https:\/\/roveyayinevi.com.tr\/index.php\/wp-json\/wp\/v2\/product\/708029","targetHints":{"allow":["GET"]}}],"collection":[{"href":"https:\/\/roveyayinevi.com.tr\/index.php\/wp-json\/wp\/v2\/product"}],"about":[{"href":"https:\/\/roveyayinevi.com.tr\/index.php\/wp-json\/wp\/v2\/types\/product"}],"wp:attachment":[{"href":"https:\/\/roveyayinevi.com.tr\/index.php\/wp-json\/wp\/v2\/media?parent=708029"}],"wp:term":[{"taxonomy":"product_brand","embeddable":true,"href":"https:\/\/roveyayinevi.com.tr\/index.php\/wp-json\/wp\/v2\/product_brand?post=708029"},{"taxonomy":"product_cat","embeddable":true,"href":"https:\/\/roveyayinevi.com.tr\/index.php\/wp-json\/wp\/v2\/product_cat?post=708029"},{"taxonomy":"product_tag","embeddable":true,"href":"https:\/\/roveyayinevi.com.tr\/index.php\/wp-json\/wp\/v2\/product_tag?post=708029"}],"curies":[{"name":"wp","href":"https:\/\/api.w.org\/{rel}","templated":true}]}}