{"id":708026,"date":"2025-08-27T16:11:06","date_gmt":"2025-08-27T13:11:06","guid":{"rendered":"https:\/\/roveyayinevi.com.tr\/index.php\/urun\/cagdas-dunyada-din-ve-dindarlar-ciltli\/"},"modified":"2026-04-16T02:16:45","modified_gmt":"2026-04-15T23:16:45","slug":"cagdas-dunyada-din-ve-dindarlar-ciltli","status":"publish","type":"product","link":"https:\/\/roveyayinevi.com.tr\/index.php\/urun\/cagdas-dunyada-din-ve-dindarlar-ciltli\/","title":{"rendered":"\u00c7a\u011fda\u015f D\u00fcnyada Din ve Dindarlar ( Ciltli )"},"content":{"rendered":"<p>Tagore, \u201cHer do\u011fan \u00e7ocuk Tanr\u0131\u2019n\u0131n insanlardan \u00fcmidini kesmedi\u011finin bir i\u015faretidir.\u201d der. \u0130slam co\u011frafyas\u0131nda uzun zamand\u0131r bir huzursuzluk ve buhran h\u00e2li h\u00fck\u00fcm s\u00fcrmektedir. Gittik\u00e7e derinle\u015fen bu h\u00e2l, inanan\u0131 bug\u00fcn\u00fcn insan\u0131 yapamamaktad\u0131r. Dahas\u0131 insan\u0131, ya\u015fad\u0131\u011f\u0131 \u00e7a\u011f\u0131n yabanc\u0131s\u0131 h\u00e2line getirmektedir. \u0130nsan\u0131n hak ve \u00f6zg\u00fcrl\u00fck alan\u0131n\u0131 daha da geni\u015fleten, bireyi bask\u0131layan otoritelere kar\u015f\u0131 onu koruyacak mekanizmalar\u0131 geli\u015ftiren bir yap\u0131ya her zamankinden daha fazla ihtiya\u00e7 duyulmaktad\u0131r.Elinizdeki kitap, dinin, \u00e7a\u011fda\u015f d\u00fcnyada nas\u0131l bir kar\u015f\u0131l\u0131\u011f\u0131 olabilece\u011finin yollar\u0131n\u0131 g\u00f6stermektedir.<\/p>\n","protected":false},"excerpt":{"rendered":"<p>Tagore, \u201cHer do\u011fan \u00e7ocuk Tanr\u0131\u2019n\u0131n insanlardan \u00fcmidini kesmedi\u011finin bir i\u015faretidir.\u201d der. \u0130slam co\u011frafyas\u0131nda uzun zamand\u0131r bir huzursuzluk ve buhran h\u00e2li h\u00fck\u00fcm s\u00fcrmektedir. Gittik\u00e7e derinle\u015fen bu h\u00e2l,<span class=\"excerpt-hellip\"> [\u2026]<\/span><\/p>\n","protected":false},"featured_media":0,"template":"","meta":{"_monsterinsights_skip_tracking":false,"_monsterinsights_sitenote_active":false,"_monsterinsights_sitenote_note":"","_monsterinsights_sitenote_category":0},"product_brand":[],"product_cat":[12718,12719,13025],"product_tag":[],"class_list":{"0":"post-708026","1":"product","2":"type-product","3":"status-publish","5":"product_cat-din","6":"product_cat-islam","7":"product_cat-islam-ve-gunumuz-islam-dusuncesi","8":"pa_cilt-ciltli","9":"pa_tur-kitap","10":"pa_yayinevi-otto-yayinlari","11":"pa_yazar-saban-ali-duzgun","13":"first","14":"instock","15":"sale","16":"shipping-taxable","17":"purchasable","18":"product-type-simple"},"_links":{"self":[{"href":"https:\/\/roveyayinevi.com.tr\/index.php\/wp-json\/wp\/v2\/product\/708026","targetHints":{"allow":["GET"]}}],"collection":[{"href":"https:\/\/roveyayinevi.com.tr\/index.php\/wp-json\/wp\/v2\/product"}],"about":[{"href":"https:\/\/roveyayinevi.com.tr\/index.php\/wp-json\/wp\/v2\/types\/product"}],"wp:attachment":[{"href":"https:\/\/roveyayinevi.com.tr\/index.php\/wp-json\/wp\/v2\/media?parent=708026"}],"wp:term":[{"taxonomy":"product_brand","embeddable":true,"href":"https:\/\/roveyayinevi.com.tr\/index.php\/wp-json\/wp\/v2\/product_brand?post=708026"},{"taxonomy":"product_cat","embeddable":true,"href":"https:\/\/roveyayinevi.com.tr\/index.php\/wp-json\/wp\/v2\/product_cat?post=708026"},{"taxonomy":"product_tag","embeddable":true,"href":"https:\/\/roveyayinevi.com.tr\/index.php\/wp-json\/wp\/v2\/product_tag?post=708026"}],"curies":[{"name":"wp","href":"https:\/\/api.w.org\/{rel}","templated":true}]}}