{"id":708019,"date":"2025-08-27T16:11:02","date_gmt":"2025-08-27T13:11:02","guid":{"rendered":"https:\/\/roveyayinevi.com.tr\/index.php\/urun\/arsiv-kanunlarinin-anatomisi\/"},"modified":"2025-12-30T10:04:00","modified_gmt":"2025-12-30T07:04:00","slug":"arsiv-kanunlarinin-anatomisi","status":"publish","type":"product","link":"https:\/\/roveyayinevi.com.tr\/index.php\/urun\/arsiv-kanunlarinin-anatomisi\/","title":{"rendered":"Ar\u015fiv Kanunlar\u0131n\u0131n Anatomisi"},"content":{"rendered":"<p>Ar\u015fiv kanunlar\u0131 belgelerin \u00fcretiminden korunmas\u0131na, d\u00fczenlenmesinden imhas\u0131na ve ara\u015ft\u0131rmaya a\u00e7\u0131lmas\u0131na kadar ar\u015fivcilik mesle\u011finin b\u00fct\u00fcn uygulama alanlar\u0131 \u00fczerinde belirleyicidir. Ancak ar\u015fiv kanunlar\u0131, \u00fclkelerin tarihine, geleneklerine, idari yap\u0131lar\u0131na, sosyal \u015fartlar\u0131na ve ekonomik uygulamalar\u0131na g\u00f6re farkl\u0131 \u00f6zelliklere sahip olabilir. Bu farkl\u0131 \u00f6zellikler, ar\u015fiv kanunlar\u0131n\u0131n genel karakteristik yap\u0131s\u0131n\u0131n tespitinde ve bir ar\u015fiv kanunu metninin haz\u0131rlan\u0131\u015f\u0131nda yol g\u00f6stericidir. Bu y\u00fczden ar\u015fiv kanunlar\u0131n\u0131n genel karakterinin ne oldu\u011fuyla alakal\u0131 referans al\u0131nabilecek bir modelin haz\u0131rlanmas\u0131 kanun ihtiyac\u0131nda olanlar i\u00e7in \u00f6nemlidir. B\u00f6ylelikle \u00fclkelerin idari ge\u00e7mi\u015fine ve mevcut idari yap\u0131s\u0131na, ekonomi ve hukuk sistemine uygun olacak \/ ayk\u0131r\u0131 olmayacak hangi ilkelerin temel al\u0131nmak suretiyle bir kanun metninin d\u00fczenlenece\u011fi de tayin edilir. Aksi takdirde i\u015flevsiz bir kanun metninin d\u00fczenlenmesi ka\u00e7\u0131n\u0131lmazd\u0131r. Ar\u015fiv kanunlar\u0131n\u0131n genel karakteristik yap\u0131s\u0131n\u0131n incelendi\u011fi bu kitap, hen\u00fcz bir ar\u015fiv kanununa sahip olmayan T\u00fcrkiye i\u00e7in yol g\u00f6sterici bir fonksiyon \u00fcstlenebilir.<\/p>\n","protected":false},"excerpt":{"rendered":"<p>Ar\u015fiv kanunlar\u0131 belgelerin \u00fcretiminden korunmas\u0131na, d\u00fczenlenmesinden imhas\u0131na ve ara\u015ft\u0131rmaya a\u00e7\u0131lmas\u0131na kadar ar\u015fivcilik mesle\u011finin b\u00fct\u00fcn uygulama alanlar\u0131 \u00fczerinde belirleyicidir. Ancak ar\u015fiv kanunlar\u0131, \u00fclkelerin tarihine, geleneklerine, idari yap\u0131lar\u0131na,<span class=\"excerpt-hellip\"> [\u2026]<\/span><\/p>\n","protected":false},"featured_media":0,"template":"","meta":{"_monsterinsights_skip_tracking":false,"_monsterinsights_sitenote_active":false,"_monsterinsights_sitenote_note":"","_monsterinsights_sitenote_category":0},"product_brand":[],"product_cat":[12370,12304],"product_tag":[],"class_list":{"0":"post-708019","1":"product","2":"type-product","3":"status-publish","5":"product_cat-arastirma-inceleme","6":"product_cat-tarih","7":"pa_cilt-ciltsiz","8":"pa_tur-kitap","9":"pa_yayinevi-yeditepe-yayinevi","10":"pa_yazar-ishak-keskin","12":"first","13":"instock","14":"sale","15":"shipping-taxable","16":"purchasable","17":"product-type-simple"},"_links":{"self":[{"href":"https:\/\/roveyayinevi.com.tr\/index.php\/wp-json\/wp\/v2\/product\/708019","targetHints":{"allow":["GET"]}}],"collection":[{"href":"https:\/\/roveyayinevi.com.tr\/index.php\/wp-json\/wp\/v2\/product"}],"about":[{"href":"https:\/\/roveyayinevi.com.tr\/index.php\/wp-json\/wp\/v2\/types\/product"}],"wp:attachment":[{"href":"https:\/\/roveyayinevi.com.tr\/index.php\/wp-json\/wp\/v2\/media?parent=708019"}],"wp:term":[{"taxonomy":"product_brand","embeddable":true,"href":"https:\/\/roveyayinevi.com.tr\/index.php\/wp-json\/wp\/v2\/product_brand?post=708019"},{"taxonomy":"product_cat","embeddable":true,"href":"https:\/\/roveyayinevi.com.tr\/index.php\/wp-json\/wp\/v2\/product_cat?post=708019"},{"taxonomy":"product_tag","embeddable":true,"href":"https:\/\/roveyayinevi.com.tr\/index.php\/wp-json\/wp\/v2\/product_tag?post=708019"}],"curies":[{"name":"wp","href":"https:\/\/api.w.org\/{rel}","templated":true}]}}