{"id":708016,"date":"2025-08-27T16:11:01","date_gmt":"2025-08-27T13:11:01","guid":{"rendered":"https:\/\/roveyayinevi.com.tr\/index.php\/urun\/kokler-carklar-ve-bulutlar\/"},"modified":"2026-04-16T02:16:45","modified_gmt":"2026-04-15T23:16:45","slug":"kokler-carklar-ve-bulutlar","status":"publish","type":"product","link":"https:\/\/roveyayinevi.com.tr\/index.php\/urun\/kokler-carklar-ve-bulutlar\/","title":{"rendered":"K\u00f6kler \u00c7arklar ve Bulutlar"},"content":{"rendered":"<p>2006\u2019da yay\u0131mlanan ilk kitab\u0131 \u00d6zg\u00fcrl\u00fck Yan\u0131lsamas\u0131\u2019nda ve 2010\u2019da yay\u0131mlanan Oburluk \u00c7a\u011f\u0131\u2019nda \u00f6zg\u00fcrl\u00fck ve mutluluk kavramlar\u0131na odaklanan Y\u0131ld\u0131z Silier, \u00fc\u00e7lemenin bu son kitab\u0131nda adalet kavram\u0131n\u0131 ele al\u0131yor. Adaletsizlikleri bir ma\u011fduriyet anlat\u0131s\u0131 yerine direnen \u00f6znelerin ya\u015fam deneyimleri \u00fczerinden, masal, mektup ve g\u00fcnl\u00fck t\u00fcrlerini harmanlayarak kurgulayan Silier, kitab\u0131n \u201cK\u00f6kler\u201d b\u00f6l\u00fcm\u00fcnde adaletsizliklerin maddi temellerine dair durum tespitlerinin ard\u0131ndan, \u201c\u00c7arklar\u201d b\u00f6l\u00fcm\u00fcnde ba\u015far\u0131s\u0131z bir isyan\u0131n ard\u0131ndan ya\u015fananlar\u0131, \u201cBulutlar\u201d b\u00f6l\u00fcm\u00fcndeyse isyan ba\u015far\u0131l\u0131 olsayd\u0131 neler olabilece\u011fini anlat\u0131yor. Bu \u00fc\u00e7 eksen \u00fczerinden, ge\u00e7mi\u015f (kaybedilenler), \u015fimdi (distopya) ve gelecek (\u00fctopya) birle\u015fiyor.Diktat\u00f6re direnen hayvanlar \u00fclkesinde ya\u015fananlar, 14. y\u00fczy\u0131l \u0130ngiltere\u2019sindeki k\u00f6yl\u00fc isyanlar\u0131, 16. y\u00fczy\u0131l \u0130talya\u2019s\u0131ndaki cad\u0131 avlar\u0131, 18. y\u00fczy\u0131l Antil adalar\u0131ndaki \u015feker plantasyonlar\u0131nda ya\u015fanan k\u00f6le isyanlar\u0131 ve 21. y\u00fczy\u0131l \u00c7in\u2019inde tablet ve cep telefonlar\u0131 \u00fcreten bir fabrikadaki i\u015f\u00e7ilerin ya\u015fad\u0131klar\u0131, bu yar\u0131-kurgusal masallar\u0131n ana konular\u0131. Kitab\u0131n ikinci yar\u0131s\u0131n\u0131 olu\u015fturan \u201cEski Mezunlar Bulu\u015fmas\u0131\u201d b\u00f6l\u00fcm\u00fcnde de\u011fi\u015fik politik g\u00f6r\u00fc\u015flere sahip be\u015f arkada\u015f \u201cNe olacak bu memleketin hali?\u201d \u00fczerine muhabbet edecek ve bu arada uzla\u015fmaz \u00e7eli\u015fkileri de ortaya \u00e7\u0131kacakt\u0131r. Kitab\u0131n son b\u00f6l\u00fcm\u00fc, Silier\u2019in Gezi direni\u015fi ve Italo Calvino\u2019nun G\u00f6r\u00fcnmez Kentler kitab\u0131 \u00fczerine daha \u00f6nce yay\u0131mlanmam\u0131\u015f iki yaz\u0131s\u0131n\u0131 ve \u0130syan filmi \u00fczerine makalesini i\u00e7eriyor. <\/p>\n","protected":false},"excerpt":{"rendered":"<p>2006\u2019da yay\u0131mlanan ilk kitab\u0131 \u00d6zg\u00fcrl\u00fck Yan\u0131lsamas\u0131\u2019nda ve 2010\u2019da yay\u0131mlanan Oburluk \u00c7a\u011f\u0131\u2019nda \u00f6zg\u00fcrl\u00fck ve mutluluk kavramlar\u0131na odaklanan Y\u0131ld\u0131z Silier, \u00fc\u00e7lemenin bu son kitab\u0131nda adalet kavram\u0131n\u0131 ele al\u0131yor.<span class=\"excerpt-hellip\"> [\u2026]<\/span><\/p>\n","protected":false},"featured_media":0,"template":"","meta":{"_monsterinsights_skip_tracking":false,"_monsterinsights_sitenote_active":false,"_monsterinsights_sitenote_note":"","_monsterinsights_sitenote_category":0},"product_brand":[],"product_cat":[12777,12291],"product_tag":[],"class_list":{"0":"post-708016","1":"product","2":"type-product","3":"status-publish","5":"product_cat-deneme","6":"product_cat-edebiyat","7":"pa_cilt-ciltsiz","8":"pa_tur-kitap","9":"pa_yayinevi-yordam-kitap","10":"pa_yazar-yildiz-silier","12":"first","13":"instock","14":"sale","15":"shipping-taxable","16":"purchasable","17":"product-type-simple"},"_links":{"self":[{"href":"https:\/\/roveyayinevi.com.tr\/index.php\/wp-json\/wp\/v2\/product\/708016","targetHints":{"allow":["GET"]}}],"collection":[{"href":"https:\/\/roveyayinevi.com.tr\/index.php\/wp-json\/wp\/v2\/product"}],"about":[{"href":"https:\/\/roveyayinevi.com.tr\/index.php\/wp-json\/wp\/v2\/types\/product"}],"wp:attachment":[{"href":"https:\/\/roveyayinevi.com.tr\/index.php\/wp-json\/wp\/v2\/media?parent=708016"}],"wp:term":[{"taxonomy":"product_brand","embeddable":true,"href":"https:\/\/roveyayinevi.com.tr\/index.php\/wp-json\/wp\/v2\/product_brand?post=708016"},{"taxonomy":"product_cat","embeddable":true,"href":"https:\/\/roveyayinevi.com.tr\/index.php\/wp-json\/wp\/v2\/product_cat?post=708016"},{"taxonomy":"product_tag","embeddable":true,"href":"https:\/\/roveyayinevi.com.tr\/index.php\/wp-json\/wp\/v2\/product_tag?post=708016"}],"curies":[{"name":"wp","href":"https:\/\/api.w.org\/{rel}","templated":true}]}}