{"id":708015,"date":"2025-08-27T16:11:00","date_gmt":"2025-08-27T13:11:00","guid":{"rendered":"https:\/\/roveyayinevi.com.tr\/index.php\/urun\/mutlak-monarsi-ve-fransiz-devrimi\/"},"modified":"2026-04-16T02:16:45","modified_gmt":"2026-04-15T23:16:45","slug":"mutlak-monarsi-ve-fransiz-devrimi","status":"publish","type":"product","link":"https:\/\/roveyayinevi.com.tr\/index.php\/urun\/mutlak-monarsi-ve-fransiz-devrimi\/","title":{"rendered":"Mutlak Monar\u015fi ve Frans\u0131z Devrimi"},"content":{"rendered":"<p>D\u00fcnya tarihindeki en b\u00fcy\u00fck d\u00f6n\u00fc\u015f\u00fcmlerden biri olan 1789 Frans\u0131z Devrimi bug\u00fcn bize neler anlat\u0131yor? Bu devrime yol a\u00e7an ko\u015fullar nelerdi? Feodal monar\u015finin hegemonyas\u0131n\u0131 ve devrime yol a\u00e7an dinamikleri ayr\u0131nt\u0131l\u0131 olarak inceledi\u011fimizde nelerle kar\u015f\u0131la\u015f\u0131r\u0131z? \u0130ngiltere\u2019de Parlamentonun evrimsel s\u00fcre\u00e7ler i\u00e7erisinde oynad\u0131\u011f\u0131 rol ile Fransa\u2019da Genel Meclisin devrimsel s\u00fcre\u00e7ler i\u00e7inde oynad\u0131\u011f\u0131 rol k\u0131yaslanabilir mi?Taner Timur, bu sorulara yan\u0131t arar ve daha nice soruyu ve yan\u0131t aray\u0131\u015f\u0131n\u0131 okurlarla payla\u015f\u0131rken, bug\u00fcnden ge\u00e7mi\u015fe bakma ihtiyac\u0131m\u0131z\u0131 \u015fu s\u00f6zlerle dile getirir: \u201cBat\u0131 Avrupa\u2019da sermaye birikimi, burjuvazinin do\u011fu\u015fu ve Ayd\u0131nlanma s\u00fcre\u00e7leri incelenmeden, d\u00fcn \u2018s\u00f6m\u00fcrge\/yar\u0131 s\u00f6m\u00fcrge\u2019, bug\u00fcn ise \u2018geli\u015fmekte olan \u00fclkeler\u2019 denilen toplumlar\u0131 anlamak zordur. Tarih ve toplum ara\u015ft\u0131rmalar\u0131nda, genellikle yayg\u0131n anlay\u0131\u015f\u0131n tersine, karma\u015f\u0131k birimler basit birimlerin anahtar\u0131n\u0131 olu\u015fturur ve ancak d\u00fcnden bug\u00fcne de\u011fil, bug\u00fcnden d\u00fcne bakan bir y\u00f6ntemle ge\u00e7mi\u015fi daha iyi anlayabiliriz.\u201dToplum bilimleri, tarih ve felsefe alanlar\u0131nda ufuk a\u00e7an \u00e7al\u0131\u015fmalar\u0131yla tan\u0131d\u0131\u011f\u0131m\u0131z Taner Timur, bu kez Frans\u0131z Devrimi\u2019ne, \u0130ngiltere\u2019de ve Almanya\u2019da ya\u015fanan d\u00f6n\u00fc\u015f\u00fcmlere, \u201cmutlak monar\u015fi\u201d, \u201ccumhuriyet\u201d, \u201cdespotizm\u201d, \u201cAyd\u0131nlanma ve materyalizm\u201d, \u201cter\u00f6r ve \u00f6zg\u00fcrl\u00fck\u201d, \u201cs\u0131n\u0131f kavgas\u0131\u201d, \u201cdin ve vicdan \u00f6zg\u00fcrl\u00fc\u011f\u00fc\u201d, \u201cburjuva halk\u00e7\u0131l\u0131\u011f\u0131\u201d gibi kavramlara ayr\u0131nt\u0131l\u0131 bir bi\u00e7imde bak\u0131yor.Timur\u2019un, tarihe bak\u0131\u015f\u0131m\u0131z\u0131 derinle\u015ftiren ve \u201ck\u0131yaslama\u201d y\u00f6ntemini \u00f6ne \u00e7\u0131karan bu yeni \u00e7al\u0131\u015fmas\u0131, Frans\u0131z Devrimi\u2019ni ve t\u00fcm devrimler tarihini yak\u0131ndan ara\u015ft\u0131rmak isteyenler i\u00e7in ger\u00e7ek bir hazine niteli\u011finde\u2026 <\/p>\n","protected":false},"excerpt":{"rendered":"<p>D\u00fcnya tarihindeki en b\u00fcy\u00fck d\u00f6n\u00fc\u015f\u00fcmlerden biri olan 1789 Frans\u0131z Devrimi bug\u00fcn bize neler anlat\u0131yor? Bu devrime yol a\u00e7an ko\u015fullar nelerdi? Feodal monar\u015finin hegemonyas\u0131n\u0131 ve devrime yol<span class=\"excerpt-hellip\"> [\u2026]<\/span><\/p>\n","protected":false},"featured_media":0,"template":"","meta":{"_monsterinsights_skip_tracking":false,"_monsterinsights_sitenote_active":false,"_monsterinsights_sitenote_note":"","_monsterinsights_sitenote_category":0},"product_brand":[],"product_cat":[13590,12337],"product_tag":[],"class_list":{"0":"post-708015","1":"product","2":"type-product","3":"status-publish","5":"product_cat-arastirma-inceleme-politika-siyaset","6":"product_cat-politika-siyaset","7":"pa_cilt-ciltsiz","8":"pa_tur-kitap","9":"pa_yayinevi-yordam-kitap","10":"pa_yazar-taner-timur","12":"first","13":"instock","14":"sale","15":"shipping-taxable","16":"purchasable","17":"product-type-simple"},"_links":{"self":[{"href":"https:\/\/roveyayinevi.com.tr\/index.php\/wp-json\/wp\/v2\/product\/708015","targetHints":{"allow":["GET"]}}],"collection":[{"href":"https:\/\/roveyayinevi.com.tr\/index.php\/wp-json\/wp\/v2\/product"}],"about":[{"href":"https:\/\/roveyayinevi.com.tr\/index.php\/wp-json\/wp\/v2\/types\/product"}],"wp:attachment":[{"href":"https:\/\/roveyayinevi.com.tr\/index.php\/wp-json\/wp\/v2\/media?parent=708015"}],"wp:term":[{"taxonomy":"product_brand","embeddable":true,"href":"https:\/\/roveyayinevi.com.tr\/index.php\/wp-json\/wp\/v2\/product_brand?post=708015"},{"taxonomy":"product_cat","embeddable":true,"href":"https:\/\/roveyayinevi.com.tr\/index.php\/wp-json\/wp\/v2\/product_cat?post=708015"},{"taxonomy":"product_tag","embeddable":true,"href":"https:\/\/roveyayinevi.com.tr\/index.php\/wp-json\/wp\/v2\/product_tag?post=708015"}],"curies":[{"name":"wp","href":"https:\/\/api.w.org\/{rel}","templated":true}]}}