{"id":708014,"date":"2025-08-27T16:11:00","date_gmt":"2025-08-27T13:11:00","guid":{"rendered":"https:\/\/roveyayinevi.com.tr\/index.php\/urun\/namus-tore-ve-eril-siddet\/"},"modified":"2026-01-29T02:30:05","modified_gmt":"2026-01-28T23:30:05","slug":"namus-tore-ve-eril-siddet","status":"publish","type":"product","link":"https:\/\/roveyayinevi.com.tr\/index.php\/urun\/namus-tore-ve-eril-siddet\/","title":{"rendered":"Namus, T\u00f6re ve Eril \u015eiddet"},"content":{"rendered":"<p>Bu \u00e7al\u0131\u015fman\u0131n amac\u0131, &#8220;namus&#8221; ve &#8220;t\u00f6re&#8221; kavramlar\u0131ndan yola \u00e7\u0131karak Yarg\u0131&#8217;n\u0131n kad\u0131na kar\u015f\u0131 \u015fiddete ili\u015fkin eril bak\u0131\u015f a\u00e7\u0131s\u0131n\u0131 \u00f6rnekleri ile g\u00f6stermek ve bu zihniyetin arkas\u0131ndaki d\u00fc\u015f\u00fcnsel ve mant\u0131ksal altyap\u0131y\u0131 ortaya koymakt\u0131r. Eser &#8220;namus&#8221; ve &#8220;t\u00f6re&#8221; cinayetleri kavramlar\u0131n\u0131 \u00e7ok disiplinli bir yakla\u015f\u0131mla ele alarak genelde okura \u00f6zelde de uygulay\u0131c\u0131lara ve ara\u015ft\u0131rmac\u0131lara hitap etmek iddias\u0131ndad\u0131r. Bu nedenle, bu \u00e7al\u0131\u015fmada, kuramsal a\u00e7\u0131klamalara ili\u015fkin olarak bilin\u00e7li bir \u015fekilde sade ve yal\u0131n bir dil kullan\u0131lmaya \u00e7al\u0131\u015f\u0131lm\u0131\u015f, \u00f6zellikle kad\u0131na y\u00f6nelik \u015fiddete ve toplumsal cinsiyete ili\u015fkin kuramlar m\u00fcmk\u00fcn oldu\u011funca soyutlamadan uzak, ancak kuramlar\u0131n esas\u0131nda herhangi bir de\u011fi\u015fiklik yap\u0131lmaks\u0131z\u0131n, \u00f6z\u00fcne ve asl\u0131na sad\u0131k kal\u0131narak a\u00e7\u0131klanm\u0131\u015ft\u0131r. Konuyu derinlemesine ara\u015ft\u0131rmak isteyen ara\u015ft\u0131rmac\u0131lar i\u00e7in, teorik ve g\u00fcncel tart\u0131\u015fmalara ili\u015fkin t\u00fcm ayr\u0131nt\u0131lar dipnot olarak yans\u0131t\u0131lm\u0131\u015ft\u0131r.  Yarg\u0131&#8217;n\u0131n, kad\u0131na kar\u015f\u0131 \u015fiddete ili\u015fkin eril bak\u0131\u015f a\u00e7\u0131s\u0131n\u0131n Yarg\u0131tay kararlar\u0131ndan \u00f6rnekler verilerek a\u00e7\u0131kland\u0131\u011f\u0131, cinsiyet\u00e7i ve erkeklerin &#8220;\u00fcst\u00fcnl\u00fc\u011f\u00fc&#8221;ne ili\u015fkin ileri s\u00fcr\u00fclen kuramlar\u0131n aktar\u0131ld\u0131\u011f\u0131 bu \u00e7al\u0131\u015fman\u0131n, t\u00fcm okuyuculara faydal\u0131 olmas\u0131n\u0131 umuyoruz&#8230; <\/p>\n","protected":false},"excerpt":{"rendered":"<p>Bu \u00e7al\u0131\u015fman\u0131n amac\u0131, &#8220;namus&#8221; ve &#8220;t\u00f6re&#8221; kavramlar\u0131ndan yola \u00e7\u0131karak Yarg\u0131&#8217;n\u0131n kad\u0131na kar\u015f\u0131 \u015fiddete ili\u015fkin eril bak\u0131\u015f a\u00e7\u0131s\u0131n\u0131 \u00f6rnekleri ile g\u00f6stermek ve bu zihniyetin arkas\u0131ndaki d\u00fc\u015f\u00fcnsel ve<span class=\"excerpt-hellip\"> [\u2026]<\/span><\/p>\n","protected":false},"featured_media":0,"template":"","meta":{"_monsterinsights_skip_tracking":false,"_monsterinsights_sitenote_active":false,"_monsterinsights_sitenote_note":"","_monsterinsights_sitenote_category":0},"product_brand":[],"product_cat":[13278,12324],"product_tag":[],"class_list":{"0":"post-708014","1":"product","2":"type-product","3":"status-publish","5":"product_cat-sivil-toplum-kuruluslari","6":"product_cat-sosyoloji","7":"pa_cilt-ciltsiz","8":"pa_tur-kitap","9":"pa_yayinevi-utopya-yayinevi","10":"pa_yazar-recep-dogan","12":"first","13":"instock","14":"sale","15":"shipping-taxable","16":"purchasable","17":"product-type-simple"},"_links":{"self":[{"href":"https:\/\/roveyayinevi.com.tr\/index.php\/wp-json\/wp\/v2\/product\/708014","targetHints":{"allow":["GET"]}}],"collection":[{"href":"https:\/\/roveyayinevi.com.tr\/index.php\/wp-json\/wp\/v2\/product"}],"about":[{"href":"https:\/\/roveyayinevi.com.tr\/index.php\/wp-json\/wp\/v2\/types\/product"}],"wp:attachment":[{"href":"https:\/\/roveyayinevi.com.tr\/index.php\/wp-json\/wp\/v2\/media?parent=708014"}],"wp:term":[{"taxonomy":"product_brand","embeddable":true,"href":"https:\/\/roveyayinevi.com.tr\/index.php\/wp-json\/wp\/v2\/product_brand?post=708014"},{"taxonomy":"product_cat","embeddable":true,"href":"https:\/\/roveyayinevi.com.tr\/index.php\/wp-json\/wp\/v2\/product_cat?post=708014"},{"taxonomy":"product_tag","embeddable":true,"href":"https:\/\/roveyayinevi.com.tr\/index.php\/wp-json\/wp\/v2\/product_tag?post=708014"}],"curies":[{"name":"wp","href":"https:\/\/api.w.org\/{rel}","templated":true}]}}