{"id":708009,"date":"2025-08-27T16:10:57","date_gmt":"2025-08-27T13:10:57","guid":{"rendered":"https:\/\/roveyayinevi.com.tr\/index.php\/urun\/muzedeki-sir\/"},"modified":"2026-04-16T02:16:44","modified_gmt":"2026-04-15T23:16:44","slug":"muzedeki-sir","status":"publish","type":"product","link":"https:\/\/roveyayinevi.com.tr\/index.php\/urun\/muzedeki-sir\/","title":{"rendered":"M\u00fczedeki S\u0131r"},"content":{"rendered":"<p>Ortaokul seviyesindeki \u00f6\u011frencilere tarihi sevdirmek ve tarih dersini anla\u015f\u0131l\u0131r hale getirmek ciddi bir ihtiya\u00e7t\u0131r. Bu ba\u011flamda olaylar\u0131 hik\u00e2yele\u015ftirmenin, dramatize etmenin, \u00e7ocuklar\u0131 tarihin i\u00e7ine alarak tarihsel empati kurdurman\u0131n yararlar\u0131 inkar edilemez. M\u00fczedeki S\u0131r Allaha\u0131smarlad\u0131k Asya kitab\u0131 bu tarz bir \u00f6\u011fretiyi hedeflemektedir. Askeri m\u00fczede ya\u015fanan gizemli bir olaydan yola \u00e7\u0131k\u0131larak, T\u00fcrklerin Asya k\u0131tas\u0131ndan Anadolu\u2019ya geli\u015fleri ve buray\u0131 bir vatan yapmalar\u0131 s\u00fcreci \u00e7e\u015fitli kurgusal \u00f6geler kullanmak suretiyle okuyucunun be\u011fenisine sunulmaktad\u0131r. Vatana d\u00f6n\u00fc\u015ft\u00fcrme s\u00fcrecinde T\u00fcrklerin Anadolu\u2019nun k\u00fclt\u00fcr\u00fcne katt\u0131klar\u0131 maddi ve manevi de\u011ferler de bu vesile ile g\u00fcndeme getirilmektedir. \u00d6\u011frenciler ve tarih merakl\u0131lar\u0131, Emel Engin\u2019in 25 y\u0131ll\u0131k bir tarih \u00f6\u011fretmeni olarak edindi\u011fi birikimleri yans\u0131tan bu kitab\u0131n\u0131 severek okuyacaklard\u0131r.  <\/p>\n","protected":false},"excerpt":{"rendered":"<p>Ortaokul seviyesindeki \u00f6\u011frencilere tarihi sevdirmek ve tarih dersini anla\u015f\u0131l\u0131r hale getirmek ciddi bir ihtiya\u00e7t\u0131r. Bu ba\u011flamda olaylar\u0131 hik\u00e2yele\u015ftirmenin, dramatize etmenin, \u00e7ocuklar\u0131 tarihin i\u00e7ine alarak tarihsel empati<span class=\"excerpt-hellip\"> [\u2026]<\/span><\/p>\n","protected":false},"featured_media":0,"template":"","meta":{"_monsterinsights_skip_tracking":false,"_monsterinsights_sitenote_active":false,"_monsterinsights_sitenote_note":"","_monsterinsights_sitenote_category":0},"product_brand":[],"product_cat":[12291,12711],"product_tag":[],"class_list":{"0":"post-708009","1":"product","2":"type-product","3":"status-publish","5":"product_cat-edebiyat","6":"product_cat-roman-oyku","7":"pa_cilt-ciltsiz","8":"pa_tur-kitap","9":"pa_yayinevi-yeditepe-yayinevi","10":"pa_yazar-emel-engin","12":"first","13":"instock","14":"sale","15":"shipping-taxable","16":"purchasable","17":"product-type-simple"},"_links":{"self":[{"href":"https:\/\/roveyayinevi.com.tr\/index.php\/wp-json\/wp\/v2\/product\/708009","targetHints":{"allow":["GET"]}}],"collection":[{"href":"https:\/\/roveyayinevi.com.tr\/index.php\/wp-json\/wp\/v2\/product"}],"about":[{"href":"https:\/\/roveyayinevi.com.tr\/index.php\/wp-json\/wp\/v2\/types\/product"}],"wp:attachment":[{"href":"https:\/\/roveyayinevi.com.tr\/index.php\/wp-json\/wp\/v2\/media?parent=708009"}],"wp:term":[{"taxonomy":"product_brand","embeddable":true,"href":"https:\/\/roveyayinevi.com.tr\/index.php\/wp-json\/wp\/v2\/product_brand?post=708009"},{"taxonomy":"product_cat","embeddable":true,"href":"https:\/\/roveyayinevi.com.tr\/index.php\/wp-json\/wp\/v2\/product_cat?post=708009"},{"taxonomy":"product_tag","embeddable":true,"href":"https:\/\/roveyayinevi.com.tr\/index.php\/wp-json\/wp\/v2\/product_tag?post=708009"}],"curies":[{"name":"wp","href":"https:\/\/api.w.org\/{rel}","templated":true}]}}