{"id":708007,"date":"2025-08-27T16:10:56","date_gmt":"2025-08-27T13:10:56","guid":{"rendered":"https:\/\/roveyayinevi.com.tr\/index.php\/urun\/super-selim-2\/"},"modified":"2026-04-16T02:16:44","modified_gmt":"2026-04-15T23:16:44","slug":"super-selim-2","status":"publish","type":"product","link":"https:\/\/roveyayinevi.com.tr\/index.php\/urun\/super-selim-2\/","title":{"rendered":"S\u00fcper Selim 2"},"content":{"rendered":"<p>Selim bu kez yine b\u00fcy\u00fck bir maceran\u0131n i\u00e7erisinde&#8230; D\u00fcnyan\u0131n en \u00f6nemli tarih\u00ee yap\u0131lar\u0131ndan Ayasofya\u2019da ilgin\u00e7 \u015feyler oluyor. \u00dclkemizdeki tarih\u00ee eserlerin gelece\u011fi tehlikede!S\u00fcper Selim t\u00fcm ya\u015fananlar\u0131 durdurabilecek mi? Yoksa bu plan\u0131n arkas\u0131ndaki k\u00f6t\u00fc g\u00fc\u00e7 ba\u015far\u0131l\u0131 m\u0131 olacak? T\u00fcm bu sorular\u0131n cevab\u0131 bu \u201cs\u00fcper\u201d kitab\u0131n i\u00e7inde!<\/p>\n","protected":false},"excerpt":{"rendered":"<p>Selim bu kez yine b\u00fcy\u00fck bir maceran\u0131n i\u00e7erisinde&#8230; D\u00fcnyan\u0131n en \u00f6nemli tarih\u00ee yap\u0131lar\u0131ndan Ayasofya\u2019da ilgin\u00e7 \u015feyler oluyor. \u00dclkemizdeki tarih\u00ee eserlerin gelece\u011fi tehlikede!S\u00fcper Selim t\u00fcm ya\u015fananlar\u0131 durdurabilecek<span class=\"excerpt-hellip\"> [\u2026]<\/span><\/p>\n","protected":false},"featured_media":0,"template":"","meta":{"_monsterinsights_skip_tracking":false,"_monsterinsights_sitenote_active":false,"_monsterinsights_sitenote_note":"","_monsterinsights_sitenote_category":0},"product_brand":[],"product_cat":[12275,12274],"product_tag":[],"class_list":{"0":"post-708007","1":"product","2":"type-product","3":"status-publish","5":"product_cat-6-12-yas-kitaplari","6":"product_cat-cocuk-ve-genclik-kitaplari","7":"pa_cilt-ciltsiz","8":"pa_tur-kitap","9":"pa_yayinevi-ugurbocegi-yayinlari","10":"pa_yazar-suleyman-ezber","12":"first","13":"instock","14":"sale","15":"shipping-taxable","16":"purchasable","17":"product-type-simple"},"_links":{"self":[{"href":"https:\/\/roveyayinevi.com.tr\/index.php\/wp-json\/wp\/v2\/product\/708007","targetHints":{"allow":["GET"]}}],"collection":[{"href":"https:\/\/roveyayinevi.com.tr\/index.php\/wp-json\/wp\/v2\/product"}],"about":[{"href":"https:\/\/roveyayinevi.com.tr\/index.php\/wp-json\/wp\/v2\/types\/product"}],"wp:attachment":[{"href":"https:\/\/roveyayinevi.com.tr\/index.php\/wp-json\/wp\/v2\/media?parent=708007"}],"wp:term":[{"taxonomy":"product_brand","embeddable":true,"href":"https:\/\/roveyayinevi.com.tr\/index.php\/wp-json\/wp\/v2\/product_brand?post=708007"},{"taxonomy":"product_cat","embeddable":true,"href":"https:\/\/roveyayinevi.com.tr\/index.php\/wp-json\/wp\/v2\/product_cat?post=708007"},{"taxonomy":"product_tag","embeddable":true,"href":"https:\/\/roveyayinevi.com.tr\/index.php\/wp-json\/wp\/v2\/product_tag?post=708007"}],"curies":[{"name":"wp","href":"https:\/\/api.w.org\/{rel}","templated":true}]}}