{"id":708006,"date":"2025-08-27T16:10:56","date_gmt":"2025-08-27T13:10:56","guid":{"rendered":"https:\/\/roveyayinevi.com.tr\/index.php\/urun\/ironi-ve-gerilim\/"},"modified":"2026-04-16T02:16:44","modified_gmt":"2026-04-15T23:16:44","slug":"ironi-ve-gerilim","status":"publish","type":"product","link":"https:\/\/roveyayinevi.com.tr\/index.php\/urun\/ironi-ve-gerilim\/","title":{"rendered":"\u0130roni ve Gerilim"},"content":{"rendered":"<p>\u0130roni ve Gerilim, \u0130kinci D\u00fcnya Sava\u015f\u0131 y\u0131llar\u0131nda T\u00fcrkiye\u2019deki sava\u015f alg\u0131s\u0131n\u0131 ve bu alg\u0131n\u0131n \u0130stanbul ve Ankara\u2019da nas\u0131l ayr\u0131\u015ft\u0131\u011f\u0131n\u0131n s\u00fcre\u00e7 ve bi\u00e7imlerini d\u00f6nemin propaganda \u00fcr\u00fcnlerinin g\u00f6rsel rehberli\u011finde okuyor.Sava\u015f y\u0131llar\u0131nda tek parti rejiminin kitle alg\u0131s\u0131n\u0131 nas\u0131l y\u00f6netti\u011fini, \u00fclke i\u00e7inde tasarlanan, bas\u0131lan ve dola\u015f\u0131ma sokulan askeri alb\u00fcmler, resm\u00ee b\u00fcltenler, halkevi yay\u0131nlar\u0131, posta pullar\u0131, pop\u00fcler k\u00fclt\u00fcr ve karikat\u00fcr dergilerinin y\u00fczeylerinde yer alan propaganda imgelerinin b\u00fct\u00fcnsel yap\u0131s\u0131nda ve bir o kadar etkileyici ve eklektik kurgusunda inceliyor.Ayn\u0131 adl\u0131 sergiden yola \u00e7\u0131k\u0131larak haz\u0131rlanan bu yay\u0131n, \u00f6rneklerini s\u0131k\u00e7a izledi\u011fimiz \u0130kinci D\u00fcnya Sava\u015f\u0131na dair y\u0131k\u0131m, soyk\u0131r\u0131m veya cephelerdeki s\u0131cak sava\u015f g\u00f6r\u00fcnt\u00fclerine yer vermeyi, okura sava\u015f\u0131n kendisini tekrar g\u00f6stermeyi veya yeniden izletmeyi hedeflemiyor. Bilakis sava\u015f\u0131n kendisinden \u00f6te, sava\u015fa girmeyen T\u00fcrkiye\u2019deki sava\u015f alg\u0131s\u0131na odaklan\u0131yor. S\u0131n\u0131rlar\u0131 d\u0131\u015f\u0131nda cereyan eden k\u00fcresel sava\u015f\u0131 kimi zaman temkinle, kimi zaman da endi\u015fe ve gerilimle izleyen T\u00fcrkiye\u2019deki sava\u015f alg\u0131s\u0131n\u0131, bu alg\u0131yla geli\u015fen resmi s\u00f6ylemi, toplumsal psikolojiyi ve siyasal d\u00f6n\u00fc\u015f\u00fcm\u00fc tahlil ediyor.\u0130roni ve Gerilim, Ankara\u2019n\u0131n aktif tarafs\u0131zl\u0131k politikas\u0131yla \u0130stanbul\u2019daki sava\u015f psikolojisi aras\u0131ndaki ili\u015fkiyi, \u00f6nce kenetlenme, ard\u0131ndan \u00e7\u00f6z\u00fclme s\u00fcrecini yans\u0131tan propaganda \u00fcr\u00fcnleriyle ele al\u0131yor; sonu\u00e7 b\u00f6l\u00fcm\u00fcnde ise, 1950 Se\u00e7imleri\u2019yle iktidara gelen Demokrat Parti\u2019nin se\u00e7im kampanyas\u0131nda kulland\u0131\u011f\u0131, sava\u015f paranoyas\u0131ndan kurtulmu\u015f, gelece\u011fine g\u00fcvenle bakan \u201cYeni T\u00fcrkiye\u201d s\u00f6ylemini yans\u0131tan imaj ve temsillerle okuru bulu\u015fturmay\u0131 hedefliyor.<\/p>\n","protected":false},"excerpt":{"rendered":"<p>\u0130roni ve Gerilim, \u0130kinci D\u00fcnya Sava\u015f\u0131 y\u0131llar\u0131nda T\u00fcrkiye\u2019deki sava\u015f alg\u0131s\u0131n\u0131 ve bu alg\u0131n\u0131n \u0130stanbul ve Ankara\u2019da nas\u0131l ayr\u0131\u015ft\u0131\u011f\u0131n\u0131n s\u00fcre\u00e7 ve bi\u00e7imlerini d\u00f6nemin propaganda \u00fcr\u00fcnlerinin g\u00f6rsel rehberli\u011finde<span class=\"excerpt-hellip\"> [\u2026]<\/span><\/p>\n","protected":false},"featured_media":0,"template":"","meta":{"_monsterinsights_skip_tracking":false,"_monsterinsights_sitenote_active":false,"_monsterinsights_sitenote_note":"","_monsterinsights_sitenote_category":0},"product_brand":[],"product_cat":[12370,12304],"product_tag":[],"class_list":{"0":"post-708006","1":"product","2":"type-product","3":"status-publish","5":"product_cat-arastirma-inceleme","6":"product_cat-tarih","7":"pa_cilt-ciltsiz","8":"pa_tur-kitap","9":"pa_yayinevi-vekam-koc-universitesi-vehbi-koc-ankara-arastirmalari-uygulama-ve-arastirma-merkezi","10":"pa_yazar-sinan-niyazioglu","12":"first","13":"instock","14":"sale","15":"shipping-taxable","16":"purchasable","17":"product-type-simple"},"_links":{"self":[{"href":"https:\/\/roveyayinevi.com.tr\/index.php\/wp-json\/wp\/v2\/product\/708006","targetHints":{"allow":["GET"]}}],"collection":[{"href":"https:\/\/roveyayinevi.com.tr\/index.php\/wp-json\/wp\/v2\/product"}],"about":[{"href":"https:\/\/roveyayinevi.com.tr\/index.php\/wp-json\/wp\/v2\/types\/product"}],"wp:attachment":[{"href":"https:\/\/roveyayinevi.com.tr\/index.php\/wp-json\/wp\/v2\/media?parent=708006"}],"wp:term":[{"taxonomy":"product_brand","embeddable":true,"href":"https:\/\/roveyayinevi.com.tr\/index.php\/wp-json\/wp\/v2\/product_brand?post=708006"},{"taxonomy":"product_cat","embeddable":true,"href":"https:\/\/roveyayinevi.com.tr\/index.php\/wp-json\/wp\/v2\/product_cat?post=708006"},{"taxonomy":"product_tag","embeddable":true,"href":"https:\/\/roveyayinevi.com.tr\/index.php\/wp-json\/wp\/v2\/product_tag?post=708006"}],"curies":[{"name":"wp","href":"https:\/\/api.w.org\/{rel}","templated":true}]}}