{"id":708005,"date":"2025-08-27T16:10:55","date_gmt":"2025-08-27T13:10:55","guid":{"rendered":"https:\/\/roveyayinevi.com.tr\/index.php\/urun\/akilli-tahta-aklimi-aldi\/"},"modified":"2026-04-16T02:16:44","modified_gmt":"2026-04-15T23:16:44","slug":"akilli-tahta-aklimi-aldi","status":"publish","type":"product","link":"https:\/\/roveyayinevi.com.tr\/index.php\/urun\/akilli-tahta-aklimi-aldi\/","title":{"rendered":"Ak\u0131ll\u0131 Tahta Akl\u0131m\u0131 Ald\u0131"},"content":{"rendered":"<p>Merhaba! Ben Cemil, Sabri Cemil\u2026 Baz\u0131 b\u00fcy\u00fcklerim bana \u201cSabr-\u0131 Cemil\u201d de derler. \u00c7\u00fcnk\u00fc sorular\u0131mla onlar\u0131 bunalt\u0131r, sab\u0131r k\u00fcp\u00fc yapar\u0131m. Hadi onlar bana bu lakab\u0131 takt\u0131, peki bilgisayar bunu nereden biliyor?Ne zaman ad\u0131m\u0131 internette aratsam hep taziye mesajlar\u0131 ve cenaze ilanlar\u0131 \u00e7\u0131k\u0131yor: \u201cYak\u0131nlar\u0131na sabr-\u0131 cemil diliyoruz\u2026\u201d<\/p>\n","protected":false},"excerpt":{"rendered":"<p>Merhaba! Ben Cemil, Sabri Cemil\u2026 Baz\u0131 b\u00fcy\u00fcklerim bana \u201cSabr-\u0131 Cemil\u201d de derler. \u00c7\u00fcnk\u00fc sorular\u0131mla onlar\u0131 bunalt\u0131r, sab\u0131r k\u00fcp\u00fc yapar\u0131m. Hadi onlar bana bu lakab\u0131 takt\u0131, peki<span class=\"excerpt-hellip\"> [\u2026]<\/span><\/p>\n","protected":false},"featured_media":0,"template":"","meta":{"_monsterinsights_skip_tracking":false,"_monsterinsights_sitenote_active":false,"_monsterinsights_sitenote_note":"","_monsterinsights_sitenote_category":0},"product_brand":[],"product_cat":[12275,12274],"product_tag":[],"class_list":{"0":"post-708005","1":"product","2":"type-product","3":"status-publish","5":"product_cat-6-12-yas-kitaplari","6":"product_cat-cocuk-ve-genclik-kitaplari","7":"pa_cilt-ciltsiz","8":"pa_tur-kitap","9":"pa_yayinevi-ugurbocegi-yayinlari","10":"pa_yazar-muhiddin-yenigun","12":"first","13":"instock","14":"sale","15":"shipping-taxable","16":"purchasable","17":"product-type-simple"},"_links":{"self":[{"href":"https:\/\/roveyayinevi.com.tr\/index.php\/wp-json\/wp\/v2\/product\/708005","targetHints":{"allow":["GET"]}}],"collection":[{"href":"https:\/\/roveyayinevi.com.tr\/index.php\/wp-json\/wp\/v2\/product"}],"about":[{"href":"https:\/\/roveyayinevi.com.tr\/index.php\/wp-json\/wp\/v2\/types\/product"}],"wp:attachment":[{"href":"https:\/\/roveyayinevi.com.tr\/index.php\/wp-json\/wp\/v2\/media?parent=708005"}],"wp:term":[{"taxonomy":"product_brand","embeddable":true,"href":"https:\/\/roveyayinevi.com.tr\/index.php\/wp-json\/wp\/v2\/product_brand?post=708005"},{"taxonomy":"product_cat","embeddable":true,"href":"https:\/\/roveyayinevi.com.tr\/index.php\/wp-json\/wp\/v2\/product_cat?post=708005"},{"taxonomy":"product_tag","embeddable":true,"href":"https:\/\/roveyayinevi.com.tr\/index.php\/wp-json\/wp\/v2\/product_tag?post=708005"}],"curies":[{"name":"wp","href":"https:\/\/api.w.org\/{rel}","templated":true}]}}