{"id":707993,"date":"2025-08-27T16:10:49","date_gmt":"2025-08-27T13:10:49","guid":{"rendered":"https:\/\/roveyayinevi.com.tr\/index.php\/urun\/tetikci-5\/"},"modified":"2026-04-16T02:16:44","modified_gmt":"2026-04-15T23:16:44","slug":"tetikci-5","status":"publish","type":"product","link":"https:\/\/roveyayinevi.com.tr\/index.php\/urun\/tetikci-5\/","title":{"rendered":"Tetik\u00e7i 5"},"content":{"rendered":"<p>Jacamon&#8217;un \u00e7izimleri, Matz&#8217;\u0131n senaryosu ile son y\u0131llar\u0131n en iyi \u00e7izgi romanlar\u0131ndan \u201cTetik\u00e7i\u201d serisi 5. cilt ile sonlan\u0131yor. K\u00fcba, Arjantin, \u015eili\u2026  Kolombiyal\u0131 dostu Mariano\u2019nun \u00f6l\u00fcm\u00fcn\u00fcn ard\u0131ndan Tetik\u00e7i, kafas\u0131n\u0131 dinleyip kendisini unutturabilece\u011fi, sonsuza dek ortadan kaybolabilece\u011fi G\u00fcney Amerika\u2019da vakit ge\u00e7irmeye karar veriyor. Me\u015fruiyet oyununa devam edip orta\u011f\u0131 Haywood\u2019la K\u00fcbal\u0131 petrol \u015firketi PFI\u2019ye mi yat\u0131r\u0131m yapmal\u0131? O\u011flu ve hayat arkada\u015f\u0131yla birlikte orman\u0131n derinliklerinde kendisini unutturmaya m\u0131 \u00e7al\u0131\u015fmal\u0131? Hayat\u0131nda k\u00f6kl\u00fc bir de\u011fi\u015fiklik yapmas\u0131na f\u0131rsat olmadan \u015eili\u2019nin ba\u015fkentinde vah\u015fi ge\u00e7mi\u015fiyle y\u00fczle\u015fmek zorunda kalan Tetik\u00e7i\u2019nin se\u00e7im yapma zaman\u0131 yakla\u015f\u0131yor\u2026 <\/p>\n","protected":false},"excerpt":{"rendered":"<p>Jacamon&#8217;un \u00e7izimleri, Matz&#8217;\u0131n senaryosu ile son y\u0131llar\u0131n en iyi \u00e7izgi romanlar\u0131ndan \u201cTetik\u00e7i\u201d serisi 5. cilt ile sonlan\u0131yor. K\u00fcba, Arjantin, \u015eili\u2026 Kolombiyal\u0131 dostu Mariano\u2019nun \u00f6l\u00fcm\u00fcn\u00fcn ard\u0131ndan Tetik\u00e7i,<span class=\"excerpt-hellip\"> [\u2026]<\/span><\/p>\n","protected":false},"featured_media":0,"template":"","meta":{"_monsterinsights_skip_tracking":false,"_monsterinsights_sitenote_active":false,"_monsterinsights_sitenote_note":"","_monsterinsights_sitenote_category":0},"product_brand":[],"product_cat":[12689,12274],"product_tag":[],"class_list":{"0":"post-707993","1":"product","2":"type-product","3":"status-publish","5":"product_cat-cizgi-roman-cocuk-ve-genclik-kitaplari","6":"product_cat-cocuk-ve-genclik-kitaplari","7":"pa_cilt-ciltsiz","8":"pa_tur-kitap","9":"pa_yayinevi-yapi-kredi-yayinlari","10":"pa_yazar-luc-jacamon-matz","12":"first","13":"instock","14":"sale","15":"shipping-taxable","16":"purchasable","17":"product-type-simple"},"_links":{"self":[{"href":"https:\/\/roveyayinevi.com.tr\/index.php\/wp-json\/wp\/v2\/product\/707993","targetHints":{"allow":["GET"]}}],"collection":[{"href":"https:\/\/roveyayinevi.com.tr\/index.php\/wp-json\/wp\/v2\/product"}],"about":[{"href":"https:\/\/roveyayinevi.com.tr\/index.php\/wp-json\/wp\/v2\/types\/product"}],"wp:attachment":[{"href":"https:\/\/roveyayinevi.com.tr\/index.php\/wp-json\/wp\/v2\/media?parent=707993"}],"wp:term":[{"taxonomy":"product_brand","embeddable":true,"href":"https:\/\/roveyayinevi.com.tr\/index.php\/wp-json\/wp\/v2\/product_brand?post=707993"},{"taxonomy":"product_cat","embeddable":true,"href":"https:\/\/roveyayinevi.com.tr\/index.php\/wp-json\/wp\/v2\/product_cat?post=707993"},{"taxonomy":"product_tag","embeddable":true,"href":"https:\/\/roveyayinevi.com.tr\/index.php\/wp-json\/wp\/v2\/product_tag?post=707993"}],"curies":[{"name":"wp","href":"https:\/\/api.w.org\/{rel}","templated":true}]}}