{"id":707989,"date":"2025-08-27T16:10:47","date_gmt":"2025-08-27T13:10:47","guid":{"rendered":"https:\/\/roveyayinevi.com.tr\/index.php\/urun\/ve-degirmen-donerdi-lutfen-dokunmayin\/"},"modified":"2026-04-16T02:16:44","modified_gmt":"2026-04-15T23:16:44","slug":"ve-degirmen-donerdi-lutfen-dokunmayin","status":"publish","type":"product","link":"https:\/\/roveyayinevi.com.tr\/index.php\/urun\/ve-degirmen-donerdi-lutfen-dokunmayin\/","title":{"rendered":"Ve De\u011firmen D\u00f6nerdi \/ L\u00fctfen Dokunmay\u0131n"},"content":{"rendered":"<p>&#8230;Ve De\u011firmen D\u00f6nerdi Haldun Taner\u2019in \u00fc\u00e7\u00fcnc\u00fc oyunudur. \u00dc\u00e7 perde ve yedi tablodan olu\u015fan oyun ilk kez 1958\u2019de Devlet Tiyatrolar\u0131\u2019nca sahnelenmi\u015ftir.Ay\u015feg\u00fcl Y\u00fcksel\u2019in Haldun Taner Tiyatrosu kitab\u0131nda \u015f\u00f6yle diyor: \u201c&#8230;Ve De\u011firmen D\u00f6nerdi, toplumumuzda tutucu aile anlay\u0131\u015f\u0131 i\u00e7inde \u2018yoz\u2019 bir olgu olarak de\u011ferlendirilen \u2018sanat\u00e7\u0131l\u0131k\u2019la, sanat \u00e7evreleri taraf\u0131ndan \u2018tutuculuk\u2019 olarak de\u011ferlendirilen \u2018aile ba\u011flar\u0131\u2019 aras\u0131nda bir denge kurmaya \u00e7al\u0131\u015fan, bunu ba\u015faramad\u0131\u011f\u0131 i\u00e7in de ki\u015fili\u011fi yok olan bireyin \u00f6yk\u00fcd\u00fcr.\u201dL\u00fctfen Dokunmay\u0131n Haldun Taner\u2019in be\u015finci oyunudur. \u0130ki perdeden olu\u015fan oyun ilk kez 1961\u2019de \u0130stanbul Belediyesi \u015eehir Tiyatrolar\u0131\u2019nca sahnelenmi\u015ftir. Haldun Taner, bu oyunda Baltac\u0131-Katerina kar\u015f\u0131la\u015fmas\u0131n\u0131 tarihsel bir \u201cdedikodu\u201d boyutundan bir d\u00fc\u015f boyutuna \u00e7\u0131kar\u0131r. Ay\u015feg\u00fcl Y\u00fcksel\u2019in Haldun Taner Tiyatrosu kitab\u0131nda \u015f\u00f6yle diyor: \u201cTaner, L\u00fctfen Dokunmay\u0131n\u2019da ayn\u0131 izlek \u00e7evresinde iki y\u00f6nl\u00fc bir \u00e7al\u0131\u015fma ger\u00e7ekle\u015ftirmi\u015f, hem tarihsel bir ger\u00e7e\u011fi tart\u0131\u015fm\u0131\u015f, hem de bu tart\u0131\u015fma ba\u011flam\u0131nda oyunda yer alan her \u00fc\u00e7 ku\u015fa\u011f\u0131 da bar\u0131nd\u0131ran 1950\u2019ler T\u00fcrkiyesi\u2019ne \u2018g\u00fcncel toplum ele\u015ftirisi\u2019 getirmi\u015ftir.\u201d <\/p>\n","protected":false},"excerpt":{"rendered":"<p>&#8230;Ve De\u011firmen D\u00f6nerdi Haldun Taner\u2019in \u00fc\u00e7\u00fcnc\u00fc oyunudur. \u00dc\u00e7 perde ve yedi tablodan olu\u015fan oyun ilk kez 1958\u2019de Devlet Tiyatrolar\u0131\u2019nca sahnelenmi\u015ftir.Ay\u015feg\u00fcl Y\u00fcksel\u2019in Haldun Taner Tiyatrosu kitab\u0131nda \u015f\u00f6yle<span class=\"excerpt-hellip\"> [\u2026]<\/span><\/p>\n","protected":false},"featured_media":0,"template":"","meta":{"_monsterinsights_skip_tracking":false,"_monsterinsights_sitenote_active":false,"_monsterinsights_sitenote_note":"","_monsterinsights_sitenote_category":0},"product_brand":[],"product_cat":[12291,14272],"product_tag":[],"class_list":{"0":"post-707989","1":"product","2":"type-product","3":"status-publish","5":"product_cat-edebiyat","6":"product_cat-tiyatro","7":"pa_cilt-ciltsiz","8":"pa_tur-kitap","9":"pa_yayinevi-yapi-kredi-yayinlari","10":"pa_yazar-haldun-taner","12":"first","13":"instock","14":"sale","15":"shipping-taxable","16":"purchasable","17":"product-type-simple"},"_links":{"self":[{"href":"https:\/\/roveyayinevi.com.tr\/index.php\/wp-json\/wp\/v2\/product\/707989","targetHints":{"allow":["GET"]}}],"collection":[{"href":"https:\/\/roveyayinevi.com.tr\/index.php\/wp-json\/wp\/v2\/product"}],"about":[{"href":"https:\/\/roveyayinevi.com.tr\/index.php\/wp-json\/wp\/v2\/types\/product"}],"wp:attachment":[{"href":"https:\/\/roveyayinevi.com.tr\/index.php\/wp-json\/wp\/v2\/media?parent=707989"}],"wp:term":[{"taxonomy":"product_brand","embeddable":true,"href":"https:\/\/roveyayinevi.com.tr\/index.php\/wp-json\/wp\/v2\/product_brand?post=707989"},{"taxonomy":"product_cat","embeddable":true,"href":"https:\/\/roveyayinevi.com.tr\/index.php\/wp-json\/wp\/v2\/product_cat?post=707989"},{"taxonomy":"product_tag","embeddable":true,"href":"https:\/\/roveyayinevi.com.tr\/index.php\/wp-json\/wp\/v2\/product_tag?post=707989"}],"curies":[{"name":"wp","href":"https:\/\/api.w.org\/{rel}","templated":true}]}}