{"id":707988,"date":"2025-08-27T16:10:47","date_gmt":"2025-08-27T13:10:47","guid":{"rendered":"https:\/\/roveyayinevi.com.tr\/index.php\/urun\/devekusuna-mektuplar-1-once-insan\/"},"modified":"2026-04-16T02:16:44","modified_gmt":"2026-04-15T23:16:44","slug":"devekusuna-mektuplar-1-once-insan","status":"publish","type":"product","link":"https:\/\/roveyayinevi.com.tr\/index.php\/urun\/devekusuna-mektuplar-1-once-insan\/","title":{"rendered":"Deveku\u015funa Mektuplar &#8211; 1 \/ \u00d6nce \u0130nsan"},"content":{"rendered":"<p>Haldun Taner\u2019in ilk d\u00fczyaz\u0131 kitab\u0131 \u00d6nce \u0130nsan, 1957-1960 y\u0131llar\u0131 aras\u0131nda Terc\u00fcman gazetesinde Deveku\u015funa Mektuplar ba\u015fl\u0131\u011f\u0131 alt\u0131nda yay\u0131mlanm\u0131\u015f yaz\u0131lardan olu\u015fuyor. 1960\u2019ta Deveku\u015funa Mektuplar ad\u0131yla \u00e7\u0131kan kitaba \u00d6nce \u0130nsan ad\u0131 sonraki bask\u0131larda eklenmi\u015ftir.Taner kitab\u0131n ilk bask\u0131s\u0131na yazd\u0131\u011f\u0131 \u00f6ns\u00f6zde \u201cBu sat\u0131rlar\u0131n yazar\u0131, T\u00fcrkiye\u2019de her devirde, her iktidara kar\u015f\u0131 tarafs\u0131z bir ayd\u0131nlar denetlemesinden yana oldu&#8230; Uzun y\u00fczy\u0131llar k\u00fclt\u00fcr, d\u00fc\u015f\u00fcnce \u00f6zg\u00fcrl\u00fc\u011f\u00fc, ele\u015ftirme ve demokrasi gelene\u011finden yoksun kalm\u0131\u015f geri toplumlarda, ba\u015f\u0131bo\u015f b\u0131rak\u0131lm\u0131\u015f iktidar hevesinin ve dar parti tekelcili\u011finin insanlar\u0131 ne zorbal\u0131klara, ulusu ne \u00e7\u0131kmazlara g\u00f6t\u00fcrebilece\u011fini tarih bize bir kereden fazla g\u00f6sterdi.\u201d diyor. <\/p>\n","protected":false},"excerpt":{"rendered":"<p>Haldun Taner\u2019in ilk d\u00fczyaz\u0131 kitab\u0131 \u00d6nce \u0130nsan, 1957-1960 y\u0131llar\u0131 aras\u0131nda Terc\u00fcman gazetesinde Deveku\u015funa Mektuplar ba\u015fl\u0131\u011f\u0131 alt\u0131nda yay\u0131mlanm\u0131\u015f yaz\u0131lardan olu\u015fuyor. 1960\u2019ta Deveku\u015funa Mektuplar ad\u0131yla \u00e7\u0131kan kitaba \u00d6nce<span class=\"excerpt-hellip\"> [\u2026]<\/span><\/p>\n","protected":false},"featured_media":0,"template":"","meta":{"_monsterinsights_skip_tracking":false,"_monsterinsights_sitenote_active":false,"_monsterinsights_sitenote_note":"","_monsterinsights_sitenote_category":0},"product_brand":[],"product_cat":[12291,12292],"product_tag":[],"class_list":{"0":"post-707988","1":"product","2":"type-product","3":"status-publish","5":"product_cat-edebiyat","6":"product_cat-turk-edebiyati","7":"pa_cilt-ciltsiz","8":"pa_tur-kitap","9":"pa_yayinevi-yapi-kredi-yayinlari","10":"pa_yazar-haldun-taner","12":"first","13":"instock","14":"sale","15":"shipping-taxable","16":"purchasable","17":"product-type-simple"},"_links":{"self":[{"href":"https:\/\/roveyayinevi.com.tr\/index.php\/wp-json\/wp\/v2\/product\/707988","targetHints":{"allow":["GET"]}}],"collection":[{"href":"https:\/\/roveyayinevi.com.tr\/index.php\/wp-json\/wp\/v2\/product"}],"about":[{"href":"https:\/\/roveyayinevi.com.tr\/index.php\/wp-json\/wp\/v2\/types\/product"}],"wp:attachment":[{"href":"https:\/\/roveyayinevi.com.tr\/index.php\/wp-json\/wp\/v2\/media?parent=707988"}],"wp:term":[{"taxonomy":"product_brand","embeddable":true,"href":"https:\/\/roveyayinevi.com.tr\/index.php\/wp-json\/wp\/v2\/product_brand?post=707988"},{"taxonomy":"product_cat","embeddable":true,"href":"https:\/\/roveyayinevi.com.tr\/index.php\/wp-json\/wp\/v2\/product_cat?post=707988"},{"taxonomy":"product_tag","embeddable":true,"href":"https:\/\/roveyayinevi.com.tr\/index.php\/wp-json\/wp\/v2\/product_tag?post=707988"}],"curies":[{"name":"wp","href":"https:\/\/api.w.org\/{rel}","templated":true}]}}