{"id":707987,"date":"2025-08-27T16:10:46","date_gmt":"2025-08-27T13:10:46","guid":{"rendered":"https:\/\/roveyayinevi.com.tr\/index.php\/urun\/babamin-bavulu\/"},"modified":"2026-04-16T02:16:44","modified_gmt":"2026-04-15T23:16:44","slug":"babamin-bavulu","status":"publish","type":"product","link":"https:\/\/roveyayinevi.com.tr\/index.php\/urun\/babamin-bavulu\/","title":{"rendered":"Babam\u0131n Bavulu"},"content":{"rendered":"<p>\ufffc\u201cYa\u015fad\u0131\u011f\u0131 kent \u0130stanbul\u2019un h\u00fcz\u00fcnl\u00fc ruhunun izlerini s\u00fcrerken, k\u00fclt\u00fcrlerin birbiriyle \u00e7at\u0131\u015fmas\u0131 ve kayna\u015fmas\u0131n\u0131n yeni simgelerini buldu.\u201d2006 y\u0131l\u0131n\u0131n Aral\u0131k ay\u0131nda Nobel Edebiyat \u00d6d\u00fcl\u00fc\u2019n\u00fc al\u0131rken s\u00f6zlerine \u201c\u00d6l\u00fcm\u00fcnden iki y\u0131l \u00f6nce babam kendi yaz\u0131lar\u0131, elyazmalar\u0131 ve defterleriyle dolu k\u00fc\u00e7\u00fck bir bavul verdi bana.\u201d diye ba\u015flayan ve konu\u015fmas\u0131n\u0131 \u201cbug\u00fcn babam aram\u0131zda olsun \u00e7ok isterdim.\u201d c\u00fcmlesiyle tamamlayan Pamuk, \u201cBabam\u0131n Bavulu\u201d adl\u0131 Nobel tarihinin en i\u00e7ten ve en iyi haz\u0131rlanm\u0131\u015f konu\u015fmalar\u0131ndan biriyle t\u00fcm d\u00fcnyada b\u00fcy\u00fck yank\u0131 b\u0131rakm\u0131\u015ft\u0131.Babam\u0131n Bavulu\u2019nun 2007 \u015eubat\u2019\u0131ndaki ilk bask\u0131s\u0131, yazar\u0131n ayn\u0131 adl\u0131 Nobel konu\u015fmas\u0131n\u0131n yan\u0131s\u0131ra, 2005 y\u0131l\u0131nda Alman Yay\u0131nc\u0131lar veKitap\u00e7\u0131lar Birli\u011fi Bar\u0131\u015f \u00d6d\u00fcl\u00fc\u2019n\u00fc al\u0131rken yapt\u0131\u011f\u0131 \u201cKars\u2019ta ve Frankfurt\u2019ta\u201d konu\u015fmas\u0131yla, 2006 Nisan\u2019\u0131nda Oklahoma \u00dcniversitesi\u2019nde Puterbaugh \u00d6d\u00fcl\u00fc\u2019n\u00fc al\u0131rken yapt\u0131\u011f\u0131 \u201c\u0130ma Edilen Yazar\u201d konu\u015fmalar\u0131n\u0131 i\u00e7eriyordu.Bu yeni bas\u0131mda ise, Pamuk\u2019un 2012 y\u0131l\u0131nda Avrupa k\u00fclt\u00fcr\u00fcne katk\u0131 yapan yarat\u0131c\u0131lara verilen Sonning \u00d6d\u00fcl\u00fc\u2019n\u00fc (Danimarka) al\u0131rken yapt\u0131\u011f\u0131 \u201cAvrupa Fikri\u201d adl\u0131 konu\u015fmas\u0131 da yer al\u0131yor.Babam\u0131n Bavulu, Pamuk\u2019un d\u00fcnyas\u0131na ve yazarl\u0131\u011f\u0131na ad\u0131m atman\u0131n en \u00f6zl\u00fc k\u0131lavuzu&#8230;\u201cPamuk, roman sanat\u0131n\u0131 biz Bat\u0131l\u0131lar\u0131n elinden ald\u0131 ve bamba\u015fka bir\u015fey haline getirdi.\u201d<\/p>\n","protected":false},"excerpt":{"rendered":"<p>\ufffc\u201cYa\u015fad\u0131\u011f\u0131 kent \u0130stanbul\u2019un h\u00fcz\u00fcnl\u00fc ruhunun izlerini s\u00fcrerken, k\u00fclt\u00fcrlerin birbiriyle \u00e7at\u0131\u015fmas\u0131 ve kayna\u015fmas\u0131n\u0131n yeni simgelerini buldu.\u201d2006 y\u0131l\u0131n\u0131n Aral\u0131k ay\u0131nda Nobel Edebiyat \u00d6d\u00fcl\u00fc\u2019n\u00fc al\u0131rken s\u00f6zlerine \u201c\u00d6l\u00fcm\u00fcnden iki y\u0131l<span class=\"excerpt-hellip\"> [\u2026]<\/span><\/p>\n","protected":false},"featured_media":0,"template":"","meta":{"_monsterinsights_skip_tracking":false,"_monsterinsights_sitenote_active":false,"_monsterinsights_sitenote_note":"","_monsterinsights_sitenote_category":0},"product_brand":[],"product_cat":[12291,12292],"product_tag":[],"class_list":{"0":"post-707987","1":"product","2":"type-product","3":"status-publish","5":"product_cat-edebiyat","6":"product_cat-turk-edebiyati","7":"pa_cilt-ciltsiz","8":"pa_tur-kitap","9":"pa_yayinevi-yapi-kredi-yayinlari","10":"pa_yazar-orhan-pamuk","12":"first","13":"instock","14":"sale","15":"shipping-taxable","16":"purchasable","17":"product-type-simple"},"_links":{"self":[{"href":"https:\/\/roveyayinevi.com.tr\/index.php\/wp-json\/wp\/v2\/product\/707987","targetHints":{"allow":["GET"]}}],"collection":[{"href":"https:\/\/roveyayinevi.com.tr\/index.php\/wp-json\/wp\/v2\/product"}],"about":[{"href":"https:\/\/roveyayinevi.com.tr\/index.php\/wp-json\/wp\/v2\/types\/product"}],"wp:attachment":[{"href":"https:\/\/roveyayinevi.com.tr\/index.php\/wp-json\/wp\/v2\/media?parent=707987"}],"wp:term":[{"taxonomy":"product_brand","embeddable":true,"href":"https:\/\/roveyayinevi.com.tr\/index.php\/wp-json\/wp\/v2\/product_brand?post=707987"},{"taxonomy":"product_cat","embeddable":true,"href":"https:\/\/roveyayinevi.com.tr\/index.php\/wp-json\/wp\/v2\/product_cat?post=707987"},{"taxonomy":"product_tag","embeddable":true,"href":"https:\/\/roveyayinevi.com.tr\/index.php\/wp-json\/wp\/v2\/product_tag?post=707987"}],"curies":[{"name":"wp","href":"https:\/\/api.w.org\/{rel}","templated":true}]}}