{"id":707986,"date":"2025-08-27T16:10:46","date_gmt":"2025-08-27T13:10:46","guid":{"rendered":"https:\/\/roveyayinevi.com.tr\/index.php\/urun\/harry-potter-ve-sirlar-odasi-2-resimli-ozel-baski-ciltli\/"},"modified":"2026-04-16T02:16:44","modified_gmt":"2026-04-15T23:16:44","slug":"harry-potter-ve-sirlar-odasi-2-resimli-ozel-baski-ciltli","status":"publish","type":"product","link":"https:\/\/roveyayinevi.com.tr\/index.php\/urun\/harry-potter-ve-sirlar-odasi-2-resimli-ozel-baski-ciltli\/","title":{"rendered":"Harry Potter ve S\u0131rlar Odas\u0131 \u2013 2 (Resimli \u00d6zel Bask\u0131 &#8211; Ciltli)"},"content":{"rendered":"<p>S\u0131rlar Odas\u0131 A\u00e7\u0131ld\u0131. Varisin D\u00fc\u015fmanlar\u0131, Kendinizi Kollay\u0131n.K\u00fc\u00e7\u00fck sefil ev cini Dobby, Privet Drive\u2019da bir anda ortaya \u00e7\u0131k\u0131p Harry Potter\u2019\u0131n Hogwarts\u2019a kesinlikle geri d\u00f6nmemesi i\u00e7in \u0131srar edince Harry, bunun ard\u0131nda ezeli d\u00fc\u015fman\u0131 Draco Malfoy\u2019un olabilece\u011finden \u015f\u00fcphelenir. Ron Weasley\u2019nin korkun\u00e7 Dursley\u2019lerden kurtard\u0131\u011f\u0131 sihirli bir u\u00e7an arabayla Harry, yaz\u0131n kalan g\u00fcnlerini Kovuk\u2019ta ge\u00e7irir. Weasley\u2019lerle ya\u015fam dikkat da\u011f\u0131t\u0131c\u0131 bir s\u00fcr\u00fc sihirli \u015feyle doludur, Harry k\u0131sa s\u00fcrede Dobby\u2019nin \u00e7\u0131lg\u0131n uyar\u0131lar\u0131n\u0131 unutur. Ama okulda karanl\u0131k bir koridorda Dobby\u2019nin korkun\u00e7 \u015feyler olaca\u011f\u0131na dair \u00f6ng\u00f6r\u00fclerini yineleyen korkun\u00e7 bir mesaj bulunur&#8230;J.K. Rowling\u2019in klasikle\u015fen serisinin ikinci kitab\u0131n\u0131n bu resimli \u00f6zel bask\u0131s\u0131nda, Kate Greenaway Madalyas\u0131 sahibi Jim Kay, b\u00fcy\u00fcc\u00fcler d\u00fcnyas\u0131n\u0131 b\u00fcy\u00fcl\u00fc ayr\u0131nt\u0131larla canland\u0131r\u0131yor&#8230; Hem hayranlar hem de yeni okurlar i\u00e7in m\u00fckemmel.<\/p>\n","protected":false},"excerpt":{"rendered":"<p>S\u0131rlar Odas\u0131 A\u00e7\u0131ld\u0131. Varisin D\u00fc\u015fmanlar\u0131, Kendinizi Kollay\u0131n.K\u00fc\u00e7\u00fck sefil ev cini Dobby, Privet Drive\u2019da bir anda ortaya \u00e7\u0131k\u0131p Harry Potter\u2019\u0131n Hogwarts\u2019a kesinlikle geri d\u00f6nmemesi i\u00e7in \u0131srar edince<span class=\"excerpt-hellip\"> [\u2026]<\/span><\/p>\n","protected":false},"featured_media":0,"template":"","meta":{"_monsterinsights_skip_tracking":false,"_monsterinsights_sitenote_active":false,"_monsterinsights_sitenote_note":"","_monsterinsights_sitenote_category":0},"product_brand":[],"product_cat":[12291,12711],"product_tag":[],"class_list":{"0":"post-707986","1":"product","2":"type-product","3":"status-publish","5":"product_cat-edebiyat","6":"product_cat-roman-oyku","7":"pa_cilt-ciltli","8":"pa_tur-kitap","9":"pa_yayinevi-yapi-kredi-yayinlari-kultur","10":"pa_yazar-j-k-rowling","12":"first","13":"instock","14":"sale","15":"shipping-taxable","16":"purchasable","17":"product-type-simple"},"_links":{"self":[{"href":"https:\/\/roveyayinevi.com.tr\/index.php\/wp-json\/wp\/v2\/product\/707986","targetHints":{"allow":["GET"]}}],"collection":[{"href":"https:\/\/roveyayinevi.com.tr\/index.php\/wp-json\/wp\/v2\/product"}],"about":[{"href":"https:\/\/roveyayinevi.com.tr\/index.php\/wp-json\/wp\/v2\/types\/product"}],"wp:attachment":[{"href":"https:\/\/roveyayinevi.com.tr\/index.php\/wp-json\/wp\/v2\/media?parent=707986"}],"wp:term":[{"taxonomy":"product_brand","embeddable":true,"href":"https:\/\/roveyayinevi.com.tr\/index.php\/wp-json\/wp\/v2\/product_brand?post=707986"},{"taxonomy":"product_cat","embeddable":true,"href":"https:\/\/roveyayinevi.com.tr\/index.php\/wp-json\/wp\/v2\/product_cat?post=707986"},{"taxonomy":"product_tag","embeddable":true,"href":"https:\/\/roveyayinevi.com.tr\/index.php\/wp-json\/wp\/v2\/product_tag?post=707986"}],"curies":[{"name":"wp","href":"https:\/\/api.w.org\/{rel}","templated":true}]}}