{"id":707985,"date":"2025-08-27T16:10:45","date_gmt":"2025-08-27T13:10:45","guid":{"rendered":"https:\/\/roveyayinevi.com.tr\/index.php\/urun\/yasam-pratikleriyle-donusen-oyun\/"},"modified":"2026-01-29T02:30:04","modified_gmt":"2026-01-28T23:30:04","slug":"yasam-pratikleriyle-donusen-oyun","status":"publish","type":"product","link":"https:\/\/roveyayinevi.com.tr\/index.php\/urun\/yasam-pratikleriyle-donusen-oyun\/","title":{"rendered":"Ya\u015fam Pratikleriyle D\u00f6n\u00fc\u015fen Oyun"},"content":{"rendered":"<p>Bireyin i\u00e7inde bulundu\u011fu toplum ve k\u00fclt\u00fcrel yap\u0131 \u00e7er\u00e7evesinde s\u00fcrd\u00fc\u011f\u00fc ya\u015fam\u0131 \u00f6\u011frenme ve d\u00f6n\u00fc\u015ft\u00fcrme \u00e7abas\u0131n\u0131n en temel arac\u0131 olan oyunun topluma entegrasyon ve ya\u015fam stratejisi geli\u015ftirme ba\u011flam\u0131nda rol\u00fc yads\u0131namaz. Tarih boyunca oyun, t\u00fcm toplumlarda insanlar\u0131n bir aradal\u0131\u011f\u0131n\u0131n, g\u00fc\u00e7-strateji ili\u015fkiselli\u011finin bir g\u00f6stergesi ve arac\u0131 olagelmi\u015ftir. Oyun e\u015fli\u011finde birey \u00e7e\u015fitli kurall\u0131 davran\u0131\u015flar geli\u015ftirmekte, \u00e7evresini ve \u00e7evresindekileri kontrol etme, d\u00fczenleme ve y\u00f6nlendirme eylemselli\u011fine b\u00fcr\u00fcnmektedir. Bu ba\u011flamda, y\u0131llar i\u00e7erisinde d\u00f6n\u00fc\u015fen oyun, hem ge\u00e7mi\u015fin izlerini s\u00fcrmede hem de g\u00fcn\u00fcm\u00fcz ya\u015fam pratiklerini \u00e7\u00f6z\u00fcmlemede ipu\u00e7lar\u0131 sunmaktad\u0131r. G\u00fcn\u00fcm\u00fcze gelinceye de\u011fin de\u011fi\u015fen ve d\u00f6n\u00fc\u015fen oyun olgusunun u\u011frak noktalar\u0131na bak\u0131ld\u0131\u011f\u0131nda k\u00fclt\u00fcrel, ekonomi-politik, siyasi, sosyolojik ve psikolojik bir\u00e7ok boyutu ile ele al\u0131nmas\u0131n\u0131n \u00f6nemi a\u00e7\u0131\u011fa \u00e7\u0131kmaktad\u0131r. Birey, toplumsal ya\u015fam\u0131n i\u015fleyi\u015fini d\u00fczenlerken e\u011fitsel s\u00fcre\u00e7ler kadar bo\u015f zaman ve e\u011flence pratiklerinden de yararlanmaktad\u0131r. <\/p>\n","protected":false},"excerpt":{"rendered":"<p>Bireyin i\u00e7inde bulundu\u011fu toplum ve k\u00fclt\u00fcrel yap\u0131 \u00e7er\u00e7evesinde s\u00fcrd\u00fc\u011f\u00fc ya\u015fam\u0131 \u00f6\u011frenme ve d\u00f6n\u00fc\u015ft\u00fcrme \u00e7abas\u0131n\u0131n en temel arac\u0131 olan oyunun topluma entegrasyon ve ya\u015fam stratejisi geli\u015ftirme ba\u011flam\u0131nda<span class=\"excerpt-hellip\"> [\u2026]<\/span><\/p>\n","protected":false},"featured_media":0,"template":"","meta":{"_monsterinsights_skip_tracking":false,"_monsterinsights_sitenote_active":false,"_monsterinsights_sitenote_note":"","_monsterinsights_sitenote_category":0},"product_brand":[],"product_cat":[15983,13488],"product_tag":[],"class_list":{"0":"post-707985","1":"product","2":"type-product","3":"status-publish","5":"product_cat-iletisim-ve-medya","6":"product_cat-toplum-ve-insan","7":"pa_cilt-ciltsiz","8":"pa_tur-kitap","9":"pa_yayinevi-utopya-yayinevi","10":"pa_yazar-derya-ocal","12":"first","13":"instock","14":"sale","15":"shipping-taxable","16":"purchasable","17":"product-type-simple"},"_links":{"self":[{"href":"https:\/\/roveyayinevi.com.tr\/index.php\/wp-json\/wp\/v2\/product\/707985","targetHints":{"allow":["GET"]}}],"collection":[{"href":"https:\/\/roveyayinevi.com.tr\/index.php\/wp-json\/wp\/v2\/product"}],"about":[{"href":"https:\/\/roveyayinevi.com.tr\/index.php\/wp-json\/wp\/v2\/types\/product"}],"wp:attachment":[{"href":"https:\/\/roveyayinevi.com.tr\/index.php\/wp-json\/wp\/v2\/media?parent=707985"}],"wp:term":[{"taxonomy":"product_brand","embeddable":true,"href":"https:\/\/roveyayinevi.com.tr\/index.php\/wp-json\/wp\/v2\/product_brand?post=707985"},{"taxonomy":"product_cat","embeddable":true,"href":"https:\/\/roveyayinevi.com.tr\/index.php\/wp-json\/wp\/v2\/product_cat?post=707985"},{"taxonomy":"product_tag","embeddable":true,"href":"https:\/\/roveyayinevi.com.tr\/index.php\/wp-json\/wp\/v2\/product_tag?post=707985"}],"curies":[{"name":"wp","href":"https:\/\/api.w.org\/{rel}","templated":true}]}}