{"id":707984,"date":"2025-08-27T16:10:45","date_gmt":"2025-08-27T13:10:45","guid":{"rendered":"https:\/\/roveyayinevi.com.tr\/index.php\/urun\/halkla-iliskilerin-kurmaca-dunyasi-ve-hakikatin-direnisi\/"},"modified":"2026-01-29T02:30:04","modified_gmt":"2026-01-28T23:30:04","slug":"halkla-iliskilerin-kurmaca-dunyasi-ve-hakikatin-direnisi","status":"publish","type":"product","link":"https:\/\/roveyayinevi.com.tr\/index.php\/urun\/halkla-iliskilerin-kurmaca-dunyasi-ve-hakikatin-direnisi\/","title":{"rendered":"Halkla \u0130li\u015fkilerin Kurmaca D\u00fcnyas\u0131 ve Hakikatin Direni\u015fi"},"content":{"rendered":"<p>Ya\u015fad\u0131\u011f\u0131m\u0131z d\u00fcnya halkla ili\u015fkiler taraf\u0131ndan kurgulanm\u0131\u015f olabilir mi?\u0130leti\u015fim olanaklar\u0131n\u0131n bu denli artt\u0131\u011f\u0131 bir ortamda hakikate ula\u015fmak neden bu kadar zorla\u015ft\u0131?\u0130leti\u015fim ara\u00e7lar\u0131yla bize dayat\u0131lan hakikatlerin sahipleri kim? Halkla ili\u015fkilerin buradaki rol\u00fc ne?G\u00fc\u00e7l\u00fc olan\u0131n hakl\u0131 oldu\u011fu bir d\u00fcnyaya kar\u015f\u0131 sivil itiraz hakk\u0131m\u0131z\u0131 nas\u0131l kullanabiliriz?Hakikatin direni\u015fi i\u00e7in muhalif halkla ili\u015fkilere neden daha \u00e7ok ihtiyac\u0131m\u0131z var?Bu kitap benzeri sorularla halkla ili\u015fkilerin kurmaca d\u00fcnyas\u0131n\u0131 sorguluyor; ya\u015fanabilir bir d\u00fcnya umudunu taze tutmak i\u00e7in yeni yan\u0131tlar ar\u0131yor. <\/p>\n","protected":false},"excerpt":{"rendered":"<p>Ya\u015fad\u0131\u011f\u0131m\u0131z d\u00fcnya halkla ili\u015fkiler taraf\u0131ndan kurgulanm\u0131\u015f olabilir mi?\u0130leti\u015fim olanaklar\u0131n\u0131n bu denli artt\u0131\u011f\u0131 bir ortamda hakikate ula\u015fmak neden bu kadar zorla\u015ft\u0131?\u0130leti\u015fim ara\u00e7lar\u0131yla bize dayat\u0131lan hakikatlerin sahipleri kim?<span class=\"excerpt-hellip\"> [\u2026]<\/span><\/p>\n","protected":false},"featured_media":0,"template":"","meta":{"_monsterinsights_skip_tracking":false,"_monsterinsights_sitenote_active":false,"_monsterinsights_sitenote_note":"","_monsterinsights_sitenote_category":0},"product_brand":[],"product_cat":[22061,13488],"product_tag":[],"class_list":{"0":"post-707984","1":"product","2":"type-product","3":"status-publish","5":"product_cat-sosyal-medya-ve-iletisim","6":"product_cat-toplum-ve-insan","7":"pa_cilt-ciltsiz","8":"pa_tur-kitap","9":"pa_yayinevi-utopya-yayinevi","10":"pa_yazar-ilker-c-bicakci","12":"first","13":"instock","14":"sale","15":"shipping-taxable","16":"purchasable","17":"product-type-simple"},"_links":{"self":[{"href":"https:\/\/roveyayinevi.com.tr\/index.php\/wp-json\/wp\/v2\/product\/707984","targetHints":{"allow":["GET"]}}],"collection":[{"href":"https:\/\/roveyayinevi.com.tr\/index.php\/wp-json\/wp\/v2\/product"}],"about":[{"href":"https:\/\/roveyayinevi.com.tr\/index.php\/wp-json\/wp\/v2\/types\/product"}],"wp:attachment":[{"href":"https:\/\/roveyayinevi.com.tr\/index.php\/wp-json\/wp\/v2\/media?parent=707984"}],"wp:term":[{"taxonomy":"product_brand","embeddable":true,"href":"https:\/\/roveyayinevi.com.tr\/index.php\/wp-json\/wp\/v2\/product_brand?post=707984"},{"taxonomy":"product_cat","embeddable":true,"href":"https:\/\/roveyayinevi.com.tr\/index.php\/wp-json\/wp\/v2\/product_cat?post=707984"},{"taxonomy":"product_tag","embeddable":true,"href":"https:\/\/roveyayinevi.com.tr\/index.php\/wp-json\/wp\/v2\/product_tag?post=707984"}],"curies":[{"name":"wp","href":"https:\/\/api.w.org\/{rel}","templated":true}]}}