{"id":707981,"date":"2025-08-27T16:10:44","date_gmt":"2025-08-27T13:10:44","guid":{"rendered":"https:\/\/roveyayinevi.com.tr\/index.php\/urun\/fransada-sinif-mucadeleleri-1848-1850\/"},"modified":"2026-04-16T02:16:44","modified_gmt":"2026-04-15T23:16:44","slug":"fransada-sinif-mucadeleleri-1848-1850","status":"publish","type":"product","link":"https:\/\/roveyayinevi.com.tr\/index.php\/urun\/fransada-sinif-mucadeleleri-1848-1850\/","title":{"rendered":"Fransa\u2019da S\u0131n\u0131f M\u00fccadeleleri 1848 -1850"},"content":{"rendered":"<p>\u201cDevrimci ilerleme, kendi yolunu, dolays\u0131z trajikomik ba\u015far\u0131lar\u0131yla de\u011fil, tam tersine birle\u015fik, g\u00fc\u00e7l\u00fc bir kar\u015f\u0131-devrim yaratarak, bir d\u00fc\u015fman yaratarak a\u00e7t\u0131; y\u0131k\u0131c\u0131 parti, ancak bu d\u00fc\u015fmanla m\u00fccadele i\u00e7inde olgunla\u015farak ger\u00e7ek bir devrimci partiye d\u00f6n\u00fc\u015febildi.\u201dFransa\u2019daki 1848 \u015eubat Devriminde, i\u015f\u00e7i s\u0131n\u0131f\u0131, siyaset sahnesine ilk kez ayr\u0131 bir s\u0131n\u0131f olarak \u00e7\u0131km\u0131\u015f, cumhuriyetin ilan edilmesini sa\u011flam\u0131\u015f ve bu cumhuriyetin \u201csosyal\u201d bir cumhuriyet olmas\u0131 i\u00e7in m\u00fccadele etmi\u015fti. Egemen s\u0131n\u0131flar\u0131n kar\u015f\u0131l\u0131\u011f\u0131, i\u015f\u00e7i s\u0131n\u0131f\u0131n\u0131 erken bir ayaklanmaya zorlayarak, ayn\u0131 y\u0131l\u0131n Haziran ay\u0131nda bir katliam ger\u00e7ekle\u015ftirmek oldu. \u201cBurjuva cumhuriyeti\u201dnin ger\u00e7ekte \u201cburjuva diktat\u00f6rl\u00fc\u011f\u00fc\u201dnden ba\u015fka bir \u015fey olamayaca\u011f\u0131 g\u00f6r\u00fcld\u00fc.Karl Marx, Frans\u0131z \u00dc\u00e7lemesi\u2019ni olu\u015fturan eserlerinden ilki olan Fransa\u2019da S\u0131n\u0131f M\u00fccadeleleri\u2019nde, i\u015f\u00e7i s\u0131n\u0131f\u0131n\u0131n kapitalist d\u00fczen ve onun siyasal kurumlar\u0131 hakk\u0131ndaki yan\u0131lsamalar\u0131n\u0131 \u00e7\u00f6z\u00fcmlerken, yenilgilerden \u00e7\u0131kar\u0131lmas\u0131 gereken dersleri tarif ediyor.Engels\u2019in 1895 tarihli kapsaml\u0131 Giri\u015f yaz\u0131s\u0131 ise, Almanya\u2019daki sosyal demokrat parti y\u00f6neticilerinin o d\u00f6nemdeki dayatmalar\u0131 nedeniyle istemeden \u00e7\u0131kard\u0131\u011f\u0131 pasajlar\u0131 da i\u00e7eren eksiksiz h\u00e2liyle kitapta yer al\u0131yor. <\/p>\n","protected":false},"excerpt":{"rendered":"<p>\u201cDevrimci ilerleme, kendi yolunu, dolays\u0131z trajikomik ba\u015far\u0131lar\u0131yla de\u011fil, tam tersine birle\u015fik, g\u00fc\u00e7l\u00fc bir kar\u015f\u0131-devrim yaratarak, bir d\u00fc\u015fman yaratarak a\u00e7t\u0131; y\u0131k\u0131c\u0131 parti, ancak bu d\u00fc\u015fmanla m\u00fccadele i\u00e7inde<span class=\"excerpt-hellip\"> [\u2026]<\/span><\/p>\n","protected":false},"featured_media":0,"template":"","meta":{"_monsterinsights_skip_tracking":false,"_monsterinsights_sitenote_active":false,"_monsterinsights_sitenote_note":"","_monsterinsights_sitenote_category":0},"product_brand":[],"product_cat":[12338,12337],"product_tag":[],"class_list":{"0":"post-707981","1":"product","2":"type-product","3":"status-publish","5":"product_cat-dunya-siyaseti-ve-politikasi","6":"product_cat-politika-siyaset","7":"pa_cilt-ciltsiz","8":"pa_tur-kitap","9":"pa_yayinevi-yordam-kitap","10":"pa_yazar-karl-marx","12":"first","13":"instock","14":"sale","15":"shipping-taxable","16":"purchasable","17":"product-type-simple"},"_links":{"self":[{"href":"https:\/\/roveyayinevi.com.tr\/index.php\/wp-json\/wp\/v2\/product\/707981","targetHints":{"allow":["GET"]}}],"collection":[{"href":"https:\/\/roveyayinevi.com.tr\/index.php\/wp-json\/wp\/v2\/product"}],"about":[{"href":"https:\/\/roveyayinevi.com.tr\/index.php\/wp-json\/wp\/v2\/types\/product"}],"wp:attachment":[{"href":"https:\/\/roveyayinevi.com.tr\/index.php\/wp-json\/wp\/v2\/media?parent=707981"}],"wp:term":[{"taxonomy":"product_brand","embeddable":true,"href":"https:\/\/roveyayinevi.com.tr\/index.php\/wp-json\/wp\/v2\/product_brand?post=707981"},{"taxonomy":"product_cat","embeddable":true,"href":"https:\/\/roveyayinevi.com.tr\/index.php\/wp-json\/wp\/v2\/product_cat?post=707981"},{"taxonomy":"product_tag","embeddable":true,"href":"https:\/\/roveyayinevi.com.tr\/index.php\/wp-json\/wp\/v2\/product_tag?post=707981"}],"curies":[{"name":"wp","href":"https:\/\/api.w.org\/{rel}","templated":true}]}}