{"id":707980,"date":"2025-08-27T16:10:43","date_gmt":"2025-08-27T13:10:43","guid":{"rendered":"https:\/\/roveyayinevi.com.tr\/index.php\/urun\/kurtcugun-hayvan-bilmeceleri\/"},"modified":"2026-04-16T02:16:44","modified_gmt":"2026-04-15T23:16:44","slug":"kurtcugun-hayvan-bilmeceleri","status":"publish","type":"product","link":"https:\/\/roveyayinevi.com.tr\/index.php\/urun\/kurtcugun-hayvan-bilmeceleri\/","title":{"rendered":"Kurt\u00e7u\u011fun Hayvan Bilmeceleri"},"content":{"rendered":"<p>Kurt\u00e7uk oyun oynamay\u0131 \u00e7ok seviyor.Ona e\u015flik etmek ister misin?Oyuncu ki\u015fili\u011fiyle dikkat \u00e7eken, bilmeceler e\u015fli\u011finde k\u0131l\u0131ktan k\u0131l\u0131\u011fa b\u00fcr\u00fcnen sar\u0131 elma kurdu sizleri ne\u015feli bir g\u00f6steriye davet ediyor!Kimmi\u015f o dalda durup elde durmayan? Peki, a\u011f\u0131r a\u011f\u0131r yol al\u0131p y\u00fck\u00fc \u00fcst\u00fcne bol alan? Ya da elde kayan suda parlayan? Sorular havada u\u00e7u\u015fuyor, her biri e\u011flenceli bir bilmeceye d\u00f6n\u00fc\u015f\u00fcyor. Elma i\u00e7indeki sar\u0131 kurt, okurlar\u0131 \u015fa\u015f\u0131rtmaktan vazge\u00e7miyor.Say\u0131s\u0131z \u00f6d\u00fcl\u00fcn yan\u0131 s\u0131ra 2015 y\u0131l\u0131nda, \u00c7ocuk ve Gen\u00e7lik Yay\u0131nlar\u0131 Derne\u011fi taraf\u0131ndan Alma (Astrid Lindgren Memorial Award) \u00d6d\u00fcl\u00fc&#8217;ne aday g\u00f6sterilen \u00e7ok y\u00f6nl\u00fc sanat\u00e7\u0131 Can G\u00f6knil&#8217;in haz\u0131rlad\u0131\u011f\u0131 bu zamans\u0131z kitap, bilmece gelene\u011fimizi \u00e7ocuklara aktararak dilimizin zenginli\u011fine vurgu yap\u0131yor.K\u00fc\u00e7\u00fck \u00e7ocuklar\u0131n d\u00fc\u015f\u00fcnme becerileri \u00fczerine yap\u0131c\u0131 etkileri bulunan Kurt\u00e7u\u011fun Hayvan Bilmeceleri, T\u00fcrkiye\u2019nin uluslararas\u0131 sanat\u00e7\u0131lar\u0131ndan Can G\u00f6knil&#8217;in karakteristik desenleriyle bezeli s\u00fcrprizli bir okuma deneyimi sunuyor.O zaman sahne \u015fimdi k\u00fc\u00e7\u00fck Kurt\u00e7u\u011fun!<\/p>\n","protected":false},"excerpt":{"rendered":"<p>Kurt\u00e7uk oyun oynamay\u0131 \u00e7ok seviyor.Ona e\u015flik etmek ister misin?Oyuncu ki\u015fili\u011fiyle dikkat \u00e7eken, bilmeceler e\u015fli\u011finde k\u0131l\u0131ktan k\u0131l\u0131\u011fa b\u00fcr\u00fcnen sar\u0131 elma kurdu sizleri ne\u015feli bir g\u00f6steriye davet ediyor!Kimmi\u015f<span class=\"excerpt-hellip\"> [\u2026]<\/span><\/p>\n","protected":false},"featured_media":0,"template":"","meta":{"_monsterinsights_skip_tracking":false,"_monsterinsights_sitenote_active":false,"_monsterinsights_sitenote_note":"","_monsterinsights_sitenote_category":0},"product_brand":[],"product_cat":[12492,12274],"product_tag":[],"class_list":{"0":"post-707980","1":"product","2":"type-product","3":"status-publish","5":"product_cat-bilmece-bulmaca","6":"product_cat-cocuk-ve-genclik-kitaplari","7":"pa_cilt-ciltsiz","8":"pa_tur-kitap","9":"pa_yayinevi-ucanbalik-yayincilik","10":"pa_yazar-can-goknil","12":"first","13":"instock","14":"sale","15":"shipping-taxable","16":"purchasable","17":"product-type-simple"},"_links":{"self":[{"href":"https:\/\/roveyayinevi.com.tr\/index.php\/wp-json\/wp\/v2\/product\/707980","targetHints":{"allow":["GET"]}}],"collection":[{"href":"https:\/\/roveyayinevi.com.tr\/index.php\/wp-json\/wp\/v2\/product"}],"about":[{"href":"https:\/\/roveyayinevi.com.tr\/index.php\/wp-json\/wp\/v2\/types\/product"}],"wp:attachment":[{"href":"https:\/\/roveyayinevi.com.tr\/index.php\/wp-json\/wp\/v2\/media?parent=707980"}],"wp:term":[{"taxonomy":"product_brand","embeddable":true,"href":"https:\/\/roveyayinevi.com.tr\/index.php\/wp-json\/wp\/v2\/product_brand?post=707980"},{"taxonomy":"product_cat","embeddable":true,"href":"https:\/\/roveyayinevi.com.tr\/index.php\/wp-json\/wp\/v2\/product_cat?post=707980"},{"taxonomy":"product_tag","embeddable":true,"href":"https:\/\/roveyayinevi.com.tr\/index.php\/wp-json\/wp\/v2\/product_tag?post=707980"}],"curies":[{"name":"wp","href":"https:\/\/api.w.org\/{rel}","templated":true}]}}