{"id":707977,"date":"2025-08-27T16:10:42","date_gmt":"2025-08-27T13:10:42","guid":{"rendered":"https:\/\/roveyayinevi.com.tr\/index.php\/urun\/feodalizmden-kapitalizme-osmanlidan-turkiyeye\/"},"modified":"2026-04-16T02:16:44","modified_gmt":"2026-04-15T23:16:44","slug":"feodalizmden-kapitalizme-osmanlidan-turkiyeye","status":"publish","type":"product","link":"https:\/\/roveyayinevi.com.tr\/index.php\/urun\/feodalizmden-kapitalizme-osmanlidan-turkiyeye\/","title":{"rendered":"Feodalizmden Kapitalizme Osmanl\u0131&#8217;dan T\u00fcrkiye&#8217;ye"},"content":{"rendered":"<p>Bu \u00e7al\u0131\u015fmada Sencer Divit\u00e7io\u011flu\u2019nun Osmanl\u0131 toplumunu Asya \u00fcretim tarz\u0131 (A\u00dcT) \u00e7er\u00e7evesinde bir modele yerle\u015ftirmesine sistematik bir yan\u0131t olu\u015fturulmaktad\u0131r. Osmanl\u0131 toplumunu kendine \u00f6zg\u00fc (sui generis) olarak tan\u0131mlayan ve feodal \u00fcretim tarz\u0131n\u0131n h\u00e2kimiyetini reddederken istemeden A\u00dcT tezlerini savunanlara dolayl\u0131 destek veren \u00f6nemli iktisat tarih\u00e7imiz \u00d6mer L\u00fctf\u00fc Barkan\u2019\u0131n g\u00f6r\u00fc\u015fleri de ele\u015ftiri kapsam\u0131na al\u0131nmaktad\u0131r. Barkan \u00fczerinden bir anlamda partik\u00fclarizm\/kendine \u00f6zg\u00fcc\u00fcl\u00fck sarmal\u0131na hapsolmu\u015f b\u00fct\u00fcn Osmanl\u0131 tarih\u00e7ilerine de dolayl\u0131 bir ele\u015ftiri y\u00f6neltilmi\u015f olmaktad\u0131r.\u00c7al\u0131\u015fman\u0131n bir di\u011fer tart\u0131\u015fmas\u0131, Osmanl\u0131 ekonomik ve sosyal sisteminin \u00e7\u00f6z\u00fclmesi ve d\u00f6n\u00fc\u015fmesinin \u201ckendili\u011finden\u201d kapitalizme evrilme olanaklar\u0131n\u0131n yap\u0131sal s\u0131n\u0131rlar\u0131 \u00fczerinedir. Bir sanayi devriminin s\u00fcr\u00fckleyici ve d\u00f6n\u00fc\u015ft\u00fcr\u00fcc\u00fc etkisinden yoksun olan ve dolay\u0131s\u0131yla bu devrim taraf\u0131ndan belirlenen d\u0131\u015f dinamiklerin belirleyici etkisine fazlaca a\u00e7\u0131k olan bir yar\u0131-ba\u011f\u0131ml\u0131 \u00e7evre ekonomisinde, bozulmu\u015f feodal ili\u015fkilerin kapitalist ili\u015fkilere evrilmesi Osmanl\u0131 d\u00f6neminde ger\u00e7ekle\u015fememi\u015f ve bu sorun t\u00fcm hibrit \u00f6zellikleriyle 20. y\u00fczy\u0131l ortam\u0131na ve Cumhuriyet d\u00f6nemine ta\u015f\u0131nm\u0131\u015ft\u0131r.Bu kitab\u0131n iddias\u0131, 1970\u2019lerde yo\u011funla\u015fan Osmanl\u0131\u2019da h\u00e2kim \u00fcretim tarz\u0131 tart\u0131\u015fmalar\u0131n\u0131 gene 1970\u2019lerden gelerek zenginle\u015ftirmek ve bir anlamda eksik halkay\u0131 tamamlamakt\u0131r. Buna karar verecek olan ku\u015fkusuz okuyucunun kendisi olacakt\u0131r. <\/p>\n","protected":false},"excerpt":{"rendered":"<p>Bu \u00e7al\u0131\u015fmada Sencer Divit\u00e7io\u011flu\u2019nun Osmanl\u0131 toplumunu Asya \u00fcretim tarz\u0131 (A\u00dcT) \u00e7er\u00e7evesinde bir modele yerle\u015ftirmesine sistematik bir yan\u0131t olu\u015fturulmaktad\u0131r. Osmanl\u0131 toplumunu kendine \u00f6zg\u00fc (sui generis) olarak tan\u0131mlayan<span class=\"excerpt-hellip\"> [\u2026]<\/span><\/p>\n","protected":false},"featured_media":0,"template":"","meta":{"_monsterinsights_skip_tracking":false,"_monsterinsights_sitenote_active":false,"_monsterinsights_sitenote_note":"","_monsterinsights_sitenote_category":0},"product_brand":[],"product_cat":[12304,13650],"product_tag":[],"class_list":{"0":"post-707977","1":"product","2":"type-product","3":"status-publish","5":"product_cat-tarih","6":"product_cat-turk-tarihi-arastirmalari","7":"pa_cilt-ciltsiz","8":"pa_tur-kitap","9":"pa_yayinevi-yordam-kitap","10":"pa_yazar-oguz-oyan","12":"first","13":"instock","14":"sale","15":"shipping-taxable","16":"purchasable","17":"product-type-simple"},"_links":{"self":[{"href":"https:\/\/roveyayinevi.com.tr\/index.php\/wp-json\/wp\/v2\/product\/707977","targetHints":{"allow":["GET"]}}],"collection":[{"href":"https:\/\/roveyayinevi.com.tr\/index.php\/wp-json\/wp\/v2\/product"}],"about":[{"href":"https:\/\/roveyayinevi.com.tr\/index.php\/wp-json\/wp\/v2\/types\/product"}],"wp:attachment":[{"href":"https:\/\/roveyayinevi.com.tr\/index.php\/wp-json\/wp\/v2\/media?parent=707977"}],"wp:term":[{"taxonomy":"product_brand","embeddable":true,"href":"https:\/\/roveyayinevi.com.tr\/index.php\/wp-json\/wp\/v2\/product_brand?post=707977"},{"taxonomy":"product_cat","embeddable":true,"href":"https:\/\/roveyayinevi.com.tr\/index.php\/wp-json\/wp\/v2\/product_cat?post=707977"},{"taxonomy":"product_tag","embeddable":true,"href":"https:\/\/roveyayinevi.com.tr\/index.php\/wp-json\/wp\/v2\/product_tag?post=707977"}],"curies":[{"name":"wp","href":"https:\/\/api.w.org\/{rel}","templated":true}]}}