{"id":707975,"date":"2025-08-27T16:10:41","date_gmt":"2025-08-27T13:10:41","guid":{"rendered":"https:\/\/roveyayinevi.com.tr\/index.php\/urun\/osmanlidan-gunumuze-turkiyede-siyasal-hayat\/"},"modified":"2026-04-16T02:16:44","modified_gmt":"2026-04-15T23:16:44","slug":"osmanlidan-gunumuze-turkiyede-siyasal-hayat","status":"publish","type":"product","link":"https:\/\/roveyayinevi.com.tr\/index.php\/urun\/osmanlidan-gunumuze-turkiyede-siyasal-hayat\/","title":{"rendered":"Osmanl\u0131\u2019dan G\u00fcn\u00fcm\u00fcze T\u00fcrkiye\u2019de Siyasal Hayat"},"content":{"rendered":"<p>Osmanl\u0131\u2019dan G\u00fcn\u00fcm\u00fcze T\u00fcrkiye\u2019de Siyasal Hayat\u2019\u0131 kendi kulvar\u0131ndaki \u00f6teki kitaplardan ay\u0131ran ba\u015fl\u0131ca \u00f6zellik, \u201csiyasal hayat\u201d\u0131 kavray\u0131\u015f bi\u00e7iminde yat\u0131yor. Siyasal hayat\u0131, d\u00fcnya-tarihsel ba\u011flam\u0131 i\u00e7ine yerle\u015ftirerek, iktisadi ko\u015fullar ve k\u00fclt\u00fcr hayat\u0131yla ili\u015fkilendirerek ele alan kitap, bunlar\u0131n t\u00fcm\u00fcn\u00fcn gerisindeki dinami\u011fin toplumsal s\u0131n\u0131flar aras\u0131ndaki ili\u015fkiler ve \u00e7eli\u015fkiler oldu\u011funu g\u00f6zetiyor. T\u00fcrkiye siyasal ve toplumsal tarihinin \u00f6nemli d\u00f6neme\u00e7lerine g\u00f6re ayr\u0131lan her bir b\u00f6l\u00fcm kendi i\u00e7erisinde d\u00f6rt a\u015famal\u0131 bir izle\u011fi takip ediyor: iktisadi ve toplumsal ko\u015fullar, siyasal geli\u015fmeler, d\u00fcnyayla ili\u015fkiler ve k\u00fclt\u00fcr hayat\u0131nda e\u011filimler. Bu izlek, T\u00fcrkiye siyasi tarihinin olgu ve olaylar\u0131ndaki ayr\u0131nt\u0131 zenginli\u011fini belirli bir teorik perspektif ve analizle yerli yerine oturtmay\u0131, ili\u015fkilendirmeyi ve soyutlamay\u0131 m\u00fcmk\u00fcn k\u0131l\u0131yor. Her bir d\u00f6nemin \u00f6zelliklerini yans\u0131tan portreler, \u00e7er\u00e7eve yaz\u0131lar, belgeler ve foto\u011fraflar da kitab\u0131n anlat\u0131m\u0131n\u0131 zenginle\u015ftiriyor.\u201cBu muhte\u015fem \u00e7al\u0131\u015fmaya katk\u0131da bulunan gen\u00e7 tarih\u00e7ilere, sosyal bilimcilere sonsuz te\u015fekk\u00fcrler&#8230;\u201dProf. Dr. Korkut Boratav\u201cHegel\u2019e g\u00f6re, ger\u00e7eklik bir b\u00fct\u00fcnl\u00fckt\u00fcr. Marx\u2019a g\u00f6re de, ya\u015fam ancak b\u00fct\u00fcnl\u00fc\u011f\u00fc i\u00e7inde kavranabilir. T\u00fcrk\u00e7esi, \u201cpar\u00e7a ancak par\u00e7as\u0131 oldu\u011fu b\u00fct\u00fcnl\u00fck i\u00e7inde anlam kazan\u0131r\u201d. \u00d6n\u00fcn\u00fczdeki kitap, Osmanl\u0131 \u0130mparatorlu\u011fu\u2019nun kurulu\u015fundan ba\u015flay\u0131p g\u00fcn\u00fcm\u00fcze uzanan b\u00fcy\u00fck s\u00fcreci i\u015fte bu anlay\u0131\u015fla g\u00f6zler \u00f6n\u00fcne seriyor. Bu bir tarih \u00e7al\u0131\u015fmas\u0131, ama basit bir siyasal tarih, iktisadi tarih ya da k\u00fclt\u00fcr tarihi de\u011fil. B\u00fct\u00fcnl\u00fck\u00e7\u00fc bir kayg\u0131yla kaleme al\u0131nm\u0131\u015f bir \u201cya\u015fam tarihi\u201d. B\u00fcy\u00fck de\u011feri buradan kaynaklan\u0131yor.\u201dProf. Dr. Cem Ero\u011ful <\/p>\n","protected":false},"excerpt":{"rendered":"<p>Osmanl\u0131\u2019dan G\u00fcn\u00fcm\u00fcze T\u00fcrkiye\u2019de Siyasal Hayat\u2019\u0131 kendi kulvar\u0131ndaki \u00f6teki kitaplardan ay\u0131ran ba\u015fl\u0131ca \u00f6zellik, \u201csiyasal hayat\u201d\u0131 kavray\u0131\u015f bi\u00e7iminde yat\u0131yor. Siyasal hayat\u0131, d\u00fcnya-tarihsel ba\u011flam\u0131 i\u00e7ine yerle\u015ftirerek, iktisadi ko\u015fullar ve<span class=\"excerpt-hellip\"> [\u2026]<\/span><\/p>\n","protected":false},"featured_media":0,"template":"","meta":{"_monsterinsights_skip_tracking":false,"_monsterinsights_sitenote_active":false,"_monsterinsights_sitenote_note":"","_monsterinsights_sitenote_category":0},"product_brand":[],"product_cat":[13590,12337],"product_tag":[],"class_list":{"0":"post-707975","1":"product","2":"type-product","3":"status-publish","5":"product_cat-arastirma-inceleme-politika-siyaset","6":"product_cat-politika-siyaset","7":"pa_cilt-ciltsiz","8":"pa_tur-kitap","9":"pa_yayinevi-yordam-kitap","10":"pa_yazar-gokhan-atilgan","12":"first","13":"instock","14":"sale","15":"shipping-taxable","16":"purchasable","17":"product-type-simple"},"_links":{"self":[{"href":"https:\/\/roveyayinevi.com.tr\/index.php\/wp-json\/wp\/v2\/product\/707975","targetHints":{"allow":["GET"]}}],"collection":[{"href":"https:\/\/roveyayinevi.com.tr\/index.php\/wp-json\/wp\/v2\/product"}],"about":[{"href":"https:\/\/roveyayinevi.com.tr\/index.php\/wp-json\/wp\/v2\/types\/product"}],"wp:attachment":[{"href":"https:\/\/roveyayinevi.com.tr\/index.php\/wp-json\/wp\/v2\/media?parent=707975"}],"wp:term":[{"taxonomy":"product_brand","embeddable":true,"href":"https:\/\/roveyayinevi.com.tr\/index.php\/wp-json\/wp\/v2\/product_brand?post=707975"},{"taxonomy":"product_cat","embeddable":true,"href":"https:\/\/roveyayinevi.com.tr\/index.php\/wp-json\/wp\/v2\/product_cat?post=707975"},{"taxonomy":"product_tag","embeddable":true,"href":"https:\/\/roveyayinevi.com.tr\/index.php\/wp-json\/wp\/v2\/product_tag?post=707975"}],"curies":[{"name":"wp","href":"https:\/\/api.w.org\/{rel}","templated":true}]}}